{"id":15965,"date":"2025-11-01T15:37:58","date_gmt":"2025-11-01T20:37:58","guid":{"rendered":"https:\/\/www.lavenderink.org\/site\/?page_id=15965"},"modified":"2026-03-11T17:43:22","modified_gmt":"2026-03-11T22:43:22","slug":"about","status":"publish","type":"page","link":"https:\/\/www.lavenderink.org\/site\/about\/","title":{"rendered":"About Lavender Ink \/ Di\u00e1logos\u00a0"},"content":{"rendered":"<h3>Our Privacy Policy<\/h3>\n<p>We don\u2019t share any of your information with anyone, ever.<\/p>\n<h3>Our Return Policy<\/h3>\n<p>No returns except exchanges for defective products.<\/p>\n<hr \/>\n<h3>Lavender Ink and Di\u00e1logos<\/h3>\n<p>Lavender Ink was founded in 1995 in New Orleans by Bill Lavender, who is still the Director and Editor in Chief. The Press is a sole-proprietorship funded solely by revenues from book sales and some small grants and funding initiatives for individual books. Prior to 2012 the press published only poetry, but is now publishing fiction and nonfiction also. Di\u00e1logos is the official business name (registered as a sole proprietorship in Louisiana); Lavender Ink and Di\u00e1logos are the two imprints published by Di\u00e1logos. Most Lavender Ink titles are American poetry, fiction, or nonfiction. The Di\u00e1logos imprint is devoted to literatures which have cross-cultural significance, primarily but not exclusively literature in translation.<\/p>\n<p>Our mission is change the world through poetry, as most of the fiction we publish could rightly be called poetic. We believe that great literature both chronicles the age and influences the future, and we also believe that it is inherently valuable to read and study the literatures of nations, languages and cultures other than one\u2019s own, as well as forward-looking and socially engaged work from one\u2019s own home town. Thus we publish poets from New Orleans but also California and New York, and we have published poetry and fiction in translation from more than twenty nations in Latin America, Europe, and Africa. We hope that the eclectic nature of our collection inspires dialogue, both literal and textual, across borders of all kinds.<\/p>\n<p>Associate Editor Sean F. Munro works on acquisitions, editorial development, and international publishing partnerships. His work at the press includes identifying and developing new manuscripts, coordinating editorial and translation processes, assisting with rights negotiations and contracts with international publishers, and overseeing aspects of book design, production, and marketing strategy.<\/p>\n<h3>Sales and Distribution<\/h3>\n<p>Individual buyers should simply shop this web site; direct sales represent our best margin and thus are a great help to us. We also deal directly with bookstores and libraries via this site; if you represent a retailer or a library, or are a faculty member considering assigning a book, please email <a href=\"mailto:orders@lavenderink.org\">orders@lavenderink.org<\/a> and we will send you a coupon code which will give you your trade discount.<\/p>\n<p>Formerly distributed by Small Press Distribution, we were affected by SPD\u2019s dissolution in early 2024, which lost us hundreds of books and thousands of dollars. We are now distributed to the trade by\u00a0<a href=\"https:\/\/asterismbooks.com\/\" target=\"_blank\" rel=\"noopener\">Asterism<\/a> and, for certain titles at least, Ingram.<\/p>\n<h3>Submissions<\/h3>\n<p>We accept submissions during open submission periods. The current period closes February 1, 2026, and reopen June 1, 2026.<\/p>\n<p>We are interested in any work of literary merit in any genre, including anthologies or collections, during our open reading periods. Submitters are encouraged, in fact admonished, to study our list before submitting.<\/p>\n<p>The two imprints emphasize the following:<\/p>\n<blockquote>\n<p><strong>Lavender Ink:<\/strong>\u00a0Contemporary Poetry, Fiction and other genres in English.<\/p>\n<p><strong>Di\u00e1logos:<\/strong>\u00a0Works of international or cross-cultural significance, including works in translation and\/or any work which engages multiple cultures.<\/p>\n<\/blockquote>\n<div>While our two imprints represent different categories of publications, you need not concern yourself with which imprint you are submitting to.<\/div>\n<div>\u00a0<\/div>\n<div>To submit a manuscript, please visit our <a href=\"https:\/\/duotrope.com\/duosuma\/submit\/lavender-ink-dialogos-cg7Jj\">Duotrope submission page<\/a>. Note that the current submission period will close February 1, 2026, and reopen June 1, 2026.<\/div>\n<div><a href=\"https:\/\/duotrope.com\/duosuma\/submit\/lavender-ink-dialogos-cg7Jj\" target=\"_top\"><img decoding=\"async\" style=\"border: 1px solid lightgray;\" title=\"Submit through Duosuma\" src=\"https:\/\/cdn.duotrope.com\/linkto\/duosuma-submit-button-white@2x.png\" alt=\"Submit through Duosuma\" width=\"180\" height=\"60\" \/><\/a><\/div>\n<hr \/>\n<p>&nbsp;<\/p>\n<p>For more information, please feel free to email editors@lavenderink.org<\/p>\n","protected":false},"excerpt":{"rendered":"<p>Our Privacy Policy We don\u2019t share any of your information with anyone, ever. Our Return Policy No returns except exchanges for defective products. Lavender Ink and Di\u00e1logos Lavender Ink was founded in 1995 in New Orleans by Bill Lavender, who is still the Director and Editor in Chief. The Press is a sole-proprietorship funded solely [&hellip;]<\/p>\n","protected":false},"author":2,"featured_media":0,"parent":0,"menu_order":0,"comment_status":"closed","ping_status":"closed","template":"","meta":{"jetpack_post_was_ever_published":false,"footnotes":""},"class_list":["post-15965","page","type-page","status-publish","hentry"],"yoast_head":"<!-- This site is optimized with the Yoast SEO plugin v27.0 - https:\/\/yoast.com\/product\/yoast-seo-wordpress\/ -->\n<title>Lavender Ink \/ Di\u00e1logos - Information and Submissions<\/title>\n<meta name=\"description\" content=\"Our mission is change the world through poetry, as most of the fiction we publish could rightly be called poetic. We believe that great literature both chronicles the age and influences the future, and we also believe that it is inherently valuable to read and study the literatures of nations, languages and cultures other than one\u2019s own, as well as forward-looking and socially engaged work from one\u2019s own home town.\" \/>\n<meta name=\"robots\" content=\"index, follow, max-snippet:-1, max-image-preview:large, max-video-preview:-1\" \/>\n<link rel=\"canonical\" href=\"https:\/\/www.lavenderink.org\/site\/about\/\" \/>\n<meta property=\"og:locale\" content=\"en_US\" \/>\n<meta property=\"og:type\" content=\"article\" \/>\n<meta property=\"og:title\" content=\"Lavender Ink \/ Di\u00e1logos - Information and Submissions\" \/>\n<meta property=\"og:description\" content=\"Our mission is change the world through poetry, as most of the fiction we publish could rightly be called poetic. We believe that great literature both chronicles the age and influences the future, and we also believe that it is inherently valuable to read and study the literatures of nations, languages and cultures other than one\u2019s own, as well as forward-looking and socially engaged work from one\u2019s own home town.\" \/>\n<meta property=\"og:url\" content=\"https:\/\/www.lavenderink.org\/site\/about\/\" \/>\n<meta property=\"og:site_name\" content=\"Lavender Ink \/ Di\u00e1logos\" \/>\n<meta property=\"article:publisher\" content=\"https:\/\/www.facebook.com\/lavenderinkdialogos\/\" \/>\n<meta property=\"article:modified_time\" content=\"2026-03-11T22:43:22+00:00\" \/>\n<meta property=\"og:image\" content=\"https:\/\/cdn.duotrope.com\/linkto\/duosuma-submit-button-white@2x.png\" \/>\n<meta name=\"twitter:card\" content=\"summary_large_image\" \/>\n<meta name=\"twitter:site\" content=\"@lavender_ink_pr\" \/>\n<meta name=\"twitter:label1\" content=\"Est. reading time\" \/>\n\t<meta name=\"twitter:data1\" content=\"3 minutes\" \/>\n<script type=\"application\/ld+json\" class=\"yoast-schema-graph\">{\"@context\":\"https:\/\/schema.org\",\"@graph\":[{\"@type\":\"WebPage\",\"@id\":\"https:\/\/www.lavenderink.org\/site\/about\/\",\"url\":\"https:\/\/www.lavenderink.org\/site\/about\/\",\"name\":\"Lavender Ink \/ Di\u00e1logos - Information and Submissions\",\"isPartOf\":{\"@id\":\"https:\/\/www.lavenderink.org\/site\/#website\"},\"primaryImageOfPage\":{\"@id\":\"https:\/\/www.lavenderink.org\/site\/about\/#primaryimage\"},\"image\":{\"@id\":\"https:\/\/www.lavenderink.org\/site\/about\/#primaryimage\"},\"thumbnailUrl\":\"https:\/\/cdn.duotrope.com\/linkto\/duosuma-submit-button-white@2x.png\",\"datePublished\":\"2025-11-01T20:37:58+00:00\",\"dateModified\":\"2026-03-11T22:43:22+00:00\",\"description\":\"Our mission is change the world through poetry, as most of the fiction we publish could rightly be called poetic. We believe that great literature both chronicles the age and influences the future, and we also believe that it is inherently valuable to read and study the literatures of nations, languages and cultures other than one\u2019s own, as well as forward-looking and socially engaged work from one\u2019s own home town.\",\"breadcrumb\":{\"@id\":\"https:\/\/www.lavenderink.org\/site\/about\/#breadcrumb\"},\"inLanguage\":\"en-US\",\"potentialAction\":[{\"@type\":\"ReadAction\",\"target\":[\"https:\/\/www.lavenderink.org\/site\/about\/\"]}]},{\"@type\":\"ImageObject\",\"inLanguage\":\"en-US\",\"@id\":\"https:\/\/www.lavenderink.org\/site\/about\/#primaryimage\",\"url\":\"https:\/\/cdn.duotrope.com\/linkto\/duosuma-submit-button-white@2x.png\",\"contentUrl\":\"https:\/\/cdn.duotrope.com\/linkto\/duosuma-submit-button-white@2x.png\"},{\"@type\":\"BreadcrumbList\",\"@id\":\"https:\/\/www.lavenderink.org\/site\/about\/#breadcrumb\",\"itemListElement\":[{\"@type\":\"ListItem\",\"position\":1,\"name\":\"Home\",\"item\":\"https:\/\/www.lavenderink.org\/site\/\"},{\"@type\":\"ListItem\",\"position\":2,\"name\":\"About Lavender Ink \/ Di\u00e1logos\u00a0\"}]},{\"@type\":\"WebSite\",\"@id\":\"https:\/\/www.lavenderink.org\/site\/#website\",\"url\":\"https:\/\/www.lavenderink.org\/site\/\",\"name\":\"Lavender Ink \/ Di\u00e1logos\",\"description\":\"Publisher of Contemporary Poetry and Literary Prose\",\"publisher\":{\"@id\":\"https:\/\/www.lavenderink.org\/site\/#organization\"},\"potentialAction\":[{\"@type\":\"SearchAction\",\"target\":{\"@type\":\"EntryPoint\",\"urlTemplate\":\"https:\/\/www.lavenderink.org\/site\/?s={search_term_string}\"},\"query-input\":{\"@type\":\"PropertyValueSpecification\",\"valueRequired\":true,\"valueName\":\"search_term_string\"}}],\"inLanguage\":\"en-US\"},{\"@type\":\"Organization\",\"@id\":\"https:\/\/www.lavenderink.org\/site\/#organization\",\"name\":\"Lavender Ink \/ Di\u00e1logos\",\"url\":\"https:\/\/www.lavenderink.org\/site\/\",\"logo\":{\"@type\":\"ImageObject\",\"inLanguage\":\"en-US\",\"@id\":\"https:\/\/www.lavenderink.org\/site\/#\/schema\/logo\/image\/\",\"url\":\"https:\/\/www.lavenderink.org\/site\/wp-content\/uploads\/2018\/01\/cityscape-800.jpg\",\"contentUrl\":\"https:\/\/www.lavenderink.org\/site\/wp-content\/uploads\/2018\/01\/cityscape-800.jpg\",\"width\":800,\"height\":183,\"caption\":\"Lavender Ink \/ Di\u00e1logos\"},\"image\":{\"@id\":\"https:\/\/www.lavenderink.org\/site\/#\/schema\/logo\/image\/\"},\"sameAs\":[\"https:\/\/www.facebook.com\/lavenderinkdialogos\/\",\"https:\/\/x.com\/lavender_ink_pr\"]}]}<\/script>\n<!-- \/ Yoast SEO plugin. -->","yoast_head_json":{"title":"Lavender Ink \/ Di\u00e1logos - Information and Submissions","description":"Our mission is change the world through poetry, as most of the fiction we publish could rightly be called poetic. We believe that great literature both chronicles the age and influences the future, and we also believe that it is inherently valuable to read and study the literatures of nations, languages and cultures other than one\u2019s own, as well as forward-looking and socially engaged work from one\u2019s own home town.","robots":{"index":"index","follow":"follow","max-snippet":"max-snippet:-1","max-image-preview":"max-image-preview:large","max-video-preview":"max-video-preview:-1"},"canonical":"https:\/\/www.lavenderink.org\/site\/about\/","og_locale":"en_US","og_type":"article","og_title":"Lavender Ink \/ Di\u00e1logos - Information and Submissions","og_description":"Our mission is change the world through poetry, as most of the fiction we publish could rightly be called poetic. We believe that great literature both chronicles the age and influences the future, and we also believe that it is inherently valuable to read and study the literatures of nations, languages and cultures other than one\u2019s own, as well as forward-looking and socially engaged work from one\u2019s own home town.","og_url":"https:\/\/www.lavenderink.org\/site\/about\/","og_site_name":"Lavender Ink \/ Di\u00e1logos","article_publisher":"https:\/\/www.facebook.com\/lavenderinkdialogos\/","article_modified_time":"2026-03-11T22:43:22+00:00","og_image":[{"url":"https:\/\/cdn.duotrope.com\/linkto\/duosuma-submit-button-white@2x.png","type":"","width":"","height":""}],"twitter_card":"summary_large_image","twitter_site":"@lavender_ink_pr","twitter_misc":{"Est. reading time":"3 minutes"},"schema":{"@context":"https:\/\/schema.org","@graph":[{"@type":"WebPage","@id":"https:\/\/www.lavenderink.org\/site\/about\/","url":"https:\/\/www.lavenderink.org\/site\/about\/","name":"Lavender Ink \/ Di\u00e1logos - Information and Submissions","isPartOf":{"@id":"https:\/\/www.lavenderink.org\/site\/#website"},"primaryImageOfPage":{"@id":"https:\/\/www.lavenderink.org\/site\/about\/#primaryimage"},"image":{"@id":"https:\/\/www.lavenderink.org\/site\/about\/#primaryimage"},"thumbnailUrl":"https:\/\/cdn.duotrope.com\/linkto\/duosuma-submit-button-white@2x.png","datePublished":"2025-11-01T20:37:58+00:00","dateModified":"2026-03-11T22:43:22+00:00","description":"Our mission is change the world through poetry, as most of the fiction we publish could rightly be called poetic. We believe that great literature both chronicles the age and influences the future, and we also believe that it is inherently valuable to read and study the literatures of nations, languages and cultures other than one\u2019s own, as well as forward-looking and socially engaged work from one\u2019s own home town.","breadcrumb":{"@id":"https:\/\/www.lavenderink.org\/site\/about\/#breadcrumb"},"inLanguage":"en-US","potentialAction":[{"@type":"ReadAction","target":["https:\/\/www.lavenderink.org\/site\/about\/"]}]},{"@type":"ImageObject","inLanguage":"en-US","@id":"https:\/\/www.lavenderink.org\/site\/about\/#primaryimage","url":"https:\/\/cdn.duotrope.com\/linkto\/duosuma-submit-button-white@2x.png","contentUrl":"https:\/\/cdn.duotrope.com\/linkto\/duosuma-submit-button-white@2x.png"},{"@type":"BreadcrumbList","@id":"https:\/\/www.lavenderink.org\/site\/about\/#breadcrumb","itemListElement":[{"@type":"ListItem","position":1,"name":"Home","item":"https:\/\/www.lavenderink.org\/site\/"},{"@type":"ListItem","position":2,"name":"About Lavender Ink \/ Di\u00e1logos\u00a0"}]},{"@type":"WebSite","@id":"https:\/\/www.lavenderink.org\/site\/#website","url":"https:\/\/www.lavenderink.org\/site\/","name":"Lavender Ink \/ Di\u00e1logos","description":"Publisher of Contemporary Poetry and Literary Prose","publisher":{"@id":"https:\/\/www.lavenderink.org\/site\/#organization"},"potentialAction":[{"@type":"SearchAction","target":{"@type":"EntryPoint","urlTemplate":"https:\/\/www.lavenderink.org\/site\/?s={search_term_string}"},"query-input":{"@type":"PropertyValueSpecification","valueRequired":true,"valueName":"search_term_string"}}],"inLanguage":"en-US"},{"@type":"Organization","@id":"https:\/\/www.lavenderink.org\/site\/#organization","name":"Lavender Ink \/ Di\u00e1logos","url":"https:\/\/www.lavenderink.org\/site\/","logo":{"@type":"ImageObject","inLanguage":"en-US","@id":"https:\/\/www.lavenderink.org\/site\/#\/schema\/logo\/image\/","url":"https:\/\/www.lavenderink.org\/site\/wp-content\/uploads\/2018\/01\/cityscape-800.jpg","contentUrl":"https:\/\/www.lavenderink.org\/site\/wp-content\/uploads\/2018\/01\/cityscape-800.jpg","width":800,"height":183,"caption":"Lavender Ink \/ Di\u00e1logos"},"image":{"@id":"https:\/\/www.lavenderink.org\/site\/#\/schema\/logo\/image\/"},"sameAs":["https:\/\/www.facebook.com\/lavenderinkdialogos\/","https:\/\/x.com\/lavender_ink_pr"]}]}},"jetpack_likes_enabled":false,"jetpack_sharing_enabled":true,"_links":{"self":[{"href":"https:\/\/www.lavenderink.org\/site\/wp-json\/wp\/v2\/pages\/15965","targetHints":{"allow":["GET"]}}],"collection":[{"href":"https:\/\/www.lavenderink.org\/site\/wp-json\/wp\/v2\/pages"}],"about":[{"href":"https:\/\/www.lavenderink.org\/site\/wp-json\/wp\/v2\/types\/page"}],"author":[{"embeddable":true,"href":"https:\/\/www.lavenderink.org\/site\/wp-json\/wp\/v2\/users\/2"}],"replies":[{"embeddable":true,"href":"https:\/\/www.lavenderink.org\/site\/wp-json\/wp\/v2\/comments?post=15965"}],"version-history":[{"count":12,"href":"https:\/\/www.lavenderink.org\/site\/wp-json\/wp\/v2\/pages\/15965\/revisions"}],"predecessor-version":[{"id":16203,"href":"https:\/\/www.lavenderink.org\/site\/wp-json\/wp\/v2\/pages\/15965\/revisions\/16203"}],"wp:attachment":[{"href":"https:\/\/www.lavenderink.org\/site\/wp-json\/wp\/v2\/media?parent=15965"}],"curies":[{"name":"wp","href":"https:\/\/api.w.org\/{rel}","templated":true}]}}