{"id":14060,"date":"2023-08-21T16:59:01","date_gmt":"2023-08-21T21:59:01","guid":{"rendered":"https:\/\/www.lavenderink.org\/site\/?post_type=product&#038;p=14060"},"modified":"2024-06-02T17:24:45","modified_gmt":"2024-06-02T22:24:45","slug":"yellow-otherwise","status":"publish","type":"product","link":"https:\/\/www.lavenderink.org\/site\/shop\/yellow-otherwise\/","title":{"rendered":"Yellow Otherwise"},"content":{"rendered":"<h1><a href=\"https:\/\/www.lavenderink.org\/site\/books\/nicolas-pesques\">Nicolas Pesqu\u00e8s<\/a><\/h1>\n<h2>Translated by <a href=\"https:\/\/www.lavenderink.org\/site\/books\/lee-posna\">Lee Posna<\/a><\/h2>\n<h3>Yellow Otherwise<\/h3>\n<p>(The North Face of Juliau, 17)<\/p>\n<p>ISBN:978-1-956921-20-5<span class=\"s1\">\u00a0<\/span>(paperback) 978-1-956921-23-6 (case bound, limited)<\/p>\n<p>March 16, 2024<br \/>\nCase bound limited edition available while supply lasts.<\/p>\n<hr \/>\n<p>&nbsp;<\/p>\n<p>&nbsp;<\/p>\n<p>In <em>Yellow Otherwise<\/em>, the first translation of a complete volume (the seventeenth) of <em>The North Face of Juliau<\/em>, we revisit Pesqu\u00e8s at work nearly a decade after Cole Swensen\u2019s last engagement. Nothing and everything has happened in the intervening pages. The work of seriality involves an inexhaustible distillation; it\u2019s a process that progresses toward itself, produces the processual. <em>La Face Nord<\/em> proceeds by dated entries, dates along a lifeline, the seriality of life itself. The signature of this seventeenth volume is Pesqu\u00e8s&#8217;s procedural intertextuality, the ambivalent dialogue he conducts with citation throughout the text. As he writes in the \u201cApr\u00e8s Coup\u201d (which appears at the start), quotations act as coordinates or landmarks by which he navigates his navigation: they \u201cpoint-mount the hill to the page; their filters are hoisted and saluted\u201d. So too are quotations \u201cbanderillas stuck into writing, which excite and inflame it\u201d; and again, the words of others (poets, artists, theorists) constitute a kind of violent embrace to be resisted: \u201cBreaking free from the quotation\u2019s strongarm, overthrowing its acuity, its clairvoyance. Writing to escape being swallowed whole\u201d.<\/p>\n<p>&nbsp;<\/p>\n<p>Juliau\u00a0is an\u00a0<em>aventure<\/em> embarked upon over forty years ago that will comprise nineteen volumes in total, the last scheduled from Flammarion in February, 2024. Cole Swensen paved the anglophone road to Pesqu\u00e8s\u2019s infinite mountain, translating hundreds of pages of <em>La Face Nord<\/em> collected across three volumes published between 2007-16. In <em>Juliology<\/em> (Counterpath, 2008), Juliau\u2019s perennial protagonists\u2013hill, sentence, (English) broom, (its errant, intense) yellow\u2013emerge, as ever, in lines that evoke the continuous phenomena of a \u201csentence that\u2026raises the hill\u201d, a \u201cwealth of twist and flex\/in headstrong yellow\u201d\u2013\u201da hyper-ripe yellow propagating from yes to yes\u201d. In \u201cclipped, enigmatic phrases\u201d like these, Swensen writes in 2011\u2019s <em>Noise That Stays Noise<\/em>, Pesqu\u00e8s \u201cexplores the intricate and innumerable connections between man and world\u201d. Memory, oblivion, death, night, presence, color, composition, expression, Blanchotian abyss and otherwise, the intransigence of language and world, our impossible and ardent negotiations between them\u2013these are Pesqu\u00e8s\u2019s themes, gathered around a mountain, as C\u00e8zanne\u2019s vision is gathered around Mont Sainte-Victoire. Indeed, Pesques, a prolific art writer, is a keen student of the Provencal master. He inaugurates the adventure of <i>Juliau<\/i>, begun a lifetime ago, with the subtitle,\u00a0<em>Tombeau de C\u00e9zanne.<\/em><\/p>\n<p>&nbsp;<\/p>\n<h4>About the Author<\/h4>\n<p>Nicolas Pesqu\u00e8s was born in France in 1946, and has been publishing poetry since 1971. Besides the Juliau series, which has appeared in several editions from Andr\u00e9 Dimanche Editeur and, more recently, Flammarion, books include <em>Trois po\u00e8mes (Three Poems)<\/em>\u00a0from Edition du Limon, 1995, and several works of literary and art criticism, including books on the work of visual artists Gilles Aillaud, Anne Deguelle, Jan Voss, and Aur\u00e9lie Nemours, and on the poet Jacques Dupin. He divides his time between Paris and the Ard\u00e8che.<\/p>\n<p>&nbsp;<\/p>\n<h4>About the Translator<\/h4>\n<p>Lee Posna is the author of <i>Arboretum<\/i> (Head &amp; the Hand, 2016) and translator of S\u00e9bastien Smirou\u2019s<i> A Time for Embracing<\/i> (Compound, 2023). He coedits the Winter Anthology and is a candidate at the Institute of Contemporary Psychotherapy in NYC.<\/p>\n<hr \/>\n<h3 class=\"p1\">From the Introduction to <em>Physis<\/em> (Parlor Press), by Cole Swensen<\/h3>\n<p class=\"p1\">\u2026 Juliau is a mountain in the Ard\u00e8che in the south of France, and Pesqu\u00e8s\u2019 window looks out on its north face.\u00a0He started writing this series about twenty-five years ago with\u00a0the expressed intent of doing in words what C\u00e9zanne did with\u00a0Mount St. Victoire in paint. What was C\u00e9zanne doing with\u00a0that mountain? On the one hand, trying to grasp change. We\u00a0all know that the world changes, yet somehow never get to see\u00a0it doing so, but could that change be captured in the interstices\u00a0of numerous images? Which brings us up against the question:\u00a0is an image necessarily static? Or is there a way of rendering\u00a0images that can capture their motion as well? We think of the\u00a0motion picture, which we all know is composed of single images\u00a0simply passing very quickly. Or so it was thought upon its\u00a0invention toward the end of Cezanne\u2019s life.<\/p>\n<p class=\"p1\">In our own era, however, we have quite a different understanding,\u00a0and different ways\u2014digital and video\u2014of capturing\u00a0an image in its actual flow. But have we gotten any closer\u00a0to capturing change, or even the object itself? Can the poetic\u00a0image manage these feats that the visual image cannot?<\/p>\n<p class=\"p1\">Perhaps, but like C\u00e9zanne\u2019s work, Pesqu\u00e8s\u2019 also has a crisis\u00a0of presence at its core, though it\u2019s a crisis that\u2019s meant to be\u00a0enjoyed; it is crisis brought to a ringing pitch that translates to\u00a0vividness, and this in itself increases the chances of presence.\u00a0We are tricked, in lucky moments, into falling through the\u00a0gaps\u2014between brush-strokes, between words\u2014into our own witnessing of the act of recording, and then this is the mountain to which we have been brought\u2014not the mountain that is\u00a0perceived, but that of perception itself.<\/p>\n<p class=\"p1\">\u2026<\/p>\n<p>from:<\/p>\n<p><a href=\"https:\/\/parlorpress.com\/products\/physis\" target=\"_blank\" rel=\"noopener\"><em>Physis<\/em><\/a><br \/>\nNicolas Pesqu\u00e8s<br \/>\ntranslated and introduced by Cole Swensen<\/p>\n","protected":false},"excerpt":{"rendered":"<p>Nicolas Pesqu\u00e8s<br \/>\n9781956921205<br \/>\nFirst translation of a complete volume (the seventeenth) of Pesqu\u00e8s&#8217;s monumental investigation, <em>The North Face of Juliau.<\/em><\/p>\n","protected":false},"featured_media":14074,"comment_status":"open","ping_status":"closed","template":"","meta":{"jetpack_post_was_ever_published":false,"jetpack_publicize_message":"","jetpack_publicize_feature_enabled":true,"jetpack_social_post_already_shared":false,"jetpack_social_options":{"image_generator_settings":{"template":"highway","default_image_id":0,"font":"","enabled":false},"version":2}},"product_brand":[],"product_cat":[236,17],"product_tag":[283,109,96,436,435,18,383],"class_list":{"0":"post-14060","1":"product","2":"type-product","3":"status-publish","4":"has-post-thumbnail","6":"product_cat-books","7":"product_cat-dialogos","8":"product_tag-bilingual","9":"product_tag-france","10":"product_tag-french","11":"product_tag-lee-posna","12":"product_tag-nicolas-pesques","13":"product_tag-poetry","14":"product_tag-poetry-translation","16":"first","17":"instock","18":"featured","19":"taxable","20":"shipping-taxable","21":"purchasable","22":"product-type-variable","23":"has-default-attributes","24":"berocket_lgv_grid","25":"berocket_lgv_list_grid"},"yoast_head":"<!-- This site is optimized with the Yoast SEO plugin v27.0 - https:\/\/yoast.com\/product\/yoast-seo-wordpress\/ -->\n<title>Yellow Otherwise - Lavender Ink \/ Di\u00e1logos<\/title>\n<meta name=\"robots\" content=\"index, follow, max-snippet:-1, max-image-preview:large, max-video-preview:-1\" \/>\n<link rel=\"canonical\" href=\"https:\/\/www.lavenderink.org\/site\/shop\/yellow-otherwise\/\" \/>\n<meta property=\"og:locale\" content=\"en_US\" \/>\n<meta property=\"og:type\" content=\"article\" \/>\n<meta property=\"og:title\" content=\"Yellow Otherwise - Lavender Ink \/ Di\u00e1logos\" \/>\n<meta property=\"og:description\" content=\"Nicolas Pesqu\u00e8s 9781956921205 First translation of a complete volume (the seventeenth) of Pesqu\u00e8s&#039;s monumental investigation, The North Face of Juliau.\" \/>\n<meta property=\"og:url\" content=\"https:\/\/www.lavenderink.org\/site\/shop\/yellow-otherwise\/\" \/>\n<meta property=\"og:site_name\" content=\"Lavender Ink \/ Di\u00e1logos\" \/>\n<meta property=\"article:publisher\" content=\"https:\/\/www.facebook.com\/lavenderinkdialogos\/\" \/>\n<meta property=\"article:modified_time\" content=\"2024-06-02T22:24:45+00:00\" \/>\n<meta property=\"og:image\" content=\"https:\/\/www.lavenderink.org\/site\/wp-content\/uploads\/2023\/08\/pesques-cover-500-1.jpg\" \/>\n\t<meta property=\"og:image:width\" content=\"500\" \/>\n\t<meta property=\"og:image:height\" content=\"750\" \/>\n\t<meta property=\"og:image:type\" content=\"image\/jpeg\" \/>\n<meta name=\"twitter:card\" content=\"summary_large_image\" \/>\n<meta name=\"twitter:site\" content=\"@lavender_ink_pr\" \/>\n<meta name=\"twitter:label1\" content=\"Est. reading time\" \/>\n\t<meta name=\"twitter:data1\" content=\"4 minutes\" \/>\n<script type=\"application\/ld+json\" class=\"yoast-schema-graph\">{\"@context\":\"https:\/\/schema.org\",\"@graph\":[{\"@type\":\"WebPage\",\"@id\":\"https:\/\/www.lavenderink.org\/site\/shop\/yellow-otherwise\/\",\"url\":\"https:\/\/www.lavenderink.org\/site\/shop\/yellow-otherwise\/\",\"name\":\"Yellow Otherwise - Lavender Ink \/ Di\u00e1logos\",\"isPartOf\":{\"@id\":\"https:\/\/www.lavenderink.org\/site\/#website\"},\"primaryImageOfPage\":{\"@id\":\"https:\/\/www.lavenderink.org\/site\/shop\/yellow-otherwise\/#primaryimage\"},\"image\":{\"@id\":\"https:\/\/www.lavenderink.org\/site\/shop\/yellow-otherwise\/#primaryimage\"},\"thumbnailUrl\":\"https:\/\/www.lavenderink.org\/site\/wp-content\/uploads\/2023\/08\/pesques-cover-500-1.jpg\",\"datePublished\":\"2023-08-21T21:59:01+00:00\",\"dateModified\":\"2024-06-02T22:24:45+00:00\",\"breadcrumb\":{\"@id\":\"https:\/\/www.lavenderink.org\/site\/shop\/yellow-otherwise\/#breadcrumb\"},\"inLanguage\":\"en-US\",\"potentialAction\":[{\"@type\":\"ReadAction\",\"target\":[\"https:\/\/www.lavenderink.org\/site\/shop\/yellow-otherwise\/\"]}]},{\"@type\":\"ImageObject\",\"inLanguage\":\"en-US\",\"@id\":\"https:\/\/www.lavenderink.org\/site\/shop\/yellow-otherwise\/#primaryimage\",\"url\":\"https:\/\/www.lavenderink.org\/site\/wp-content\/uploads\/2023\/08\/pesques-cover-500-1.jpg\",\"contentUrl\":\"https:\/\/www.lavenderink.org\/site\/wp-content\/uploads\/2023\/08\/pesques-cover-500-1.jpg\",\"width\":500,\"height\":750},{\"@type\":\"BreadcrumbList\",\"@id\":\"https:\/\/www.lavenderink.org\/site\/shop\/yellow-otherwise\/#breadcrumb\",\"itemListElement\":[{\"@type\":\"ListItem\",\"position\":1,\"name\":\"Home\",\"item\":\"https:\/\/www.lavenderink.org\/site\/\"},{\"@type\":\"ListItem\",\"position\":2,\"name\":\"Shop\",\"item\":\"https:\/\/www.lavenderink.org\/site\/shop\/\"},{\"@type\":\"ListItem\",\"position\":3,\"name\":\"Yellow Otherwise\"}]},{\"@type\":\"WebSite\",\"@id\":\"https:\/\/www.lavenderink.org\/site\/#website\",\"url\":\"https:\/\/www.lavenderink.org\/site\/\",\"name\":\"Lavender Ink \/ Di\u00e1logos\",\"description\":\"Publisher of Contemporary Poetry and Literary Prose\",\"publisher\":{\"@id\":\"https:\/\/www.lavenderink.org\/site\/#organization\"},\"potentialAction\":[{\"@type\":\"SearchAction\",\"target\":{\"@type\":\"EntryPoint\",\"urlTemplate\":\"https:\/\/www.lavenderink.org\/site\/?s={search_term_string}\"},\"query-input\":{\"@type\":\"PropertyValueSpecification\",\"valueRequired\":true,\"valueName\":\"search_term_string\"}}],\"inLanguage\":\"en-US\"},{\"@type\":\"Organization\",\"@id\":\"https:\/\/www.lavenderink.org\/site\/#organization\",\"name\":\"Lavender Ink \/ Di\u00e1logos\",\"url\":\"https:\/\/www.lavenderink.org\/site\/\",\"logo\":{\"@type\":\"ImageObject\",\"inLanguage\":\"en-US\",\"@id\":\"https:\/\/www.lavenderink.org\/site\/#\/schema\/logo\/image\/\",\"url\":\"https:\/\/www.lavenderink.org\/site\/wp-content\/uploads\/2018\/01\/cityscape-800.jpg\",\"contentUrl\":\"https:\/\/www.lavenderink.org\/site\/wp-content\/uploads\/2018\/01\/cityscape-800.jpg\",\"width\":800,\"height\":183,\"caption\":\"Lavender Ink \/ Di\u00e1logos\"},\"image\":{\"@id\":\"https:\/\/www.lavenderink.org\/site\/#\/schema\/logo\/image\/\"},\"sameAs\":[\"https:\/\/www.facebook.com\/lavenderinkdialogos\/\",\"https:\/\/x.com\/lavender_ink_pr\"]}]}<\/script>\n<!-- \/ Yoast SEO plugin. -->","yoast_head_json":{"title":"Yellow Otherwise - Lavender Ink \/ Di\u00e1logos","robots":{"index":"index","follow":"follow","max-snippet":"max-snippet:-1","max-image-preview":"max-image-preview:large","max-video-preview":"max-video-preview:-1"},"canonical":"https:\/\/www.lavenderink.org\/site\/shop\/yellow-otherwise\/","og_locale":"en_US","og_type":"article","og_title":"Yellow Otherwise - Lavender Ink \/ Di\u00e1logos","og_description":"Nicolas Pesqu\u00e8s 9781956921205 First translation of a complete volume (the seventeenth) of Pesqu\u00e8s's monumental investigation, The North Face of Juliau.","og_url":"https:\/\/www.lavenderink.org\/site\/shop\/yellow-otherwise\/","og_site_name":"Lavender Ink \/ Di\u00e1logos","article_publisher":"https:\/\/www.facebook.com\/lavenderinkdialogos\/","article_modified_time":"2024-06-02T22:24:45+00:00","og_image":[{"width":500,"height":750,"url":"https:\/\/www.lavenderink.org\/site\/wp-content\/uploads\/2023\/08\/pesques-cover-500-1.jpg","type":"image\/jpeg"}],"twitter_card":"summary_large_image","twitter_site":"@lavender_ink_pr","twitter_misc":{"Est. reading time":"4 minutes"},"schema":{"@context":"https:\/\/schema.org","@graph":[{"@type":"WebPage","@id":"https:\/\/www.lavenderink.org\/site\/shop\/yellow-otherwise\/","url":"https:\/\/www.lavenderink.org\/site\/shop\/yellow-otherwise\/","name":"Yellow Otherwise - Lavender Ink \/ Di\u00e1logos","isPartOf":{"@id":"https:\/\/www.lavenderink.org\/site\/#website"},"primaryImageOfPage":{"@id":"https:\/\/www.lavenderink.org\/site\/shop\/yellow-otherwise\/#primaryimage"},"image":{"@id":"https:\/\/www.lavenderink.org\/site\/shop\/yellow-otherwise\/#primaryimage"},"thumbnailUrl":"https:\/\/www.lavenderink.org\/site\/wp-content\/uploads\/2023\/08\/pesques-cover-500-1.jpg","datePublished":"2023-08-21T21:59:01+00:00","dateModified":"2024-06-02T22:24:45+00:00","breadcrumb":{"@id":"https:\/\/www.lavenderink.org\/site\/shop\/yellow-otherwise\/#breadcrumb"},"inLanguage":"en-US","potentialAction":[{"@type":"ReadAction","target":["https:\/\/www.lavenderink.org\/site\/shop\/yellow-otherwise\/"]}]},{"@type":"ImageObject","inLanguage":"en-US","@id":"https:\/\/www.lavenderink.org\/site\/shop\/yellow-otherwise\/#primaryimage","url":"https:\/\/www.lavenderink.org\/site\/wp-content\/uploads\/2023\/08\/pesques-cover-500-1.jpg","contentUrl":"https:\/\/www.lavenderink.org\/site\/wp-content\/uploads\/2023\/08\/pesques-cover-500-1.jpg","width":500,"height":750},{"@type":"BreadcrumbList","@id":"https:\/\/www.lavenderink.org\/site\/shop\/yellow-otherwise\/#breadcrumb","itemListElement":[{"@type":"ListItem","position":1,"name":"Home","item":"https:\/\/www.lavenderink.org\/site\/"},{"@type":"ListItem","position":2,"name":"Shop","item":"https:\/\/www.lavenderink.org\/site\/shop\/"},{"@type":"ListItem","position":3,"name":"Yellow Otherwise"}]},{"@type":"WebSite","@id":"https:\/\/www.lavenderink.org\/site\/#website","url":"https:\/\/www.lavenderink.org\/site\/","name":"Lavender Ink \/ Di\u00e1logos","description":"Publisher of Contemporary Poetry and Literary Prose","publisher":{"@id":"https:\/\/www.lavenderink.org\/site\/#organization"},"potentialAction":[{"@type":"SearchAction","target":{"@type":"EntryPoint","urlTemplate":"https:\/\/www.lavenderink.org\/site\/?s={search_term_string}"},"query-input":{"@type":"PropertyValueSpecification","valueRequired":true,"valueName":"search_term_string"}}],"inLanguage":"en-US"},{"@type":"Organization","@id":"https:\/\/www.lavenderink.org\/site\/#organization","name":"Lavender Ink \/ Di\u00e1logos","url":"https:\/\/www.lavenderink.org\/site\/","logo":{"@type":"ImageObject","inLanguage":"en-US","@id":"https:\/\/www.lavenderink.org\/site\/#\/schema\/logo\/image\/","url":"https:\/\/www.lavenderink.org\/site\/wp-content\/uploads\/2018\/01\/cityscape-800.jpg","contentUrl":"https:\/\/www.lavenderink.org\/site\/wp-content\/uploads\/2018\/01\/cityscape-800.jpg","width":800,"height":183,"caption":"Lavender Ink \/ Di\u00e1logos"},"image":{"@id":"https:\/\/www.lavenderink.org\/site\/#\/schema\/logo\/image\/"},"sameAs":["https:\/\/www.facebook.com\/lavenderinkdialogos\/","https:\/\/x.com\/lavender_ink_pr"]}]}},"jetpack_publicize_connections":[],"jetpack_likes_enabled":false,"jetpack_sharing_enabled":true,"_links":{"self":[{"href":"https:\/\/www.lavenderink.org\/site\/wp-json\/wp\/v2\/product\/14060","targetHints":{"allow":["GET"]}}],"collection":[{"href":"https:\/\/www.lavenderink.org\/site\/wp-json\/wp\/v2\/product"}],"about":[{"href":"https:\/\/www.lavenderink.org\/site\/wp-json\/wp\/v2\/types\/product"}],"replies":[{"embeddable":true,"href":"https:\/\/www.lavenderink.org\/site\/wp-json\/wp\/v2\/comments?post=14060"}],"version-history":[{"count":0,"href":"https:\/\/www.lavenderink.org\/site\/wp-json\/wp\/v2\/product\/14060\/revisions"}],"wp:featuredmedia":[{"embeddable":true,"href":"https:\/\/www.lavenderink.org\/site\/wp-json\/wp\/v2\/media\/14074"}],"wp:attachment":[{"href":"https:\/\/www.lavenderink.org\/site\/wp-json\/wp\/v2\/media?parent=14060"}],"wp:term":[{"taxonomy":"product_brand","embeddable":true,"href":"https:\/\/www.lavenderink.org\/site\/wp-json\/wp\/v2\/product_brand?post=14060"},{"taxonomy":"product_cat","embeddable":true,"href":"https:\/\/www.lavenderink.org\/site\/wp-json\/wp\/v2\/product_cat?post=14060"},{"taxonomy":"product_tag","embeddable":true,"href":"https:\/\/www.lavenderink.org\/site\/wp-json\/wp\/v2\/product_tag?post=14060"}],"curies":[{"name":"wp","href":"https:\/\/api.w.org\/{rel}","templated":true}]}}