{"id":15289,"date":"2024-12-20T08:58:59","date_gmt":"2024-12-20T14:58:59","guid":{"rendered":"https:\/\/www.lavenderink.org\/site\/?post_type=product&#038;p=15289"},"modified":"2025-03-02T00:00:05","modified_gmt":"2025-03-02T06:00:05","slug":"volverse-volver","status":"publish","type":"product","link":"https:\/\/www.lavenderink.org\/site\/shop\/volverse-volver\/","title":{"rendered":"Volverse \/ Volver"},"content":{"rendered":"<h2>Mark Statman<\/h2>\n<h3><i>Volverse \/ Volver<\/i><\/h3>\n<h3><span style=\"font-size: 16px;\">ISBN <span data-sheets-root=\"1\">978-1-956921-45-8<\/span> (pbk.)<\/span><\/h3>\n<p>166 pages: $19.95 <br \/>\nApril 1, 2025 (Pre-order pricing through March 1, 2025)<\/p>\n<p>&nbsp;<\/p>\n<hr \/>\n<p class=\"p1\"><i>Volverse\/Volver <\/i>(<em>Becoming\/Return<\/em>) is the third of Mark Statman\u2019s metaphysical, lyrical Mexican books, one in which he \u201caddresses our historical moment, his dual life in Mexico and the U.S., and the intimacies, personal and environmental, that bind us to others and to the world.\u201d (Jesse Lee Kercheval). The exile and home of the <i>hechizo<\/i> worlds deepen with weight and counterweights, liberations and deliberations, of life, death, landscape and breath.<\/p>\n<p>&nbsp;<\/p>\n<hr \/>\n<p class=\"p1\">Praise for Mark Statman<\/p>\n<p class=\"p2\">In this haunting, vivid new collection, <i>Volverse\/ Volver,<\/i> Mark Statman addresses our historical moment, his dual life in Mexico and the U.S., and the intimacies, personal and environmental, that bind us to others and to the world. Becoming and returning, Statman moves through grief and loss towards a renewal in a book charged with exultation and tenderness.<\/p>\n<p class=\"p3\"><i>\u2014Jesse Lee Kercheval<\/i><\/p>\n<p>&nbsp;<\/p>\n<p class=\"p2\">Begin with \u201csong dance\u201d and you fly at once enchanted, and if it\u2019s a dance with apples peaches pears Buddha and hallelujah choruses, which Mark Statman gives us, how can one not stand up and look at the sky, the stars, the universe, as one has never seen before? This book is a cosmos book, or at least the world through a constant shifting and moving of language through \u201csun worship \/ and rain.\u201d It doesn\u2019t explain it all to us, but takes us there, opens our senses. A gift of \u201clives lived,\u201d of \u201ccontradictions of philosophy,\u201d of belief that our roads lead somewhere, our stories (\u201csubtle without logic\u201d) are imaginations beyond what we had imagined. Not that all is fruit and roses, for sometimes bodies of our loved ones, not well, make us aware of ends, of the end. But because of the gifts we know, when time calls us, \u201cwe\u2019ll be there,\u201d knowing and saying the names of the angels and saints. So come along, \u201cout the door,\u201d \u201ccome with come \/ along come gone.\u201d Don\u2019t miss this gorgeous book of amazement in this and \u201ccountless worlds.\u201d Go and gone . . . and come back.<\/p>\n<p class=\"p3\"><i>\u2014Charles Alexander<\/i><\/p>\n<p>&nbsp;<\/p>\n<p class=\"p2\">Arriba, en la monta\u00f1a, bajo el cielo de Monte Alb\u00e1n, la voz del poeta nombra el valle: identifica las cosas y a los dioses de su nuevo hogar. Lo sucedido antes, fuera de un mundo percibido en otro idioma, el espa\u00f1ol, no queda atr\u00e1s, entra plenamente en el paisaje. Volverse\/Volver reconcilia el ayer y el presente con la naturalidad de un trueno. Con este libro, de poderosa nostalgia, el poeta Mark Statman nos deja ver que lo sagrado palpita en el tiempo, y en toda cotidianidad.<\/p>\n<p class=\"p3\"><i>\u2014Araceli Mancilla Zayas<\/i><\/p>\n<p>&nbsp;<\/p>\n<p class=\"p2\">Everything builds in Volverse\/Volver, inexorably, grievingly, and in the end triumphantly. The last section, \u201cEmbrujo,\u201d is striking and moving beyond words.\u00a0This is the mature work of a man coming to terms with love, pain, sorrow, mortality, and, yes, God. I can offer nothing but congratulations.\u00a0<\/p>\n<p class=\"p3\"><i>\u2014Pablo Medina<\/i><\/p>\n<p>&nbsp;<\/p>\n<p class=\"p2\">Writing from Oaxaca where he can see the night sky Mark Statman calls in all the planets all the stars all the local goddesses and gods to help him situate the soul and us.<\/p>\n<p class=\"p2\"><i>someone wrote me to\/say how tired they\/\/were of politics on\u00a0\/earth I thought of\u00a0\/the politics of\u00a0\/heaven and hell\u00a0\/politics of the\u00a0\/sun the moon and\u00a0\/Venus Jupiter stars<\/i><\/p>\n<p class=\"p2\">Turning and turning these nervy nervous skinny poems roll out scrolls of the inner voice to bless each moment at the tip of the tongue.\u00a0<\/p>\n<p class=\"p3\"><i>\u2014Rodger Kamenetz<\/i><\/p>\n<p>&nbsp;<\/p>\n<p class=\"p2\">The M\u00e9xico we hold in our hands in Hechizo is emblematic of palpable realities that endure and soar, revive and inscribe, resurrect and direct the energy of an entire region, which the poet inhabits physically and poetically.<\/p>\n<p class=\"p3\"><i>\u2014Gabriella Guti\u00e9rrez y Muhs, Cultural Daily<\/i><\/p>\n<p>&nbsp;<\/p>\n<p class=\"p2\">Jagged, unfettered, letting its art stem from the soul\u2026The vision and soundscape of\u00a0Hechizo\u00a0are full of desire and spirituality, touch and yearning, attack and tranquility, and, above all, irrefutably, tremendously alive. There is ecstasy, but so unhindered as to be free and verge on anonymity.<\/p>\n<p class=\"p3\"><i>\u2014Nicholas Birns<\/i><\/p>\n<p>&nbsp;<\/p>\n<p class=\"p2\">The spell of Mark Statman\u2019s magical, marvelously absorbing <i>Hechizo <\/i>begins with Furies and ends in Love. The poems casual yet perfectly poised short lines engender a sense of unbreakable continuity, until there\u2019s \u201cnothing\/left but ash and\/unmoving angelic their\/feathered wings\u201d as they bring all opposites together \u201cwhen change\/and the same are\/the same.\u201d They are an endless source of delight.<\/p>\n<p class=\"p3\"><i>\u2014John Koethe<\/i><\/p>\n<p>&nbsp;<\/p>\n<p class=\"p2\">The poems in Statman\u2019s beautiful new book\u00a0<i>Hechizo\u00a0<\/i>occupy the thin place between life and death, dream and waking, love and loss. His words cast a spell on the reader; one can hear the music in each line\u2014as if there were a voice emanating from the page. In his work, the Mexican landscape is pulsating with life, but so are the recently and long dead, as well as vibrant memories of life and people left behind. \u2026to read this book is to remember what it feels like to be fully alive.<\/p>\n<p class=\"p3\"><i>\u2014Joanna Fuhrman<\/i><\/p>\n<p>&nbsp;<\/p>\n<p class=\"p2\">A <i>hechizo<\/i> is, for good or ill, a spell, a kind of magic cast into or from life\u2019s uncertainties, an act of language, eliciting both the furies of a corrupt world and the redemptions of love, poetry in its earliest and most enduring form.<span class=\"Apple-converted-space\">\u00a0 <\/span>Mark Statman\u2019s<i> Hechizo<\/i> draws on both types of spells with an urgent lyricism , at once quick-moving and inclusive.<span class=\"Apple-converted-space\">\u00a0 <\/span>There is a unique capacity here for engaging the furies of the social and political fully with the self, a measure of judgment and complicity, akin to the morally complex rhapsodic traditions of modern poetry in Spanish, which Statman successfully engaged with as a translator. The collection ends with a section of love poems, also called \u201cHechizo,\u201d redemptive but hardly certain, the prospect of love, for his parents, for two strangers sighted in the park, for himself.<span class=\"Apple-converted-space\">\u00a0 <\/span>This is a powerful collection, personal, in the best, most richly evolved sense.<\/p>\n<p class=\"p3\"><i>\u2014Michael Anania<\/i><\/p>\n<p>&nbsp;<\/p>\n<p class=\"p2\">Como todo conocedor de su oficio, el poeta Mark Statman sabe que la estructura que sostiene al mundo es el lenguaje, sabe que s\u00f3lo as\u00ed podemos conocerlo, admirarlo, actuar en \u00e9l. Como todo conocedor de su oficio. Statman sabe que un poema es una acci\u00f3n ritual, una f\u00f3rmula precisa que abre en alg\u00fan grado nuestro horizonte de realidad. Eso es <i>Hechizo<\/i>.<\/p>\n<p class=\"p3\"><i>\u2014Efra\u00edn Velasco<\/i><\/p>\n<p>&nbsp;<\/p>\n<p class=\"p2\">Mark Statman\u2019s <i>Exile Home <\/i>is a love poem, a snapshot, to the poet\u2019s adopted country so fresh in the poem \u201cMi M\u00e9xico\u201d. The air, the light, the poignancy of little girl with wooden bowl, &amp; mystery of life next to another, a beloved partner, buzz with sharp grace. A contrast across the border, with family loss, but no walls, here. Power of \u201call the unseen\u2026writ in glass in water clouds\u201d join the fiesta. No ideas but in things. I want to go there too. This is a sweet and pungent sensory exile, almost a dream.<\/p>\n<p class=\"p3\"><i> \u2014Anne Waldman<\/i><\/p>\n<p>&nbsp;<\/p>\n<p class=\"p2\"><i>Exile Home\u00a0<\/i>is an elegiac journey of discovery: \u201cthe room \/ that lights \/ the house\u201d is the possibility of coming to be who you are in whatever place we find ourselves. These are poems of transition as a form of mediation and meditation. Mark Statman\u2019s short lines mark the flux of sentiment as openness to what\u2019s next. \u201ccan you believe \/ we live like this\u201d? Only time tells.<\/p>\n<p class=\"p3\"><i>-\u2013Charles Bernstein<\/i><\/p>\n<p>&nbsp;<\/p>\n<p class=\"p2\">Mark Statman\u2019s fiercely elegiac book begins with the long poem, \u201cGreen Side Up,\u201d dedicated to his father.\u00a0\u00a0Written in lower case with no punctuation, it provides quick flashes of family memory and the present reality of grief.\u00a0\u00a0The reader is utterly absorbed and lifted:\u00a0\u00a0\u201con the phone \/ you say it\u2019s\/ another DIP \/ day in paradise \/ waking early enough \/ there were no \/ sounds of morning \/ only birdsong breeze \/ the meaning of paradise \/ that first moment \/ alone and taking in \/ coffee and sunlight.\u201d\u00a0\u00a0This is realism in the most beautiful sense.\u00a0\u00a0We are taken to the living moment as it passes.\u00a0\u00a0\u00a0\u00a0Italo Calvino wrote of \u201cthe moral values invested in the most tenuous traces.\u201d\u00a0\u00a0It\u2019s in \u201cthe intensity of minor acts\u201d (John Ashbery) that we are folded into the cloak of truth:\u00a0\u00a0\u201cwe did this \/ we did this \/ it happened \/ before we thought it.\u201d It was \u201ca voice made for radio\u201d:\u00a0\u00a0\u201c<i>Al Statman here \/ good morning<\/i>.\u201d\u00a0<\/p>\n<p class=\"p3\"><i>\u2014Paul Hoover<\/i><\/p>\n<p>&nbsp;<\/p>\n<p class=\"p2\">At his best, Mark Statman whimsically seduces us to plug what large emptiness we carry into the day. Such a playfulness of spirit and sound, not yet outlawed in these parts, lifts us toward some unforeseen feeling or study of human life that would have eluded us, were it not for his sparse and controlled lines. Here is an eclectic imagination that redeems the conventional exploits of language and all the dead zones around us. <i>Exile Home<\/i> consecrates Statman\u2019s forever voice.<\/p>\n<p class=\"p3\"><i>\u2014Major Jackson<\/i><\/p>\n<p>&nbsp;<\/p>\n<p class=\"p2\">Sieve-like and shifty language with more directness and clarity than obfuscation and obtuseness. The father poem of <i>Exile Home<\/i>, \u201cGreen Side Up,\u201d is a triumph of courage and poetry and love. From it the manuscript opens like a flower of multiple petals. I am enthralled by a seeming innocence and a creeping wisdom, which, rather than distort the innocence, strengthens it. After all, we have the choice to see the world as unconcerned about our troubles in it. It is the world, not a bark on which we float toward happiness. An assertion of the will to see hope as language-driven, music-clad. Mr. Yeats and his wind-up birds. There are many drowsy emperors out there.<\/p>\n<p class=\"p3\"><i>\u2014Pablo Medina<\/i><\/p>\n<p>&nbsp;<\/p>\n<p class=\"p4\">To date, in spite of an incredibly productive and much lauded career as a poet, Mark Statman\u2019s greatest claim to fame is his astonishing translation, with Pablo Medina, of Garc\u00eda Lorca\u2019s <i>Poet in New York. Exile Home <\/i>changes all that.<\/p>\n<p class=\"p3\"><i>\u2014John Yamrus<\/i><\/p>\n<p>&nbsp;<\/p>\n<p class=\"p4\">Although the poems in Mark Statman\u2019s lovely <i>That Train Again<\/i> break down into sections and titles, you could almost read this book as a long, sweet poetic day of meditation; earth sky, birds, winds, wife, love, and the ways they attach themselves to the poet and, through him, to us. A good book of poetry will urge us not to miss the fine details. Here is music to slow the pulse and re-tune the ear to what is important.<\/p>\n<p class=\"p3\"><i>\u2014Cornelius Eady<\/i><\/p>\n<p>&nbsp;<\/p>\n<p class=\"p4\">Mark Statman\u2019s spare, candid poems speak of the ways a person moves \u201cfrom fold\/into blue.\u201d <i>That Train Again<\/i> details out daily translation of \u201cworld\/into world.\u201d<\/p>\n<p class=\"p3\"><i>-\u2013Idra Novey<\/i><\/p>\n<p>&nbsp;<\/p>\n<p class=\"p4\">Mark Statman\u2019s voice brings together historical awareness with mindful surrender for the present moments (that sometimes calls back memories from psyche\u2019s depths). Mark Statman\u2019s lines are maps of the wind that carry us into wonder and love.<\/p>\n<p class=\"p3\"><i>\u2014Aliki Barnstone<\/i><\/p>\n<p>&nbsp;<\/p>\n<p class=\"p4\">Sung through a register of gentle if unrelenting consciousness on the part of the poet that the present is always inexhaustibly on the move, Statman\u2019s spare, concise, searching poems channel notations of experience through the visual and aural senses.<\/p>\n<p class=\"p3\"><i>\u2014Anselm Berrigan<\/i><\/p>\n<p>&nbsp;<\/p>\n<p class=\"p2\">Statman\u2019s voice is a kind of spare lyricism that reminds me of the ancient Greek poets of the Anthology or the concise voicings of Antonio Machado.<\/p>\n<p class=\"p3\"><i>-\u2013Joseph Stroud<\/i><\/p>\n<p>&nbsp;<\/p>\n<p class=\"p2\">\u2026an admirably light touch illuminates the seriousness behind the poems\u2026<\/p>\n<p class=\"p3\"><i>\u2013Tony Towle<\/i><\/p>\n<p>&nbsp;<\/p>\n<p class=\"p2\">Mark Statman delivers the tourist\u2019s wonder and distance in spare deliberate music\u2014American\u2019s grand plain poetry descended from William Carlos Williams to James Schuyler. Statman is a head-on poet willing to risk clarity in pursuit of the marvelous we might encounter anywhere.<\/p>\n<p class=\"p3\"><i>\u2014William Corbett<\/i><\/p>\n<p>&nbsp;<\/p>\n<p class=\"p2\">Statman gives us language as commitment, commitment as imagination, imagination as soul-making<\/p>\n<p class=\"p3\"><i>\u2014Joseph Lease<\/i><\/p>\n<p>&nbsp;<\/p>\n<p class=\"p2\">It\u2019s very rare to watch the birth of a new style. It\u2019s like watching through new set of Proust\u2019s kaleidoscopes. Mark Statman has been working for years on a vision of himself and parts of the city\u2014concentrated and bare as any poetry. It\u2019s hard to compare it to anything else.<\/p>\n<p class=\"p3\"><i>\u2014David Shapiro<\/i><\/p>\n<p>&nbsp;<\/p>\n","protected":false},"excerpt":{"rendered":"<p>Mark Statman<br \/>\n<em>Volverse \/ Volver<\/em>, <span data-sheets-root=\"1\">9781956921458<\/span><br \/>\n&#8220;This book is a cosmos book.&#8221;&#8211;Charles Alexander<\/p>\n","protected":false},"featured_media":15290,"comment_status":"open","ping_status":"closed","template":"","meta":{"jetpack_post_was_ever_published":false,"jetpack_publicize_message":"","jetpack_publicize_feature_enabled":true,"jetpack_social_post_already_shared":false,"jetpack_social_options":{"image_generator_settings":{"template":"highway","default_image_id":0,"font":"","enabled":false},"version":2}},"product_brand":[],"product_cat":[16],"product_tag":[33,108,18],"class_list":{"0":"post-15289","1":"product","2":"type-product","3":"status-publish","4":"has-post-thumbnail","6":"product_cat-lavender-ink","7":"product_tag-mark-statman","8":"product_tag-mexico","9":"product_tag-poetry","11":"first","12":"instock","13":"featured","14":"taxable","15":"shipping-taxable","16":"purchasable","17":"product-type-simple","18":"berocket_lgv_grid","19":"berocket_lgv_list_grid"},"yoast_head":"<!-- This site is optimized with the Yoast SEO plugin v27.0 - https:\/\/yoast.com\/product\/yoast-seo-wordpress\/ -->\n<title>Volverse \/ Volver - Lavender Ink \/ Di\u00e1logos<\/title>\n<meta name=\"robots\" content=\"index, follow, max-snippet:-1, max-image-preview:large, max-video-preview:-1\" \/>\n<link rel=\"canonical\" href=\"https:\/\/www.lavenderink.org\/site\/shop\/volverse-volver\/\" \/>\n<meta property=\"og:locale\" content=\"en_US\" \/>\n<meta property=\"og:type\" content=\"article\" \/>\n<meta property=\"og:title\" content=\"Volverse \/ Volver - Lavender Ink \/ Di\u00e1logos\" \/>\n<meta property=\"og:description\" content=\"Mark Statman Volverse \/ Volver, 9781956921458 &quot;This book is a cosmos book.&quot;--Charles Alexander\" \/>\n<meta property=\"og:url\" content=\"https:\/\/www.lavenderink.org\/site\/shop\/volverse-volver\/\" \/>\n<meta property=\"og:site_name\" content=\"Lavender Ink \/ Di\u00e1logos\" \/>\n<meta property=\"article:publisher\" content=\"https:\/\/www.facebook.com\/lavenderinkdialogos\/\" \/>\n<meta property=\"article:modified_time\" content=\"2025-03-02T06:00:05+00:00\" \/>\n<meta property=\"og:image\" content=\"https:\/\/www.lavenderink.org\/site\/wp-content\/uploads\/2024\/12\/volverse-cover-500.jpg\" \/>\n\t<meta property=\"og:image:width\" content=\"396\" \/>\n\t<meta property=\"og:image:height\" content=\"612\" \/>\n\t<meta property=\"og:image:type\" content=\"image\/jpeg\" \/>\n<meta name=\"twitter:card\" content=\"summary_large_image\" \/>\n<meta name=\"twitter:site\" content=\"@lavender_ink_pr\" \/>\n<meta name=\"twitter:label1\" content=\"Est. reading time\" \/>\n\t<meta name=\"twitter:data1\" content=\"10 minutes\" \/>\n<script type=\"application\/ld+json\" class=\"yoast-schema-graph\">{\"@context\":\"https:\/\/schema.org\",\"@graph\":[{\"@type\":\"WebPage\",\"@id\":\"https:\/\/www.lavenderink.org\/site\/shop\/volverse-volver\/\",\"url\":\"https:\/\/www.lavenderink.org\/site\/shop\/volverse-volver\/\",\"name\":\"Volverse \/ Volver - Lavender Ink \/ Di\u00e1logos\",\"isPartOf\":{\"@id\":\"https:\/\/www.lavenderink.org\/site\/#website\"},\"primaryImageOfPage\":{\"@id\":\"https:\/\/www.lavenderink.org\/site\/shop\/volverse-volver\/#primaryimage\"},\"image\":{\"@id\":\"https:\/\/www.lavenderink.org\/site\/shop\/volverse-volver\/#primaryimage\"},\"thumbnailUrl\":\"https:\/\/www.lavenderink.org\/site\/wp-content\/uploads\/2024\/12\/volverse-cover-500.jpg\",\"datePublished\":\"2024-12-20T14:58:59+00:00\",\"dateModified\":\"2025-03-02T06:00:05+00:00\",\"breadcrumb\":{\"@id\":\"https:\/\/www.lavenderink.org\/site\/shop\/volverse-volver\/#breadcrumb\"},\"inLanguage\":\"en-US\",\"potentialAction\":[{\"@type\":\"ReadAction\",\"target\":[\"https:\/\/www.lavenderink.org\/site\/shop\/volverse-volver\/\"]}]},{\"@type\":\"ImageObject\",\"inLanguage\":\"en-US\",\"@id\":\"https:\/\/www.lavenderink.org\/site\/shop\/volverse-volver\/#primaryimage\",\"url\":\"https:\/\/www.lavenderink.org\/site\/wp-content\/uploads\/2024\/12\/volverse-cover-500.jpg\",\"contentUrl\":\"https:\/\/www.lavenderink.org\/site\/wp-content\/uploads\/2024\/12\/volverse-cover-500.jpg\",\"width\":396,\"height\":612},{\"@type\":\"BreadcrumbList\",\"@id\":\"https:\/\/www.lavenderink.org\/site\/shop\/volverse-volver\/#breadcrumb\",\"itemListElement\":[{\"@type\":\"ListItem\",\"position\":1,\"name\":\"Home\",\"item\":\"https:\/\/www.lavenderink.org\/site\/\"},{\"@type\":\"ListItem\",\"position\":2,\"name\":\"Shop\",\"item\":\"https:\/\/www.lavenderink.org\/site\/shop\/\"},{\"@type\":\"ListItem\",\"position\":3,\"name\":\"Volverse \/ Volver\"}]},{\"@type\":\"WebSite\",\"@id\":\"https:\/\/www.lavenderink.org\/site\/#website\",\"url\":\"https:\/\/www.lavenderink.org\/site\/\",\"name\":\"Lavender Ink \/ Di\u00e1logos\",\"description\":\"Publisher of Contemporary Poetry and Literary Prose\",\"publisher\":{\"@id\":\"https:\/\/www.lavenderink.org\/site\/#organization\"},\"potentialAction\":[{\"@type\":\"SearchAction\",\"target\":{\"@type\":\"EntryPoint\",\"urlTemplate\":\"https:\/\/www.lavenderink.org\/site\/?s={search_term_string}\"},\"query-input\":{\"@type\":\"PropertyValueSpecification\",\"valueRequired\":true,\"valueName\":\"search_term_string\"}}],\"inLanguage\":\"en-US\"},{\"@type\":\"Organization\",\"@id\":\"https:\/\/www.lavenderink.org\/site\/#organization\",\"name\":\"Lavender Ink \/ Di\u00e1logos\",\"url\":\"https:\/\/www.lavenderink.org\/site\/\",\"logo\":{\"@type\":\"ImageObject\",\"inLanguage\":\"en-US\",\"@id\":\"https:\/\/www.lavenderink.org\/site\/#\/schema\/logo\/image\/\",\"url\":\"https:\/\/www.lavenderink.org\/site\/wp-content\/uploads\/2018\/01\/cityscape-800.jpg\",\"contentUrl\":\"https:\/\/www.lavenderink.org\/site\/wp-content\/uploads\/2018\/01\/cityscape-800.jpg\",\"width\":800,\"height\":183,\"caption\":\"Lavender Ink \/ Di\u00e1logos\"},\"image\":{\"@id\":\"https:\/\/www.lavenderink.org\/site\/#\/schema\/logo\/image\/\"},\"sameAs\":[\"https:\/\/www.facebook.com\/lavenderinkdialogos\/\",\"https:\/\/x.com\/lavender_ink_pr\"]}]}<\/script>\n<!-- \/ Yoast SEO plugin. -->","yoast_head_json":{"title":"Volverse \/ Volver - Lavender Ink \/ Di\u00e1logos","robots":{"index":"index","follow":"follow","max-snippet":"max-snippet:-1","max-image-preview":"max-image-preview:large","max-video-preview":"max-video-preview:-1"},"canonical":"https:\/\/www.lavenderink.org\/site\/shop\/volverse-volver\/","og_locale":"en_US","og_type":"article","og_title":"Volverse \/ Volver - Lavender Ink \/ Di\u00e1logos","og_description":"Mark Statman Volverse \/ Volver, 9781956921458 \"This book is a cosmos book.\"--Charles Alexander","og_url":"https:\/\/www.lavenderink.org\/site\/shop\/volverse-volver\/","og_site_name":"Lavender Ink \/ Di\u00e1logos","article_publisher":"https:\/\/www.facebook.com\/lavenderinkdialogos\/","article_modified_time":"2025-03-02T06:00:05+00:00","og_image":[{"width":396,"height":612,"url":"https:\/\/www.lavenderink.org\/site\/wp-content\/uploads\/2024\/12\/volverse-cover-500.jpg","type":"image\/jpeg"}],"twitter_card":"summary_large_image","twitter_site":"@lavender_ink_pr","twitter_misc":{"Est. reading time":"10 minutes"},"schema":{"@context":"https:\/\/schema.org","@graph":[{"@type":"WebPage","@id":"https:\/\/www.lavenderink.org\/site\/shop\/volverse-volver\/","url":"https:\/\/www.lavenderink.org\/site\/shop\/volverse-volver\/","name":"Volverse \/ Volver - Lavender Ink \/ Di\u00e1logos","isPartOf":{"@id":"https:\/\/www.lavenderink.org\/site\/#website"},"primaryImageOfPage":{"@id":"https:\/\/www.lavenderink.org\/site\/shop\/volverse-volver\/#primaryimage"},"image":{"@id":"https:\/\/www.lavenderink.org\/site\/shop\/volverse-volver\/#primaryimage"},"thumbnailUrl":"https:\/\/www.lavenderink.org\/site\/wp-content\/uploads\/2024\/12\/volverse-cover-500.jpg","datePublished":"2024-12-20T14:58:59+00:00","dateModified":"2025-03-02T06:00:05+00:00","breadcrumb":{"@id":"https:\/\/www.lavenderink.org\/site\/shop\/volverse-volver\/#breadcrumb"},"inLanguage":"en-US","potentialAction":[{"@type":"ReadAction","target":["https:\/\/www.lavenderink.org\/site\/shop\/volverse-volver\/"]}]},{"@type":"ImageObject","inLanguage":"en-US","@id":"https:\/\/www.lavenderink.org\/site\/shop\/volverse-volver\/#primaryimage","url":"https:\/\/www.lavenderink.org\/site\/wp-content\/uploads\/2024\/12\/volverse-cover-500.jpg","contentUrl":"https:\/\/www.lavenderink.org\/site\/wp-content\/uploads\/2024\/12\/volverse-cover-500.jpg","width":396,"height":612},{"@type":"BreadcrumbList","@id":"https:\/\/www.lavenderink.org\/site\/shop\/volverse-volver\/#breadcrumb","itemListElement":[{"@type":"ListItem","position":1,"name":"Home","item":"https:\/\/www.lavenderink.org\/site\/"},{"@type":"ListItem","position":2,"name":"Shop","item":"https:\/\/www.lavenderink.org\/site\/shop\/"},{"@type":"ListItem","position":3,"name":"Volverse \/ Volver"}]},{"@type":"WebSite","@id":"https:\/\/www.lavenderink.org\/site\/#website","url":"https:\/\/www.lavenderink.org\/site\/","name":"Lavender Ink \/ Di\u00e1logos","description":"Publisher of Contemporary Poetry and Literary Prose","publisher":{"@id":"https:\/\/www.lavenderink.org\/site\/#organization"},"potentialAction":[{"@type":"SearchAction","target":{"@type":"EntryPoint","urlTemplate":"https:\/\/www.lavenderink.org\/site\/?s={search_term_string}"},"query-input":{"@type":"PropertyValueSpecification","valueRequired":true,"valueName":"search_term_string"}}],"inLanguage":"en-US"},{"@type":"Organization","@id":"https:\/\/www.lavenderink.org\/site\/#organization","name":"Lavender Ink \/ Di\u00e1logos","url":"https:\/\/www.lavenderink.org\/site\/","logo":{"@type":"ImageObject","inLanguage":"en-US","@id":"https:\/\/www.lavenderink.org\/site\/#\/schema\/logo\/image\/","url":"https:\/\/www.lavenderink.org\/site\/wp-content\/uploads\/2018\/01\/cityscape-800.jpg","contentUrl":"https:\/\/www.lavenderink.org\/site\/wp-content\/uploads\/2018\/01\/cityscape-800.jpg","width":800,"height":183,"caption":"Lavender Ink \/ Di\u00e1logos"},"image":{"@id":"https:\/\/www.lavenderink.org\/site\/#\/schema\/logo\/image\/"},"sameAs":["https:\/\/www.facebook.com\/lavenderinkdialogos\/","https:\/\/x.com\/lavender_ink_pr"]}]}},"jetpack_publicize_connections":[],"jetpack_likes_enabled":false,"jetpack_sharing_enabled":true,"_links":{"self":[{"href":"https:\/\/www.lavenderink.org\/site\/wp-json\/wp\/v2\/product\/15289","targetHints":{"allow":["GET"]}}],"collection":[{"href":"https:\/\/www.lavenderink.org\/site\/wp-json\/wp\/v2\/product"}],"about":[{"href":"https:\/\/www.lavenderink.org\/site\/wp-json\/wp\/v2\/types\/product"}],"replies":[{"embeddable":true,"href":"https:\/\/www.lavenderink.org\/site\/wp-json\/wp\/v2\/comments?post=15289"}],"version-history":[{"count":0,"href":"https:\/\/www.lavenderink.org\/site\/wp-json\/wp\/v2\/product\/15289\/revisions"}],"wp:featuredmedia":[{"embeddable":true,"href":"https:\/\/www.lavenderink.org\/site\/wp-json\/wp\/v2\/media\/15290"}],"wp:attachment":[{"href":"https:\/\/www.lavenderink.org\/site\/wp-json\/wp\/v2\/media?parent=15289"}],"wp:term":[{"taxonomy":"product_brand","embeddable":true,"href":"https:\/\/www.lavenderink.org\/site\/wp-json\/wp\/v2\/product_brand?post=15289"},{"taxonomy":"product_cat","embeddable":true,"href":"https:\/\/www.lavenderink.org\/site\/wp-json\/wp\/v2\/product_cat?post=15289"},{"taxonomy":"product_tag","embeddable":true,"href":"https:\/\/www.lavenderink.org\/site\/wp-json\/wp\/v2\/product_tag?post=15289"}],"curies":[{"name":"wp","href":"https:\/\/api.w.org\/{rel}","templated":true}]}}