{"id":15570,"date":"2025-04-01T11:36:14","date_gmt":"2025-04-01T16:36:14","guid":{"rendered":"https:\/\/www.lavenderink.org\/site\/?post_type=product&#038;p=15570"},"modified":"2025-08-25T04:36:39","modified_gmt":"2025-08-25T09:36:39","slug":"io-ed-eucalipto","status":"publish","type":"product","link":"https:\/\/www.lavenderink.org\/site\/shop\/io-ed-eucalipto\/","title":{"rendered":"Io ed Eucalipto (Italian Edition)"},"content":{"rendered":"<h2><a href=\"https:\/\/www.lavenderink.org\/site\/books\/susan-m-schultz\">Susan M. Schultz<\/a><\/h2>\n<h2><i>Io ed Eucalipto<\/i><\/h2>\n<h3>traduzione di Pina Piccolo e Maria Luisa Vezzali<\/h3>\n<p>Nota: questa \u00e8 la versione italiana di <a href=\"https:\/\/www.lavenderink.org\/site\/shop\/i-and-eucalyptus\/\"><em>I and Eucalyptus<\/em>, disponibile qui nella versione originale in inglese<\/a>.<\/p>\n<p><span style=\"font-size: 16px;\">ISBN 978-1-956921-47-2 (tascabile, poesie con fotografie a colori)<\/span><\/p>\n<p>110 pagine: $28.95 <br \/>\n1 Aprile, 2025\u00a0<\/p>\n<p>&nbsp;<\/p>\n<hr \/>\n<p>Ispirato alle meditazioni filosofiche contenute nel libro <i>Io e Tu<\/i> di Martin Buber, <i>Io ed Eucalipto<\/i> di Susan M Schultz abbina prosa poetica e fotografia per condurre chi legge lungo un percorso di interrogativi sul rapporto dell&#8217;essere umano con la &#8216;natura&#8217;, la societ\u00e0, le diverse forme artistiche con i loro limiti e potenzialit\u00e0. Ciascuno dei 21 capitoli \u00e8 corredato da una specifica foto artistica a cura dell&#8217;autrice, una specie di palinsesto che consente di sondare le sfumature di colori, le fenditure naturali, le figure formate dalle gocce di resina in uno sforzo di interpretazione e di entrata in comunicazione con la diversit\u00e0 di quello specifico essere vivente, alla ricerca di sapienze ed alleanze che possano essere di reciproco aiuto in questo periodo cupo della storia. Angolando il suo discorso da quei margini che sono l&#8217;arcipelago delle Hawai&#8217;i e un albero come l&#8217;eucalipto considerato di scarso valore nella scala commerciale umana, l&#8217;autrice comunica lo sgomento provocato dagli squilibri del mondo ponendoci davanti a tutta una serie di elementi scomodi da affrontare nel nostro resistere e nella ricerca di soluzioni.<\/p>\n<hr \/>\n<p style=\"text-align: center;\"><a href=\"https:\/\/www.lavenderink.org\/site\/wp-content\/uploads\/2025\/04\/sample-pages.pdf\" target=\"_blank\" rel=\"noopener\">visualizza pagine di esempio<\/a><\/p>\n<p><a href=\"https:\/\/www.lavenderink.org\/site\/wp-content\/uploads\/2025\/04\/sample-pages.pdf\"><img fetchpriority=\"high\" decoding=\"async\" data-attachment-id=\"15044\" data-permalink=\"https:\/\/www.lavenderink.org\/site\/announcements\/meet-eucalyptus\/attachment\/schultz-sample-spread\/\" data-orig-file=\"https:\/\/www.lavenderink.org\/site\/wp-content\/uploads\/2024\/07\/schultz-sample-spread.jpg\" data-orig-size=\"800,600\" data-comments-opened=\"1\" data-image-meta=\"{&quot;aperture&quot;:&quot;0&quot;,&quot;credit&quot;:&quot;&quot;,&quot;camera&quot;:&quot;&quot;,&quot;caption&quot;:&quot;&quot;,&quot;created_timestamp&quot;:&quot;0&quot;,&quot;copyright&quot;:&quot;&quot;,&quot;focal_length&quot;:&quot;0&quot;,&quot;iso&quot;:&quot;0&quot;,&quot;shutter_speed&quot;:&quot;0&quot;,&quot;title&quot;:&quot;&quot;,&quot;orientation&quot;:&quot;0&quot;}\" data-image-title=\"schultz-sample-spread\" data-image-description=\"\" data-image-caption=\"\" data-medium-file=\"https:\/\/www.lavenderink.org\/site\/wp-content\/uploads\/2024\/07\/schultz-sample-spread-300x225.jpg\" data-large-file=\"https:\/\/www.lavenderink.org\/site\/wp-content\/uploads\/2024\/07\/schultz-sample-spread.jpg\" class=\"wp-image-15044 aligncenter\" src=\"https:\/\/www.lavenderink.org\/site\/wp-content\/uploads\/2024\/07\/schultz-sample-spread.jpg\" alt=\"\" width=\"395\" height=\"296\" srcset=\"https:\/\/www.lavenderink.org\/site\/wp-content\/uploads\/2024\/07\/schultz-sample-spread.jpg 800w, https:\/\/www.lavenderink.org\/site\/wp-content\/uploads\/2024\/07\/schultz-sample-spread-300x225.jpg 300w, https:\/\/www.lavenderink.org\/site\/wp-content\/uploads\/2024\/07\/schultz-sample-spread-768x576.jpg 768w, https:\/\/www.lavenderink.org\/site\/wp-content\/uploads\/2024\/07\/schultz-sample-spread-400x300.jpg 400w\" sizes=\"(max-width: 395px) 100vw, 395px\" \/><\/a><\/p>\n<hr \/>\n<p class=\"p1\">In\u00a0<i>Io ed Eucalipto<\/i>, Susan M. Schultz intreccia poesia e meditazione in un dialogo intimo con un solo albero. L\u2019autrice esplora la relazione tra il proprio io e l\u2019Eucalipto, un albero spesso trascurato, la cui solitudine risuona nelle parole, trasformandosi in un riflesso di esistenze pi\u00f9 vaste. <i>Se la relazione \u00e8 reciprocit\u00e0, allora noi siamo in relazione, questo s\u00e9 un uovo sfocato, quest\u2019albero la sua pelle sfogliata. <\/i>Le 21 fotografie a colori presenti nel libro accompagnano il testo come una colonna sonora visiva, catturando il respiro silenzioso di questa relazione e dando forma all\u2019emozione del quotidiano. Tra tempo, memoria e caso\u2014impressi nella corteccia e nelle ombre proiettate\u00adl\u2019Eucalipto si trasforma in specchio e guida. La fotografia diventa un ponte tra il visibile e l\u2019invisibile, tra realt\u00e0 e astrazione. <i>Io ed Eucalipto<\/i>\u00a0non offre risposte definitive, ma un invito a esplorare il mistero della connessione tra l\u2019essere umano e la natura. Un\u2019opportunit\u00e0 ancora possibile, se solo impariamo a camminare leggeri in un parco.<\/p>\n<p class=\"p2\"><b>Antonia Santopietro<\/b>, divulgatrice e fondatrice del portale ZEST e di TELL\u016aS Rivista<\/p>\n<p>&nbsp;<\/p>\n<p class=\"p1\"><i>I and Eucaliptus<\/i>\u00a0\u00e8 un libro che andava tradotto per introdurlo felicemente e proficuamente nel nostro campo letterario. \u00c8 al tempo stesso un libro sapienziale\u2014nutrito da una meditazione filosofica sull\u2019identificazione dell\u2019io nello spazio della relazione, sui linguaggi dell\u2019arte, sullo sguardo, e sulla natura del nonumano\u2014e un\u2019opera d\u2019arte, che si esprime in un linguaggio originale e poetico, a partire dall\u2019accostamento dei fonemi nelle serrate figure di suono per culminare nel dialogo fecondo tra parola e fotografia, in una forma rivisitata ed eloquente di\u00a0<i>ekphrasis<\/i>.<\/p>\n<p class=\"p2\"><b>Paola Loreto<\/b>,\u00a0poeta, ecocritica, traduttrice di Mary Oliver<\/p>\n<p>&nbsp;<\/p>\n<p class=\"p1\">In questi tempi difficili in cui sembra riemergere la negazione del mondo naturale, \u00e8 facile perdere visione e fede in ci\u00f2 che ci circonda. Il ristagno di energie creative ormai manifesto diventa in realt\u00e0 l\u2019elemento che fa da sostegno a questo nostro mondo. <i>Io<\/i> <i>ed Eucalipto<\/i> offre uno spazio contemplativo in cui, attraverso l\u2019esperienza diretta e l\u2019osservazione espresse tramite processi creativi quali la fotografia e la scrittura, possiamo iniziare a superare tale scarto arrivando a dire, con l\u2019autrice, \u201cnon avremmo visto il mondo se non ci avessimo creduto\u201d.<\/p>\n<p class=\"p2\"><b>Pasquale Verdicchio, <\/b>poeta, traduttore, critico, autore di <i>Ecocritical Approaches to Italian Culture and Literature<\/i><\/p>\n<p>&nbsp;<\/p>\n<p class=\"p1\">Nessuno di noi ha esperienza dell\u2019atto di parola degli altri. Noi ascoltiamo solo ci\u00f2 che gli altri hanno gi\u00e0 detto. Ma ogni atto poetico \u00e8 un tentativo di convocare nella mia parola tutti coloro e tutto ci\u00f2 che parla, per ascoltarlo nel mio dire. Questo \u00e8 il dono della poesia. E nelle pagine di <i>Io ed Eucalipto <\/i>risuonano chiare queste altre presenze. Un lento, intenso e rapito movimento oscillatorio le percorre, e ci porta a rivolgere l\u2019ascolto ora in una direzione ora nell\u2019altra, incontro alle voci che le abitano\u2014il Tu, l\u2019Esso e l\u2019albero\u2014a spingerci avanti e poi ripiegare all\u2019indietro in un continuo ripensamento dell\u2019io umano, della corteccia fragile del s\u00e9. Come in un rito sciamanico, pagina dopo pagina questa danza \u00e8 come uno spaesamento, dove fare esperienza della distinzione e della comunione tra tempo del segno e tempo vegetale, significato e colore, immagine e memoria. La voce di Susan M. Schultz ammonisce e rassicura: <i>Ogni parola falsifica; ma guarda, questi esseri ti vivono intorno.<\/i><\/p>\n<p class=\"p2\"><b>Guido Cavalli, <\/b>poeta, redattore della rivista di filosofia <i>Kasparhauser<\/i><\/p>\n","protected":false},"excerpt":{"rendered":"<p>Susan M. Schultz,<br \/>\ntraduzione di Pina Piccolo e Maria Luisa Vezzali<br \/>\n<em>Io ed Eucalipto<\/em>, 9781956921472<br \/>\nPoesie e fotografie a colori. (Italian)<\/p>\n","protected":false},"featured_media":15571,"comment_status":"open","ping_status":"closed","template":"","meta":{"jetpack_post_was_ever_published":false,"jetpack_publicize_message":"","jetpack_publicize_feature_enabled":true,"jetpack_social_post_already_shared":false,"jetpack_social_options":{"image_generator_settings":{"template":"highway","default_image_id":0,"font":"","enabled":false},"version":2}},"product_brand":[],"product_cat":[17],"product_tag":[371,467,469,494,465,493,18,464,29,503],"class_list":{"0":"post-15570","1":"product","2":"type-product","3":"status-publish","4":"has-post-thumbnail","6":"product_cat-dialogos","7":"product_tag-color","8":"product_tag-graphic","9":"product_tag-italian","10":"product_tag-maria-luisa-vezzali","11":"product_tag-photography","12":"product_tag-pina-piccolo","13":"product_tag-poetry","14":"product_tag-susan-m-schultz","15":"product_tag-translation","16":"product_tag-wit","18":"first","19":"instock","20":"featured","21":"taxable","22":"shipping-taxable","23":"purchasable","24":"product-type-simple","25":"berocket_lgv_grid","26":"berocket_lgv_list_grid"},"yoast_head":"<!-- This site is optimized with the Yoast SEO plugin v27.0 - https:\/\/yoast.com\/product\/yoast-seo-wordpress\/ -->\n<title>Io ed Eucalipto (Italian Edition) - Lavender Ink \/ Di\u00e1logos<\/title>\n<meta name=\"robots\" content=\"index, follow, max-snippet:-1, max-image-preview:large, max-video-preview:-1\" \/>\n<link rel=\"canonical\" href=\"https:\/\/www.lavenderink.org\/site\/shop\/io-ed-eucalipto\/\" \/>\n<meta property=\"og:locale\" content=\"en_US\" \/>\n<meta property=\"og:type\" content=\"article\" \/>\n<meta property=\"og:title\" content=\"Io ed Eucalipto (Italian Edition) - Lavender Ink \/ Di\u00e1logos\" \/>\n<meta property=\"og:description\" content=\"Susan M. Schultz, traduzione di Pina Piccolo e Maria Luisa Vezzali Io ed Eucalipto, 9781956921472 Poesie e fotografie a colori. (Italian)\" \/>\n<meta property=\"og:url\" content=\"https:\/\/www.lavenderink.org\/site\/shop\/io-ed-eucalipto\/\" \/>\n<meta property=\"og:site_name\" content=\"Lavender Ink \/ Di\u00e1logos\" \/>\n<meta property=\"article:publisher\" content=\"https:\/\/www.facebook.com\/lavenderinkdialogos\/\" \/>\n<meta property=\"article:modified_time\" content=\"2025-08-25T09:36:39+00:00\" \/>\n<meta property=\"og:image\" content=\"https:\/\/www.lavenderink.org\/site\/wp-content\/uploads\/2025\/04\/front-cover640.jpg\" \/>\n\t<meta property=\"og:image:width\" content=\"576\" \/>\n\t<meta property=\"og:image:height\" content=\"864\" \/>\n\t<meta property=\"og:image:type\" content=\"image\/jpeg\" \/>\n<meta name=\"twitter:card\" content=\"summary_large_image\" \/>\n<meta name=\"twitter:site\" content=\"@lavender_ink_pr\" \/>\n<meta name=\"twitter:label1\" content=\"Est. reading time\" \/>\n\t<meta name=\"twitter:data1\" content=\"4 minutes\" \/>\n<script type=\"application\/ld+json\" class=\"yoast-schema-graph\">{\"@context\":\"https:\/\/schema.org\",\"@graph\":[{\"@type\":\"WebPage\",\"@id\":\"https:\/\/www.lavenderink.org\/site\/shop\/io-ed-eucalipto\/\",\"url\":\"https:\/\/www.lavenderink.org\/site\/shop\/io-ed-eucalipto\/\",\"name\":\"Io ed Eucalipto (Italian Edition) - Lavender Ink \/ Di\u00e1logos\",\"isPartOf\":{\"@id\":\"https:\/\/www.lavenderink.org\/site\/#website\"},\"primaryImageOfPage\":{\"@id\":\"https:\/\/www.lavenderink.org\/site\/shop\/io-ed-eucalipto\/#primaryimage\"},\"image\":{\"@id\":\"https:\/\/www.lavenderink.org\/site\/shop\/io-ed-eucalipto\/#primaryimage\"},\"thumbnailUrl\":\"https:\/\/www.lavenderink.org\/site\/wp-content\/uploads\/2025\/04\/front-cover640.jpg\",\"datePublished\":\"2025-04-01T16:36:14+00:00\",\"dateModified\":\"2025-08-25T09:36:39+00:00\",\"breadcrumb\":{\"@id\":\"https:\/\/www.lavenderink.org\/site\/shop\/io-ed-eucalipto\/#breadcrumb\"},\"inLanguage\":\"en-US\",\"potentialAction\":[{\"@type\":\"ReadAction\",\"target\":[\"https:\/\/www.lavenderink.org\/site\/shop\/io-ed-eucalipto\/\"]}]},{\"@type\":\"ImageObject\",\"inLanguage\":\"en-US\",\"@id\":\"https:\/\/www.lavenderink.org\/site\/shop\/io-ed-eucalipto\/#primaryimage\",\"url\":\"https:\/\/www.lavenderink.org\/site\/wp-content\/uploads\/2025\/04\/front-cover640.jpg\",\"contentUrl\":\"https:\/\/www.lavenderink.org\/site\/wp-content\/uploads\/2025\/04\/front-cover640.jpg\",\"width\":576,\"height\":864},{\"@type\":\"BreadcrumbList\",\"@id\":\"https:\/\/www.lavenderink.org\/site\/shop\/io-ed-eucalipto\/#breadcrumb\",\"itemListElement\":[{\"@type\":\"ListItem\",\"position\":1,\"name\":\"Home\",\"item\":\"https:\/\/www.lavenderink.org\/site\/\"},{\"@type\":\"ListItem\",\"position\":2,\"name\":\"Shop\",\"item\":\"https:\/\/www.lavenderink.org\/site\/shop\/\"},{\"@type\":\"ListItem\",\"position\":3,\"name\":\"Io ed Eucalipto (Italian Edition)\"}]},{\"@type\":\"WebSite\",\"@id\":\"https:\/\/www.lavenderink.org\/site\/#website\",\"url\":\"https:\/\/www.lavenderink.org\/site\/\",\"name\":\"Lavender Ink \/ Di\u00e1logos\",\"description\":\"Publisher of Contemporary Poetry and Literary Prose\",\"publisher\":{\"@id\":\"https:\/\/www.lavenderink.org\/site\/#organization\"},\"potentialAction\":[{\"@type\":\"SearchAction\",\"target\":{\"@type\":\"EntryPoint\",\"urlTemplate\":\"https:\/\/www.lavenderink.org\/site\/?s={search_term_string}\"},\"query-input\":{\"@type\":\"PropertyValueSpecification\",\"valueRequired\":true,\"valueName\":\"search_term_string\"}}],\"inLanguage\":\"en-US\"},{\"@type\":\"Organization\",\"@id\":\"https:\/\/www.lavenderink.org\/site\/#organization\",\"name\":\"Lavender Ink \/ Di\u00e1logos\",\"url\":\"https:\/\/www.lavenderink.org\/site\/\",\"logo\":{\"@type\":\"ImageObject\",\"inLanguage\":\"en-US\",\"@id\":\"https:\/\/www.lavenderink.org\/site\/#\/schema\/logo\/image\/\",\"url\":\"https:\/\/www.lavenderink.org\/site\/wp-content\/uploads\/2018\/01\/cityscape-800.jpg\",\"contentUrl\":\"https:\/\/www.lavenderink.org\/site\/wp-content\/uploads\/2018\/01\/cityscape-800.jpg\",\"width\":800,\"height\":183,\"caption\":\"Lavender Ink \/ Di\u00e1logos\"},\"image\":{\"@id\":\"https:\/\/www.lavenderink.org\/site\/#\/schema\/logo\/image\/\"},\"sameAs\":[\"https:\/\/www.facebook.com\/lavenderinkdialogos\/\",\"https:\/\/x.com\/lavender_ink_pr\"]}]}<\/script>\n<!-- \/ Yoast SEO plugin. -->","yoast_head_json":{"title":"Io ed Eucalipto (Italian Edition) - Lavender Ink \/ Di\u00e1logos","robots":{"index":"index","follow":"follow","max-snippet":"max-snippet:-1","max-image-preview":"max-image-preview:large","max-video-preview":"max-video-preview:-1"},"canonical":"https:\/\/www.lavenderink.org\/site\/shop\/io-ed-eucalipto\/","og_locale":"en_US","og_type":"article","og_title":"Io ed Eucalipto (Italian Edition) - Lavender Ink \/ Di\u00e1logos","og_description":"Susan M. Schultz, traduzione di Pina Piccolo e Maria Luisa Vezzali Io ed Eucalipto, 9781956921472 Poesie e fotografie a colori. (Italian)","og_url":"https:\/\/www.lavenderink.org\/site\/shop\/io-ed-eucalipto\/","og_site_name":"Lavender Ink \/ Di\u00e1logos","article_publisher":"https:\/\/www.facebook.com\/lavenderinkdialogos\/","article_modified_time":"2025-08-25T09:36:39+00:00","og_image":[{"width":576,"height":864,"url":"https:\/\/www.lavenderink.org\/site\/wp-content\/uploads\/2025\/04\/front-cover640.jpg","type":"image\/jpeg"}],"twitter_card":"summary_large_image","twitter_site":"@lavender_ink_pr","twitter_misc":{"Est. reading time":"4 minutes"},"schema":{"@context":"https:\/\/schema.org","@graph":[{"@type":"WebPage","@id":"https:\/\/www.lavenderink.org\/site\/shop\/io-ed-eucalipto\/","url":"https:\/\/www.lavenderink.org\/site\/shop\/io-ed-eucalipto\/","name":"Io ed Eucalipto (Italian Edition) - Lavender Ink \/ Di\u00e1logos","isPartOf":{"@id":"https:\/\/www.lavenderink.org\/site\/#website"},"primaryImageOfPage":{"@id":"https:\/\/www.lavenderink.org\/site\/shop\/io-ed-eucalipto\/#primaryimage"},"image":{"@id":"https:\/\/www.lavenderink.org\/site\/shop\/io-ed-eucalipto\/#primaryimage"},"thumbnailUrl":"https:\/\/www.lavenderink.org\/site\/wp-content\/uploads\/2025\/04\/front-cover640.jpg","datePublished":"2025-04-01T16:36:14+00:00","dateModified":"2025-08-25T09:36:39+00:00","breadcrumb":{"@id":"https:\/\/www.lavenderink.org\/site\/shop\/io-ed-eucalipto\/#breadcrumb"},"inLanguage":"en-US","potentialAction":[{"@type":"ReadAction","target":["https:\/\/www.lavenderink.org\/site\/shop\/io-ed-eucalipto\/"]}]},{"@type":"ImageObject","inLanguage":"en-US","@id":"https:\/\/www.lavenderink.org\/site\/shop\/io-ed-eucalipto\/#primaryimage","url":"https:\/\/www.lavenderink.org\/site\/wp-content\/uploads\/2025\/04\/front-cover640.jpg","contentUrl":"https:\/\/www.lavenderink.org\/site\/wp-content\/uploads\/2025\/04\/front-cover640.jpg","width":576,"height":864},{"@type":"BreadcrumbList","@id":"https:\/\/www.lavenderink.org\/site\/shop\/io-ed-eucalipto\/#breadcrumb","itemListElement":[{"@type":"ListItem","position":1,"name":"Home","item":"https:\/\/www.lavenderink.org\/site\/"},{"@type":"ListItem","position":2,"name":"Shop","item":"https:\/\/www.lavenderink.org\/site\/shop\/"},{"@type":"ListItem","position":3,"name":"Io ed Eucalipto (Italian Edition)"}]},{"@type":"WebSite","@id":"https:\/\/www.lavenderink.org\/site\/#website","url":"https:\/\/www.lavenderink.org\/site\/","name":"Lavender Ink \/ Di\u00e1logos","description":"Publisher of Contemporary Poetry and Literary Prose","publisher":{"@id":"https:\/\/www.lavenderink.org\/site\/#organization"},"potentialAction":[{"@type":"SearchAction","target":{"@type":"EntryPoint","urlTemplate":"https:\/\/www.lavenderink.org\/site\/?s={search_term_string}"},"query-input":{"@type":"PropertyValueSpecification","valueRequired":true,"valueName":"search_term_string"}}],"inLanguage":"en-US"},{"@type":"Organization","@id":"https:\/\/www.lavenderink.org\/site\/#organization","name":"Lavender Ink \/ Di\u00e1logos","url":"https:\/\/www.lavenderink.org\/site\/","logo":{"@type":"ImageObject","inLanguage":"en-US","@id":"https:\/\/www.lavenderink.org\/site\/#\/schema\/logo\/image\/","url":"https:\/\/www.lavenderink.org\/site\/wp-content\/uploads\/2018\/01\/cityscape-800.jpg","contentUrl":"https:\/\/www.lavenderink.org\/site\/wp-content\/uploads\/2018\/01\/cityscape-800.jpg","width":800,"height":183,"caption":"Lavender Ink \/ Di\u00e1logos"},"image":{"@id":"https:\/\/www.lavenderink.org\/site\/#\/schema\/logo\/image\/"},"sameAs":["https:\/\/www.facebook.com\/lavenderinkdialogos\/","https:\/\/x.com\/lavender_ink_pr"]}]}},"jetpack_publicize_connections":[],"jetpack_likes_enabled":false,"jetpack_sharing_enabled":true,"_links":{"self":[{"href":"https:\/\/www.lavenderink.org\/site\/wp-json\/wp\/v2\/product\/15570","targetHints":{"allow":["GET"]}}],"collection":[{"href":"https:\/\/www.lavenderink.org\/site\/wp-json\/wp\/v2\/product"}],"about":[{"href":"https:\/\/www.lavenderink.org\/site\/wp-json\/wp\/v2\/types\/product"}],"replies":[{"embeddable":true,"href":"https:\/\/www.lavenderink.org\/site\/wp-json\/wp\/v2\/comments?post=15570"}],"version-history":[{"count":0,"href":"https:\/\/www.lavenderink.org\/site\/wp-json\/wp\/v2\/product\/15570\/revisions"}],"wp:featuredmedia":[{"embeddable":true,"href":"https:\/\/www.lavenderink.org\/site\/wp-json\/wp\/v2\/media\/15571"}],"wp:attachment":[{"href":"https:\/\/www.lavenderink.org\/site\/wp-json\/wp\/v2\/media?parent=15570"}],"wp:term":[{"taxonomy":"product_brand","embeddable":true,"href":"https:\/\/www.lavenderink.org\/site\/wp-json\/wp\/v2\/product_brand?post=15570"},{"taxonomy":"product_cat","embeddable":true,"href":"https:\/\/www.lavenderink.org\/site\/wp-json\/wp\/v2\/product_cat?post=15570"},{"taxonomy":"product_tag","embeddable":true,"href":"https:\/\/www.lavenderink.org\/site\/wp-json\/wp\/v2\/product_tag?post=15570"}],"curies":[{"name":"wp","href":"https:\/\/api.w.org\/{rel}","templated":true}]}}