{"id":1710,"date":"2018-08-25T06:25:15","date_gmt":"2018-08-25T11:25:15","guid":{"rendered":"https:\/\/www.lavenderink.org\/site\/?post_type=product&#038;p=1710"},"modified":"2020-07-05T08:19:58","modified_gmt":"2020-07-05T13:19:58","slug":"fuel-and-fire","status":"publish","type":"product","link":"https:\/\/www.lavenderink.org\/site\/shop\/fuel-and-fire\/","title":{"rendered":"Fuel and Fire: Selected Poems 1956-76"},"content":{"rendered":"<h2><a href=\"https:\/\/www.lavenderink.org\/site\/books\/tahar-djaout\">Francisco Urondo<\/a><\/h2>\n<h3>Fuel and Fire: Selected Poems 1956-76<\/h3>\n<h4>Translated by <a href=\"https:\/\/www.lavenderink.org\/site\/books\/julia-leverone\">Julia Leverone<\/a><\/h4>\n<p>ISBN: 978-1-944884-54-3 (pbk.)<br \/>\n124 Pages: 17.95 (special pricing until Christmas 2018)<\/p>\n<hr \/>\n<p>Francisoco \u201cPaco\u201d Urondo, journalist and militant, used his poetry to witness and denounce the suppressive Argentine state that unrolled its dirty war in the 1970s. <i>Fuel and Fire,<\/i> a selection produced between 1956 and 1976, the year Urondo was assassinated, is subversive poetry, written in humility and desperation, fueled by accusation and lament, placing blame on an ignorant public but hope in the hands of individuals who can give themselves over to love.<\/p>\n<p>This selection from Urondo&#8217;s <i>Obra po\u00e9tica<\/i>, (Adriana Hidalgo, 2006), edited and translated by Julia Leverone, offers for the first time to English-speaking readers an overview of the work of this prolific and dedicated poet and activist. Juan Gelman, a fellow poet and friend, remembers Urondo as saying once that he \u201ctook up arms because he was looking for the right word,\u201d which illustrates the inseparability, for Urondo, of his art and politics, placing him in the tradition of other political poets like\u00a0Wilfred Owen, Eugenio Montale, Paul Celan, Zbigniew Herbert, Robert Hayden, and Adrienne Rich.\u00a0<\/p>\n<p>This selection includes representative work from his first book, <em>Ancient History,\u00a0<\/em>through\u00a0<em>Battle Stories<\/em>, written near the time of his death. Of the work of this translation Julia Leverone writes:\u00a0<\/p>\n<p style=\"padding-left: 30px;\">I translated for the poems themselves. I have been in intervals stricken with the texture of Spanish words as they convert to English, with the sweetness of a literal phrase; and with the incredible truths being spoken in them. Paco\u2019s voice, and message, were on my mind, but I have a voice and hold a message, and am also a poet. I cannot deny this. Paco had not yet been brought to the English-speaking world of poetry, and because of this I intended to make his late debut a show of all his talent; how he navigated his revolutionary ideology, his cityscapes, and conversationality. But where I could I made the choice for sound and, by extension, the wholeness of the poem. He paid attention to these, so I do, as my American English ear sends me. Interpretation occurs in some moments where my mind was with the reader. I have been Lowell and Pound, you and Benjamin. And above all, Urondo: even in my writing, away from the translations, he stays with me.<\/p>\n<hr \/>\n<h3>Praise for Francisco Urondo and <em>Fuel and Fire<\/em><\/h3>\n<p>&nbsp;<\/p>\n<p>Francisco Urondo\u2019s poems speak from beyond the grave, rebuking the forces of repression that ended his life in the early stages of the Argentine Dirty War. His poems burn with life, speaking in the language of that moment, a \u201cMilonga of the Marginalized Paranoid,\u201d but also as a messenger of passionate, eternal truths: \u201cI will give my life so that nothing continues as it is.\u201d Julia Leverone\u2019s translations from Spanish bring Urondo\u2019s voice, his time, his brief existence, to life on the page.<\/p>\n<p><b>\u2014Jesse Lee Kercheval, translator <i>The Invisible Bridge \/ El puente invisible: Selected Poems of Circe Maia<\/i><\/b><\/p>\n<p>&nbsp;<\/p>\n<p>A fierce poet and a just as fierce revolutionary, Urondo breaks free from the false dichotomies of social commitment and formal experimentation. This poetry is stripped-down, powerful, uncompromisin\u2026 a long time coming. Thanks to Julia Leverone\u2019s skilled selection and translation, we can finally know it in English.<\/p>\n<p><b>\u2014Katherine M. Hedeen, translator of <i>With a Strange Scent of World<\/i>, by V\u00edctor Rodr\u00edguez N\u00fa\u00f1ez<\/b><\/p>\n<p>&nbsp;<\/p>\n<p>Urondo, a militant and a poet, once claimed to have taken up arms because he was looking for the right word. Julia Leverone has found the right selection of Urondo\u2019s words in these pages, and in so doing has armed English with a powerful new voice.<\/p>\n<p><b>\u2014Geoffrey Brock, Editor-in-Chief, <i>The Arkansas International<\/i><\/b><\/p>\n","protected":false},"excerpt":{"rendered":"<p><a href=\"https:\/\/www.lavenderink.org\/site\/books\/francisco-urondo\">Francisco Urondo<\/a><br \/>\ntrans <a href=\"https:\/\/www.lavenderink.org\/site\/books\/julia-leverone\">Julia Leverone<\/a><br \/>\n9781944884543<br \/>\nRevolutionary voice from Argentina<\/p>\n","protected":false},"featured_media":1757,"comment_status":"open","ping_status":"closed","template":"","meta":{"jetpack_post_was_ever_published":false,"jetpack_publicize_message":"","jetpack_publicize_feature_enabled":true,"jetpack_social_post_already_shared":false,"jetpack_social_options":{"image_generator_settings":{"template":"highway","default_image_id":0,"font":"","enabled":false},"version":2}},"product_brand":[],"product_cat":[236,17],"product_tag":[172,283,319,320,18,383,30],"class_list":{"0":"post-1710","1":"product","2":"type-product","3":"status-publish","4":"has-post-thumbnail","6":"product_cat-books","7":"product_cat-dialogos","8":"product_tag-argentina","9":"product_tag-bilingual","10":"product_tag-francisco-urondo","11":"product_tag-julia-leverone","12":"product_tag-poetry","13":"product_tag-poetry-translation","14":"product_tag-spanish","16":"first","17":"instock","18":"featured","19":"taxable","20":"shipping-taxable","21":"purchasable","22":"product-type-simple","23":"berocket_lgv_grid","24":"berocket_lgv_list_grid"},"yoast_head":"<!-- This site is optimized with the Yoast SEO plugin v27.0 - https:\/\/yoast.com\/product\/yoast-seo-wordpress\/ -->\n<title>Fuel and Fire: Selected Poems 1956-76 - Lavender Ink \/ Di\u00e1logos<\/title>\n<meta name=\"robots\" content=\"index, follow, max-snippet:-1, max-image-preview:large, max-video-preview:-1\" \/>\n<link rel=\"canonical\" href=\"https:\/\/www.lavenderink.org\/site\/shop\/fuel-and-fire\/\" \/>\n<meta property=\"og:locale\" content=\"en_US\" \/>\n<meta property=\"og:type\" content=\"article\" \/>\n<meta property=\"og:title\" content=\"Fuel and Fire: Selected Poems 1956-76 - Lavender Ink \/ Di\u00e1logos\" \/>\n<meta property=\"og:description\" content=\"Francisco Urondo trans Julia Leverone 9781944884543 Revolutionary voice from Argentina\" \/>\n<meta property=\"og:url\" content=\"https:\/\/www.lavenderink.org\/site\/shop\/fuel-and-fire\/\" \/>\n<meta property=\"og:site_name\" content=\"Lavender Ink \/ Di\u00e1logos\" \/>\n<meta property=\"article:publisher\" content=\"https:\/\/www.facebook.com\/lavenderinkdialogos\/\" \/>\n<meta property=\"article:modified_time\" content=\"2020-07-05T13:19:58+00:00\" \/>\n<meta property=\"og:image\" content=\"https:\/\/www.lavenderink.org\/site\/wp-content\/uploads\/2018\/08\/urondocover500.jpg\" \/>\n\t<meta property=\"og:image:width\" content=\"500\" \/>\n\t<meta property=\"og:image:height\" content=\"746\" \/>\n\t<meta property=\"og:image:type\" content=\"image\/jpeg\" \/>\n<meta name=\"twitter:card\" content=\"summary_large_image\" \/>\n<meta name=\"twitter:site\" content=\"@lavender_ink_pr\" \/>\n<meta name=\"twitter:label1\" content=\"Est. reading time\" \/>\n\t<meta name=\"twitter:data1\" content=\"3 minutes\" \/>\n<script type=\"application\/ld+json\" class=\"yoast-schema-graph\">{\"@context\":\"https:\/\/schema.org\",\"@graph\":[{\"@type\":\"WebPage\",\"@id\":\"https:\/\/www.lavenderink.org\/site\/shop\/fuel-and-fire\/\",\"url\":\"https:\/\/www.lavenderink.org\/site\/shop\/fuel-and-fire\/\",\"name\":\"Fuel and Fire: Selected Poems 1956-76 - Lavender Ink \/ Di\u00e1logos\",\"isPartOf\":{\"@id\":\"https:\/\/www.lavenderink.org\/site\/#website\"},\"primaryImageOfPage\":{\"@id\":\"https:\/\/www.lavenderink.org\/site\/shop\/fuel-and-fire\/#primaryimage\"},\"image\":{\"@id\":\"https:\/\/www.lavenderink.org\/site\/shop\/fuel-and-fire\/#primaryimage\"},\"thumbnailUrl\":\"https:\/\/www.lavenderink.org\/site\/wp-content\/uploads\/2018\/08\/urondocover500.jpg\",\"datePublished\":\"2018-08-25T11:25:15+00:00\",\"dateModified\":\"2020-07-05T13:19:58+00:00\",\"breadcrumb\":{\"@id\":\"https:\/\/www.lavenderink.org\/site\/shop\/fuel-and-fire\/#breadcrumb\"},\"inLanguage\":\"en-US\",\"potentialAction\":[{\"@type\":\"ReadAction\",\"target\":[\"https:\/\/www.lavenderink.org\/site\/shop\/fuel-and-fire\/\"]}]},{\"@type\":\"ImageObject\",\"inLanguage\":\"en-US\",\"@id\":\"https:\/\/www.lavenderink.org\/site\/shop\/fuel-and-fire\/#primaryimage\",\"url\":\"https:\/\/www.lavenderink.org\/site\/wp-content\/uploads\/2018\/08\/urondocover500.jpg\",\"contentUrl\":\"https:\/\/www.lavenderink.org\/site\/wp-content\/uploads\/2018\/08\/urondocover500.jpg\",\"width\":500,\"height\":746},{\"@type\":\"BreadcrumbList\",\"@id\":\"https:\/\/www.lavenderink.org\/site\/shop\/fuel-and-fire\/#breadcrumb\",\"itemListElement\":[{\"@type\":\"ListItem\",\"position\":1,\"name\":\"Home\",\"item\":\"https:\/\/www.lavenderink.org\/site\/\"},{\"@type\":\"ListItem\",\"position\":2,\"name\":\"Shop\",\"item\":\"https:\/\/www.lavenderink.org\/site\/shop\/\"},{\"@type\":\"ListItem\",\"position\":3,\"name\":\"Fuel and Fire: Selected Poems 1956-76\"}]},{\"@type\":\"WebSite\",\"@id\":\"https:\/\/www.lavenderink.org\/site\/#website\",\"url\":\"https:\/\/www.lavenderink.org\/site\/\",\"name\":\"Lavender Ink \/ Di\u00e1logos\",\"description\":\"Publisher of Contemporary Poetry and Literary Prose\",\"publisher\":{\"@id\":\"https:\/\/www.lavenderink.org\/site\/#organization\"},\"potentialAction\":[{\"@type\":\"SearchAction\",\"target\":{\"@type\":\"EntryPoint\",\"urlTemplate\":\"https:\/\/www.lavenderink.org\/site\/?s={search_term_string}\"},\"query-input\":{\"@type\":\"PropertyValueSpecification\",\"valueRequired\":true,\"valueName\":\"search_term_string\"}}],\"inLanguage\":\"en-US\"},{\"@type\":\"Organization\",\"@id\":\"https:\/\/www.lavenderink.org\/site\/#organization\",\"name\":\"Lavender Ink \/ Di\u00e1logos\",\"url\":\"https:\/\/www.lavenderink.org\/site\/\",\"logo\":{\"@type\":\"ImageObject\",\"inLanguage\":\"en-US\",\"@id\":\"https:\/\/www.lavenderink.org\/site\/#\/schema\/logo\/image\/\",\"url\":\"https:\/\/www.lavenderink.org\/site\/wp-content\/uploads\/2018\/01\/cityscape-800.jpg\",\"contentUrl\":\"https:\/\/www.lavenderink.org\/site\/wp-content\/uploads\/2018\/01\/cityscape-800.jpg\",\"width\":800,\"height\":183,\"caption\":\"Lavender Ink \/ Di\u00e1logos\"},\"image\":{\"@id\":\"https:\/\/www.lavenderink.org\/site\/#\/schema\/logo\/image\/\"},\"sameAs\":[\"https:\/\/www.facebook.com\/lavenderinkdialogos\/\",\"https:\/\/x.com\/lavender_ink_pr\"]}]}<\/script>\n<!-- \/ Yoast SEO plugin. -->","yoast_head_json":{"title":"Fuel and Fire: Selected Poems 1956-76 - Lavender Ink \/ Di\u00e1logos","robots":{"index":"index","follow":"follow","max-snippet":"max-snippet:-1","max-image-preview":"max-image-preview:large","max-video-preview":"max-video-preview:-1"},"canonical":"https:\/\/www.lavenderink.org\/site\/shop\/fuel-and-fire\/","og_locale":"en_US","og_type":"article","og_title":"Fuel and Fire: Selected Poems 1956-76 - Lavender Ink \/ Di\u00e1logos","og_description":"Francisco Urondo trans Julia Leverone 9781944884543 Revolutionary voice from Argentina","og_url":"https:\/\/www.lavenderink.org\/site\/shop\/fuel-and-fire\/","og_site_name":"Lavender Ink \/ Di\u00e1logos","article_publisher":"https:\/\/www.facebook.com\/lavenderinkdialogos\/","article_modified_time":"2020-07-05T13:19:58+00:00","og_image":[{"width":500,"height":746,"url":"https:\/\/www.lavenderink.org\/site\/wp-content\/uploads\/2018\/08\/urondocover500.jpg","type":"image\/jpeg"}],"twitter_card":"summary_large_image","twitter_site":"@lavender_ink_pr","twitter_misc":{"Est. reading time":"3 minutes"},"schema":{"@context":"https:\/\/schema.org","@graph":[{"@type":"WebPage","@id":"https:\/\/www.lavenderink.org\/site\/shop\/fuel-and-fire\/","url":"https:\/\/www.lavenderink.org\/site\/shop\/fuel-and-fire\/","name":"Fuel and Fire: Selected Poems 1956-76 - Lavender Ink \/ Di\u00e1logos","isPartOf":{"@id":"https:\/\/www.lavenderink.org\/site\/#website"},"primaryImageOfPage":{"@id":"https:\/\/www.lavenderink.org\/site\/shop\/fuel-and-fire\/#primaryimage"},"image":{"@id":"https:\/\/www.lavenderink.org\/site\/shop\/fuel-and-fire\/#primaryimage"},"thumbnailUrl":"https:\/\/www.lavenderink.org\/site\/wp-content\/uploads\/2018\/08\/urondocover500.jpg","datePublished":"2018-08-25T11:25:15+00:00","dateModified":"2020-07-05T13:19:58+00:00","breadcrumb":{"@id":"https:\/\/www.lavenderink.org\/site\/shop\/fuel-and-fire\/#breadcrumb"},"inLanguage":"en-US","potentialAction":[{"@type":"ReadAction","target":["https:\/\/www.lavenderink.org\/site\/shop\/fuel-and-fire\/"]}]},{"@type":"ImageObject","inLanguage":"en-US","@id":"https:\/\/www.lavenderink.org\/site\/shop\/fuel-and-fire\/#primaryimage","url":"https:\/\/www.lavenderink.org\/site\/wp-content\/uploads\/2018\/08\/urondocover500.jpg","contentUrl":"https:\/\/www.lavenderink.org\/site\/wp-content\/uploads\/2018\/08\/urondocover500.jpg","width":500,"height":746},{"@type":"BreadcrumbList","@id":"https:\/\/www.lavenderink.org\/site\/shop\/fuel-and-fire\/#breadcrumb","itemListElement":[{"@type":"ListItem","position":1,"name":"Home","item":"https:\/\/www.lavenderink.org\/site\/"},{"@type":"ListItem","position":2,"name":"Shop","item":"https:\/\/www.lavenderink.org\/site\/shop\/"},{"@type":"ListItem","position":3,"name":"Fuel and Fire: Selected Poems 1956-76"}]},{"@type":"WebSite","@id":"https:\/\/www.lavenderink.org\/site\/#website","url":"https:\/\/www.lavenderink.org\/site\/","name":"Lavender Ink \/ Di\u00e1logos","description":"Publisher of Contemporary Poetry and Literary Prose","publisher":{"@id":"https:\/\/www.lavenderink.org\/site\/#organization"},"potentialAction":[{"@type":"SearchAction","target":{"@type":"EntryPoint","urlTemplate":"https:\/\/www.lavenderink.org\/site\/?s={search_term_string}"},"query-input":{"@type":"PropertyValueSpecification","valueRequired":true,"valueName":"search_term_string"}}],"inLanguage":"en-US"},{"@type":"Organization","@id":"https:\/\/www.lavenderink.org\/site\/#organization","name":"Lavender Ink \/ Di\u00e1logos","url":"https:\/\/www.lavenderink.org\/site\/","logo":{"@type":"ImageObject","inLanguage":"en-US","@id":"https:\/\/www.lavenderink.org\/site\/#\/schema\/logo\/image\/","url":"https:\/\/www.lavenderink.org\/site\/wp-content\/uploads\/2018\/01\/cityscape-800.jpg","contentUrl":"https:\/\/www.lavenderink.org\/site\/wp-content\/uploads\/2018\/01\/cityscape-800.jpg","width":800,"height":183,"caption":"Lavender Ink \/ Di\u00e1logos"},"image":{"@id":"https:\/\/www.lavenderink.org\/site\/#\/schema\/logo\/image\/"},"sameAs":["https:\/\/www.facebook.com\/lavenderinkdialogos\/","https:\/\/x.com\/lavender_ink_pr"]}]}},"jetpack_publicize_connections":[],"jetpack_likes_enabled":false,"jetpack_sharing_enabled":true,"_links":{"self":[{"href":"https:\/\/www.lavenderink.org\/site\/wp-json\/wp\/v2\/product\/1710","targetHints":{"allow":["GET"]}}],"collection":[{"href":"https:\/\/www.lavenderink.org\/site\/wp-json\/wp\/v2\/product"}],"about":[{"href":"https:\/\/www.lavenderink.org\/site\/wp-json\/wp\/v2\/types\/product"}],"replies":[{"embeddable":true,"href":"https:\/\/www.lavenderink.org\/site\/wp-json\/wp\/v2\/comments?post=1710"}],"version-history":[{"count":0,"href":"https:\/\/www.lavenderink.org\/site\/wp-json\/wp\/v2\/product\/1710\/revisions"}],"wp:featuredmedia":[{"embeddable":true,"href":"https:\/\/www.lavenderink.org\/site\/wp-json\/wp\/v2\/media\/1757"}],"wp:attachment":[{"href":"https:\/\/www.lavenderink.org\/site\/wp-json\/wp\/v2\/media?parent=1710"}],"wp:term":[{"taxonomy":"product_brand","embeddable":true,"href":"https:\/\/www.lavenderink.org\/site\/wp-json\/wp\/v2\/product_brand?post=1710"},{"taxonomy":"product_cat","embeddable":true,"href":"https:\/\/www.lavenderink.org\/site\/wp-json\/wp\/v2\/product_cat?post=1710"},{"taxonomy":"product_tag","embeddable":true,"href":"https:\/\/www.lavenderink.org\/site\/wp-json\/wp\/v2\/product_tag?post=1710"}],"curies":[{"name":"wp","href":"https:\/\/api.w.org\/{rel}","templated":true}]}}