{"id":190,"date":"2017-10-04T21:16:23","date_gmt":"2017-10-05T02:16:23","guid":{"rendered":"http:\/\/www.lavenderink.org\/site\/?post_type=product&#038;p=190"},"modified":"2020-11-07T14:45:10","modified_gmt":"2020-11-07T20:45:10","slug":"exile-and-helplessness","status":"publish","type":"product","link":"https:\/\/www.lavenderink.org\/site\/shop\/exile-and-helplessness\/","title":{"rendered":"Exile and Helplessness"},"content":{"rendered":"<h2><strong><em>Exile and Helplessness<\/em><\/strong><\/h2>\n<h4><strong><em>(L&#8217;Exil et le d\u00e9sarroi)<\/em><\/strong><\/h4>\n<h3>Nabile Far\u00e8s<br \/>\nTranslated by\u00a0Peter Thompson<\/h3>\n<p>ISBN 978-1935084181<br \/>\n140 pages: $15.00<br \/>\nOctober, 2012<\/p>\n<hr \/>\n<p style=\"text-align: justify;\">Di\u00e1logos presents its inaugural title with the first appearance in English of this lyrical last volume in Nabile Far\u00e8s\u2019 great trilogy, La D\u00e9couverte du nouveau monde. An experimental work set in the time just after Algeria\u2019s war with France,\u00a0<strong><em>Exile and Helplessness<\/em><\/strong>\u00a0probes issues of identity\u2014race, gender, nationality\u2014in the wake of European colonialism.\u00a0<\/p>\n<p style=\"text-align: justify;\">There are no easy answers. Just as Algeria itself has found only the most difficult paths after independence (paths glimpsed, in all their neocolonial cynicism, in\u00a0<strong><em>Exile and Helplessness<\/em><\/strong>), and just as Far\u00e8s himself renounced a future in Algeria and many of his books could not, until just now, be published there, the protagonist of this exile is left with loss of purpose, shadows of loved ones, and a village that will never be the same.<\/p>\n<p style=\"text-align: justify;\">Far\u00e8s considered\u2014at a distance of 35 years from its 1976, Paris, publication\u2014a new title for his\u00a0<em><strong>L&#8217;Exil et le d\u00e9sarro<\/strong>i<\/em>. Exile and &#8230; &#8220;Hilflosikeit,&#8221; he finally sighed, over an intense bottle of Nero d&#8217;Avola. And we remember that\u2014along with his roles as poet, novelist, theater director, ethnologist and framer of the modern identity crisis\u2014Far\u00e8s is a psychoanalyst. &#8220;Hilflosikeit,&#8221; is German for &#8220;helplessness.&#8221;<\/p>\n<p style=\"text-align: justify;\">Opening the way for books like Tahar Djaout&#8217;s\u00a0<strong><em>The Bone Searchers<\/em><\/strong>, this challenging and rewarding text, with Peter Thompson&#8217;s translation, is now available to the English-speaking world for the first time.<\/p>\n<hr \/>\n<p>&nbsp;<\/p>\n<p style=\"text-align: justify;\">This translation by Peter Thompson, Professor of Modern Languages, poet, and accomplished translator. He has rendered into English the memoir of Nabile Far\u00e8s,\u00a0<strong><em>Exile and Helplessness<\/em><\/strong>, an important work masterfully rendering the \u2018m\u00e9tissage,\u2019 or hybridity, which, for North Africans, seems to be less an advantage than a difficulty anchoring in two distinct\u2014even rival\u2014cultures, the French and the Islamic.<br \/>\n<strong>&#8211;Marc-Andr\u00e9 Wiesmann<\/strong>, in\u00a0<strong><em>CELAAN Review<\/em><\/strong><\/p>\n<p>&nbsp;<\/p>\n<p style=\"text-align: justify;\">The intensity and self-awareness in relation to its language, and its content\u2019s existential urgency, brings Nabile Far\u00e8s&#8217; writing closer to the white heat of poetry than to the narrative leisure of the novel. This is writing as enactment and not as mere representation of something, a life, or a fact, say, historical or mental of that life. The immense pleasure in reading Far\u00e8s\u2019 work\u2014a pleasure that comes through in Peter Thompson&#8217;s excellent translation\u2014comes from the nomadicity of his language, thinking, doing, i.e. in what happens at any given moment all over the place\u2014if you let it. Let it happen to you: you\u2019ll be all the richer for it.<br \/>\n<strong>\u2014Pierre Joris<\/strong>, author of the\u00a0<strong><em>University of California Book of North African Literature<\/em><\/strong>.<\/p>\n<p>&nbsp;<\/p>\n<p style=\"text-align: justify;\">\u201cYou have to learn to read between the lines of the sky, and of the tree, in the gaps that overflow with light and possibility.\u201d Peter Thompson\u2019s nimble and evocative translation brings to English readers the oracular intensity of Nabile Far\u00e8s\u2019s \u201cmultiple kind of speech.\u201d Exile and Helplessness is a risky dialectic of prose and poetry, distance and rootedness, words and body, the politics of living and dying, of the female and the male, of liberation, anguish and ecstasy.<br \/>\n<strong>\u2014<a href=\"http:\/\/www.lavenderink.org\/site\/books\/adam-j-sorkin\/\">Adam J. Sorkin<\/a><\/strong><\/p>\n<hr \/>\n<p>&nbsp;<\/p>\n<p style=\"text-align: justify;\">Nabile Far\u00e8s was born in Collo, Algeria, in 1940.\u00a0 An activist, ethnologue and professional psychoanalyst, he has been a voice against colonialism in such poetics works as\u00a0<strong><em>Chant d\u2019Akli<\/em>\u00a0and\u00a0<em>Escuchando tu historia<\/em><\/strong>.\u00a0 His popular second novel,\u00a0<strong><em>A Passenger From The West<\/em><\/strong>, was the first to be translated into English (2010).\u00a0\u00a0<strong><em>Exile and Helplessness<\/em><\/strong>\u00a0(<strong><em>L&#8217;Exil et le d\u00e9sarroi<\/em><\/strong>) is the third book of the trilogy\u00a0<em><strong>La D\u00e9couverte du nouveau monde<\/strong>,\u00a0<\/em>the other two volumes being<strong>\u00a0<\/strong><em><strong>Le Champ des oliviers<\/strong>\u00a0<\/em>and<em>\u00a0<strong>La M\u00e9moire de l&#8217;absent<\/strong><\/em><em>.\u00a0<\/em>Far\u00e8s lives in Paris. Long suppressed in his native Algeria, in 1994 he won the Kateb Yacine prize for lifetime achievement. \u00a0<a href=\"http:\/\/www.lavenderink.org\/site\/books\/nabile-fares\/\">Read a complete bio here<\/a>.<\/p>\n<p style=\"text-align: justify;\"><img decoding=\"async\" class=\"alignright\" src=\"http:\/\/www.lavenderink.org\/exile\/pedro.jpg\" width=\"125\" height=\"140\" border=\"0\" \/><a href=\"http:\/\/www.lavenderink.org\/site\/books\/peter-thompson\/\">Peter Thompson<\/a> teaches modern languages and literature at Roger Williams University. Recently he has translated L\u00e9on-Paul Fargue\u2019s\u00a0<strong><em>Po\u00e8mes<\/em><\/strong>\u00a0(2003), V\u00e9ronique Tadjo\u2019s first book of poetry,\u00a0<em><strong>Red Earth<\/strong>,<\/em>\u00a0(2006), and Nabile Far\u00e8s\u2019s\u00a0<strong><em>Hearing Your Story<\/em><\/strong>\u00a0(2008) and\u00a0<strong><em>A Passenger From The West<\/em><\/strong>\u00a0(2010), along with Nassira Azzouz\u2019s\u00a0<em><strong>The Gates of The Sun<\/strong>\u00a0<\/em>(2010). His translation of Tchicaya u Tam\u2019si\u2019s\u00a0<em>\u00a0<strong>The Belly<\/strong><\/em>\u2014the first full-length translation of Tchicaya\u2019s poetry\u2014appears in 2013.\u00a0 He has edited two anthologies of francophone literature, and edits\u00a0<a href=\"http:\/\/ezratranslation.com\/\" target=\"_blank\" rel=\"noopener noreferrer\"><em><strong>Ezra: An Online Journal of Translation<\/strong>.<\/em><\/a><\/p>\n","protected":false},"excerpt":{"rendered":"<p>Nabile Far\u00e8s<br \/>\ntrans Peter Thompson<br \/>\n9781935084181<br \/>\nFirst appearance in English of this lyrical last volume in Nabile Far\u00e8s\u2019 great trilogy,\u00a0<em>La D\u00e9couverte du nouveau monde.<\/em><\/p>\n","protected":false},"featured_media":191,"comment_status":"open","ping_status":"closed","template":"","meta":{"jetpack_post_was_ever_published":false,"jetpack_publicize_message":"","jetpack_publicize_feature_enabled":true,"jetpack_social_post_already_shared":false,"jetpack_social_options":{"image_generator_settings":{"template":"highway","default_image_id":0,"font":"","enabled":false},"version":2}},"product_brand":[],"product_cat":[17,390],"product_tag":[110,109,96,97,222,93,18],"class_list":{"0":"post-190","1":"product","2":"type-product","3":"status-publish","4":"has-post-thumbnail","6":"product_cat-dialogos","7":"product_cat-north-africa","8":"product_tag-algeria","9":"product_tag-france","10":"product_tag-french","11":"product_tag-nabile-fares","12":"product_tag-north-africa","13":"product_tag-peter-thompson","14":"product_tag-poetry","16":"first","17":"instock","18":"taxable","19":"shipping-taxable","20":"purchasable","21":"product-type-simple","22":"berocket_lgv_grid","23":"berocket_lgv_list_grid"},"yoast_head":"<!-- This site is optimized with the Yoast SEO plugin v27.0 - https:\/\/yoast.com\/product\/yoast-seo-wordpress\/ -->\n<title>Exile and Helplessness - Lavender Ink \/ Di\u00e1logos<\/title>\n<meta name=\"robots\" content=\"index, follow, max-snippet:-1, max-image-preview:large, max-video-preview:-1\" \/>\n<link rel=\"canonical\" href=\"https:\/\/www.lavenderink.org\/site\/shop\/exile-and-helplessness\/\" \/>\n<meta property=\"og:locale\" content=\"en_US\" \/>\n<meta property=\"og:type\" content=\"article\" \/>\n<meta property=\"og:title\" content=\"Exile and Helplessness - Lavender Ink \/ Di\u00e1logos\" \/>\n<meta property=\"og:description\" content=\"Nabile Far\u00e8s trans Peter Thompson 9781935084181 First appearance in English of this lyrical last volume in Nabile Far\u00e8s\u2019 great trilogy,\u00a0La D\u00e9couverte du nouveau monde.\" \/>\n<meta property=\"og:url\" content=\"https:\/\/www.lavenderink.org\/site\/shop\/exile-and-helplessness\/\" \/>\n<meta property=\"og:site_name\" content=\"Lavender Ink \/ Di\u00e1logos\" \/>\n<meta property=\"article:publisher\" content=\"https:\/\/www.facebook.com\/lavenderinkdialogos\/\" \/>\n<meta property=\"article:modified_time\" content=\"2020-11-07T20:45:10+00:00\" \/>\n<meta property=\"og:image\" content=\"https:\/\/www.lavenderink.org\/site\/wp-content\/uploads\/2017\/10\/Exile-and-Helplessness.jpg\" \/>\n\t<meta property=\"og:image:width\" content=\"250\" \/>\n\t<meta property=\"og:image:height\" content=\"403\" \/>\n\t<meta property=\"og:image:type\" content=\"image\/jpeg\" \/>\n<meta name=\"twitter:card\" content=\"summary_large_image\" \/>\n<meta name=\"twitter:site\" content=\"@lavender_ink_pr\" \/>\n<meta name=\"twitter:label1\" content=\"Est. reading time\" \/>\n\t<meta name=\"twitter:data1\" content=\"4 minutes\" \/>\n<script type=\"application\/ld+json\" class=\"yoast-schema-graph\">{\"@context\":\"https:\/\/schema.org\",\"@graph\":[{\"@type\":\"WebPage\",\"@id\":\"https:\/\/www.lavenderink.org\/site\/shop\/exile-and-helplessness\/\",\"url\":\"https:\/\/www.lavenderink.org\/site\/shop\/exile-and-helplessness\/\",\"name\":\"Exile and Helplessness - Lavender Ink \/ Di\u00e1logos\",\"isPartOf\":{\"@id\":\"https:\/\/www.lavenderink.org\/site\/#website\"},\"primaryImageOfPage\":{\"@id\":\"https:\/\/www.lavenderink.org\/site\/shop\/exile-and-helplessness\/#primaryimage\"},\"image\":{\"@id\":\"https:\/\/www.lavenderink.org\/site\/shop\/exile-and-helplessness\/#primaryimage\"},\"thumbnailUrl\":\"https:\/\/www.lavenderink.org\/site\/wp-content\/uploads\/2017\/10\/Exile-and-Helplessness.jpg\",\"datePublished\":\"2017-10-05T02:16:23+00:00\",\"dateModified\":\"2020-11-07T20:45:10+00:00\",\"breadcrumb\":{\"@id\":\"https:\/\/www.lavenderink.org\/site\/shop\/exile-and-helplessness\/#breadcrumb\"},\"inLanguage\":\"en-US\",\"potentialAction\":[{\"@type\":\"ReadAction\",\"target\":[\"https:\/\/www.lavenderink.org\/site\/shop\/exile-and-helplessness\/\"]}]},{\"@type\":\"ImageObject\",\"inLanguage\":\"en-US\",\"@id\":\"https:\/\/www.lavenderink.org\/site\/shop\/exile-and-helplessness\/#primaryimage\",\"url\":\"https:\/\/www.lavenderink.org\/site\/wp-content\/uploads\/2017\/10\/Exile-and-Helplessness.jpg\",\"contentUrl\":\"https:\/\/www.lavenderink.org\/site\/wp-content\/uploads\/2017\/10\/Exile-and-Helplessness.jpg\",\"width\":250,\"height\":403,\"caption\":\"Exile and Helplessness\"},{\"@type\":\"BreadcrumbList\",\"@id\":\"https:\/\/www.lavenderink.org\/site\/shop\/exile-and-helplessness\/#breadcrumb\",\"itemListElement\":[{\"@type\":\"ListItem\",\"position\":1,\"name\":\"Home\",\"item\":\"https:\/\/www.lavenderink.org\/site\/\"},{\"@type\":\"ListItem\",\"position\":2,\"name\":\"Shop\",\"item\":\"https:\/\/www.lavenderink.org\/site\/shop\/\"},{\"@type\":\"ListItem\",\"position\":3,\"name\":\"Exile and Helplessness\"}]},{\"@type\":\"WebSite\",\"@id\":\"https:\/\/www.lavenderink.org\/site\/#website\",\"url\":\"https:\/\/www.lavenderink.org\/site\/\",\"name\":\"Lavender Ink \/ Di\u00e1logos\",\"description\":\"Publisher of Contemporary Poetry and Literary Prose\",\"publisher\":{\"@id\":\"https:\/\/www.lavenderink.org\/site\/#organization\"},\"potentialAction\":[{\"@type\":\"SearchAction\",\"target\":{\"@type\":\"EntryPoint\",\"urlTemplate\":\"https:\/\/www.lavenderink.org\/site\/?s={search_term_string}\"},\"query-input\":{\"@type\":\"PropertyValueSpecification\",\"valueRequired\":true,\"valueName\":\"search_term_string\"}}],\"inLanguage\":\"en-US\"},{\"@type\":\"Organization\",\"@id\":\"https:\/\/www.lavenderink.org\/site\/#organization\",\"name\":\"Lavender Ink \/ Di\u00e1logos\",\"url\":\"https:\/\/www.lavenderink.org\/site\/\",\"logo\":{\"@type\":\"ImageObject\",\"inLanguage\":\"en-US\",\"@id\":\"https:\/\/www.lavenderink.org\/site\/#\/schema\/logo\/image\/\",\"url\":\"https:\/\/www.lavenderink.org\/site\/wp-content\/uploads\/2018\/01\/cityscape-800.jpg\",\"contentUrl\":\"https:\/\/www.lavenderink.org\/site\/wp-content\/uploads\/2018\/01\/cityscape-800.jpg\",\"width\":800,\"height\":183,\"caption\":\"Lavender Ink \/ Di\u00e1logos\"},\"image\":{\"@id\":\"https:\/\/www.lavenderink.org\/site\/#\/schema\/logo\/image\/\"},\"sameAs\":[\"https:\/\/www.facebook.com\/lavenderinkdialogos\/\",\"https:\/\/x.com\/lavender_ink_pr\"]}]}<\/script>\n<!-- \/ Yoast SEO plugin. -->","yoast_head_json":{"title":"Exile and Helplessness - Lavender Ink \/ Di\u00e1logos","robots":{"index":"index","follow":"follow","max-snippet":"max-snippet:-1","max-image-preview":"max-image-preview:large","max-video-preview":"max-video-preview:-1"},"canonical":"https:\/\/www.lavenderink.org\/site\/shop\/exile-and-helplessness\/","og_locale":"en_US","og_type":"article","og_title":"Exile and Helplessness - Lavender Ink \/ Di\u00e1logos","og_description":"Nabile Far\u00e8s trans Peter Thompson 9781935084181 First appearance in English of this lyrical last volume in Nabile Far\u00e8s\u2019 great trilogy,\u00a0La D\u00e9couverte du nouveau monde.","og_url":"https:\/\/www.lavenderink.org\/site\/shop\/exile-and-helplessness\/","og_site_name":"Lavender Ink \/ Di\u00e1logos","article_publisher":"https:\/\/www.facebook.com\/lavenderinkdialogos\/","article_modified_time":"2020-11-07T20:45:10+00:00","og_image":[{"width":250,"height":403,"url":"https:\/\/www.lavenderink.org\/site\/wp-content\/uploads\/2017\/10\/Exile-and-Helplessness.jpg","type":"image\/jpeg"}],"twitter_card":"summary_large_image","twitter_site":"@lavender_ink_pr","twitter_misc":{"Est. reading time":"4 minutes"},"schema":{"@context":"https:\/\/schema.org","@graph":[{"@type":"WebPage","@id":"https:\/\/www.lavenderink.org\/site\/shop\/exile-and-helplessness\/","url":"https:\/\/www.lavenderink.org\/site\/shop\/exile-and-helplessness\/","name":"Exile and Helplessness - Lavender Ink \/ Di\u00e1logos","isPartOf":{"@id":"https:\/\/www.lavenderink.org\/site\/#website"},"primaryImageOfPage":{"@id":"https:\/\/www.lavenderink.org\/site\/shop\/exile-and-helplessness\/#primaryimage"},"image":{"@id":"https:\/\/www.lavenderink.org\/site\/shop\/exile-and-helplessness\/#primaryimage"},"thumbnailUrl":"https:\/\/www.lavenderink.org\/site\/wp-content\/uploads\/2017\/10\/Exile-and-Helplessness.jpg","datePublished":"2017-10-05T02:16:23+00:00","dateModified":"2020-11-07T20:45:10+00:00","breadcrumb":{"@id":"https:\/\/www.lavenderink.org\/site\/shop\/exile-and-helplessness\/#breadcrumb"},"inLanguage":"en-US","potentialAction":[{"@type":"ReadAction","target":["https:\/\/www.lavenderink.org\/site\/shop\/exile-and-helplessness\/"]}]},{"@type":"ImageObject","inLanguage":"en-US","@id":"https:\/\/www.lavenderink.org\/site\/shop\/exile-and-helplessness\/#primaryimage","url":"https:\/\/www.lavenderink.org\/site\/wp-content\/uploads\/2017\/10\/Exile-and-Helplessness.jpg","contentUrl":"https:\/\/www.lavenderink.org\/site\/wp-content\/uploads\/2017\/10\/Exile-and-Helplessness.jpg","width":250,"height":403,"caption":"Exile and Helplessness"},{"@type":"BreadcrumbList","@id":"https:\/\/www.lavenderink.org\/site\/shop\/exile-and-helplessness\/#breadcrumb","itemListElement":[{"@type":"ListItem","position":1,"name":"Home","item":"https:\/\/www.lavenderink.org\/site\/"},{"@type":"ListItem","position":2,"name":"Shop","item":"https:\/\/www.lavenderink.org\/site\/shop\/"},{"@type":"ListItem","position":3,"name":"Exile and Helplessness"}]},{"@type":"WebSite","@id":"https:\/\/www.lavenderink.org\/site\/#website","url":"https:\/\/www.lavenderink.org\/site\/","name":"Lavender Ink \/ Di\u00e1logos","description":"Publisher of Contemporary Poetry and Literary Prose","publisher":{"@id":"https:\/\/www.lavenderink.org\/site\/#organization"},"potentialAction":[{"@type":"SearchAction","target":{"@type":"EntryPoint","urlTemplate":"https:\/\/www.lavenderink.org\/site\/?s={search_term_string}"},"query-input":{"@type":"PropertyValueSpecification","valueRequired":true,"valueName":"search_term_string"}}],"inLanguage":"en-US"},{"@type":"Organization","@id":"https:\/\/www.lavenderink.org\/site\/#organization","name":"Lavender Ink \/ Di\u00e1logos","url":"https:\/\/www.lavenderink.org\/site\/","logo":{"@type":"ImageObject","inLanguage":"en-US","@id":"https:\/\/www.lavenderink.org\/site\/#\/schema\/logo\/image\/","url":"https:\/\/www.lavenderink.org\/site\/wp-content\/uploads\/2018\/01\/cityscape-800.jpg","contentUrl":"https:\/\/www.lavenderink.org\/site\/wp-content\/uploads\/2018\/01\/cityscape-800.jpg","width":800,"height":183,"caption":"Lavender Ink \/ Di\u00e1logos"},"image":{"@id":"https:\/\/www.lavenderink.org\/site\/#\/schema\/logo\/image\/"},"sameAs":["https:\/\/www.facebook.com\/lavenderinkdialogos\/","https:\/\/x.com\/lavender_ink_pr"]}]}},"jetpack_publicize_connections":[],"jetpack_likes_enabled":false,"jetpack_sharing_enabled":true,"_links":{"self":[{"href":"https:\/\/www.lavenderink.org\/site\/wp-json\/wp\/v2\/product\/190","targetHints":{"allow":["GET"]}}],"collection":[{"href":"https:\/\/www.lavenderink.org\/site\/wp-json\/wp\/v2\/product"}],"about":[{"href":"https:\/\/www.lavenderink.org\/site\/wp-json\/wp\/v2\/types\/product"}],"replies":[{"embeddable":true,"href":"https:\/\/www.lavenderink.org\/site\/wp-json\/wp\/v2\/comments?post=190"}],"version-history":[{"count":0,"href":"https:\/\/www.lavenderink.org\/site\/wp-json\/wp\/v2\/product\/190\/revisions"}],"wp:featuredmedia":[{"embeddable":true,"href":"https:\/\/www.lavenderink.org\/site\/wp-json\/wp\/v2\/media\/191"}],"wp:attachment":[{"href":"https:\/\/www.lavenderink.org\/site\/wp-json\/wp\/v2\/media?parent=190"}],"wp:term":[{"taxonomy":"product_brand","embeddable":true,"href":"https:\/\/www.lavenderink.org\/site\/wp-json\/wp\/v2\/product_brand?post=190"},{"taxonomy":"product_cat","embeddable":true,"href":"https:\/\/www.lavenderink.org\/site\/wp-json\/wp\/v2\/product_cat?post=190"},{"taxonomy":"product_tag","embeddable":true,"href":"https:\/\/www.lavenderink.org\/site\/wp-json\/wp\/v2\/product_tag?post=190"}],"curies":[{"name":"wp","href":"https:\/\/api.w.org\/{rel}","templated":true}]}}