{"id":212,"date":"2017-10-09T03:23:44","date_gmt":"2017-10-09T08:23:44","guid":{"rendered":"http:\/\/www.lavenderink.org\/site\/?post_type=product&#038;p=212"},"modified":"2020-05-26T14:44:14","modified_gmt":"2020-05-26T19:44:14","slug":"alteration-of-silence-the-recent-chilean-poetry","status":"publish","type":"product","link":"https:\/\/www.lavenderink.org\/site\/shop\/alteration-of-silence-the-recent-chilean-poetry\/","title":{"rendered":"Alteration of Silence, The: Recent Chilean Poetry"},"content":{"rendered":"<h3>Galo Ghigliotto \/ William Allegrezza, Editors<\/h3>\n<p>ISBN 978-1935084167<br \/>\n330 pages: $26.95<br \/>\nAugust, 2013<\/p>\n<p>&nbsp;<\/p>\n<hr \/>\n<p style=\"text-align: justify;\">Chile is rich with poetic history, yet in the U.S., Chilean poetry is known through only a handful of its great poets. Little recent poetry has been translated, so it is hard for even those enchanted by Chilean poetry to learn more unless they speak Spanish. Many of these living poets are doing fascinating work, creating their own poetry, but also fostering the literary community in Chile and Latin America by starting presses and reading series, by editing journals and by giving presentations. Their energy is apparent in the translations.<\/p>\n<p style=\"text-align: justify;\">This book shows the continuation of Chile\u2019s cultural history, but it also shows the diversity of Chile\u2019s contemporary poetry through lyrical, experimental, political, social, and many other types of poetry.\u00a0<\/p>\n<p style=\"text-align: justify;\">The Alteration of Silence is a sister project to\u00a0<strong><em>La Alteraci\u00f3n del Silencio: Poes\u00eda Norteamericana Reciente<\/em><\/strong>, also edited by Galo Ghigliotto and William Allegreza, a book which contained the work of twenty-five contemporary American poets translated into Spanish.<\/p>\n<p>&nbsp;<\/p>\n<hr \/>\n<p style=\"text-align: justify;\">Once, the historian Arnold Toynbee apparently named Chile as a \u201ccountry of the future,\u201d which Adan Mendez calls \u201cinexplicable\u201d in one of his poems. The explanation, though, might be the moving bounty of poetry continuing to come out of Chile since she birthed \u201cthe first Spanish poetic expression known in the Americas\u2026 La Araucana by Alonso de Ercilla y Z\u00fa\u00f1iga,\u201d as well as Latin America\u2019s first two Nobel Prize winners Gabriela Mistral (1945) and Pablo Neruda (1970).\u00a0 For Chile\u2019s contemporary poets are writing energetic poems with fresh forms, musics and perspectives which deserve wider exposure on the global stage. Chile\u2019s poets are pushing forward the known limits of poetry with compelling poems\u2014if these poems\u2019 invitations to be inhabited are eagerly accepted, they also will share something about the hunger, astonishment, radiance, grief and desire that stews together to form Chile: \u201cThe blazing light of the sun \/&#8230;Pouring heat on my body \/ Letting it live burning it gradually \/\/ Come see this burning.\u201d<br \/>\n\u2014Eileen R. Tabios<\/p>\n<p>&nbsp;<\/p>\n<p style=\"text-align: justify;\">This edition places one of Latin America\u2019s most celebrated living poets, Ra\u00fal Zurita, alongside writers of younger generations.\u00a0 It successfully does away with the delays that slow or halt inter-American conversations by presenting previously untranslated work in a bilingual format.\u00a0 The translators, many of whom are poets themselves, construct a dynamic portrait of a diverse poetic world.\u00a0 They introduce readers not only to the range and depth of poetry coming out of contemporary Chile, but to the writers who lead cultural conversations around that nation today through parallel work with magazines, presses, and the organization of events.<br \/>\n\u2014Kristin Dykstra<\/p>\n<hr \/>\n<p>&nbsp;<\/p>\n<p style=\"text-align: justify;\">Contributors to\u00a0<strong><em>The Alteration of Silence<\/em><\/strong>\u00a0include the following poets:<br \/>\nAd\u00e1n M\u00e9ndez, Alejandro Zambra, Alexis Figueroa , Cami lo Brodsky, C\u00e9sar Cabello, Elizabeth Neira, Germ\u00e1n Carrasco, Gustavo Barrera , Jaim e Huen\u00fan Rodrigo Morales, Soledad Fari\u00f1a, Sergio Coddou, Victor Hugo D\u00edaz, Yanko Gonz\u00e1lez, Carlos Coci\u00f1a, \u00a0\u00a0 \u00a0Christian Formoso, Carlos Soto Rom\u00e1n, Jos\u00e9 \u00c1ngel Cuevas, Carmen Berenguer, Elvira Hern\u00e1ndez, Mal\u00fa Urriola, H\u00e9ctor Hern\u00e1ndez Montecinos, Galo Ghigliotto. Carlos Henrickson, Ra\u00fal Zurita, Leonardo Sanhueza, Gloria D\u00fcnkler, and Jaime Pinos.<\/p>\n<p>&nbsp;<\/p>\n<p style=\"text-align: justify;\">Translated by the following translators:<br \/>\nDaniel Borzutzky, Irma Blanco Casey, Stuart Cooke. John Dewitt, Edgar Garcia, Lea Graham, Paul Hendricks, Rebeka Lembo, Ricardo Maldonado, Jose-Luis Moctezuma, J.D. Smith, and Donald Wellman.<\/p>\n","protected":false},"excerpt":{"rendered":"<p>Galo Ghigliotto \/ William Allegrezza, Eds<br \/>\n9781935084167<br \/>\nChile is rich with poetic history, yet in the U.S., Chilean poetry is known through only a handful of its great poets.<\/p>\n","protected":false},"featured_media":213,"comment_status":"open","ping_status":"closed","template":"","meta":{"jetpack_post_was_ever_published":false,"jetpack_publicize_message":"","jetpack_publicize_feature_enabled":true,"jetpack_social_post_already_shared":false,"jetpack_social_options":{"image_generator_settings":{"template":"highway","default_image_id":0,"font":"","enabled":false},"version":2}},"product_brand":[],"product_cat":[17],"product_tag":[25,283,106,104,18,30,105],"class_list":{"0":"post-212","1":"product","2":"type-product","3":"status-publish","4":"has-post-thumbnail","6":"product_cat-dialogos","7":"product_tag-anthology","8":"product_tag-bilingual","9":"product_tag-chile","10":"product_tag-galo-ghigliotto","11":"product_tag-poetry","12":"product_tag-spanish","13":"product_tag-william-allegrezza","15":"first","16":"instock","17":"taxable","18":"shipping-taxable","19":"purchasable","20":"product-type-simple","21":"berocket_lgv_grid","22":"berocket_lgv_list_grid"},"yoast_head":"<!-- This site is optimized with the Yoast SEO plugin v27.0 - https:\/\/yoast.com\/product\/yoast-seo-wordpress\/ -->\n<title>Alteration of Silence, The: Recent Chilean Poetry - Lavender Ink \/ Di\u00e1logos<\/title>\n<meta name=\"robots\" content=\"index, follow, max-snippet:-1, max-image-preview:large, max-video-preview:-1\" \/>\n<link rel=\"canonical\" href=\"https:\/\/www.lavenderink.org\/site\/shop\/alteration-of-silence-the-recent-chilean-poetry\/\" \/>\n<meta property=\"og:locale\" content=\"en_US\" \/>\n<meta property=\"og:type\" content=\"article\" \/>\n<meta property=\"og:title\" content=\"Alteration of Silence, The: Recent Chilean Poetry - Lavender Ink \/ Di\u00e1logos\" \/>\n<meta property=\"og:description\" content=\"Galo Ghigliotto \/ William Allegrezza, Eds 9781935084167 Chile is rich with poetic history, yet in the U.S., Chilean poetry is known through only a handful of its great poets.\" \/>\n<meta property=\"og:url\" content=\"https:\/\/www.lavenderink.org\/site\/shop\/alteration-of-silence-the-recent-chilean-poetry\/\" \/>\n<meta property=\"og:site_name\" content=\"Lavender Ink \/ Di\u00e1logos\" \/>\n<meta property=\"article:publisher\" content=\"https:\/\/www.facebook.com\/lavenderinkdialogos\/\" \/>\n<meta property=\"article:modified_time\" content=\"2020-05-26T19:44:14+00:00\" \/>\n<meta property=\"og:image\" content=\"https:\/\/www.lavenderink.org\/site\/wp-content\/uploads\/2017\/10\/Alteration-of-Silence-The-Recent-Chilean-Poetry.jpg\" \/>\n\t<meta property=\"og:image:width\" content=\"250\" \/>\n\t<meta property=\"og:image:height\" content=\"378\" \/>\n\t<meta property=\"og:image:type\" content=\"image\/jpeg\" \/>\n<meta name=\"twitter:card\" content=\"summary_large_image\" \/>\n<meta name=\"twitter:site\" content=\"@lavender_ink_pr\" \/>\n<meta name=\"twitter:label1\" content=\"Est. reading time\" \/>\n\t<meta name=\"twitter:data1\" content=\"3 minutes\" \/>\n<script type=\"application\/ld+json\" class=\"yoast-schema-graph\">{\"@context\":\"https:\/\/schema.org\",\"@graph\":[{\"@type\":\"WebPage\",\"@id\":\"https:\/\/www.lavenderink.org\/site\/shop\/alteration-of-silence-the-recent-chilean-poetry\/\",\"url\":\"https:\/\/www.lavenderink.org\/site\/shop\/alteration-of-silence-the-recent-chilean-poetry\/\",\"name\":\"Alteration of Silence, The: Recent Chilean Poetry - Lavender Ink \/ Di\u00e1logos\",\"isPartOf\":{\"@id\":\"https:\/\/www.lavenderink.org\/site\/#website\"},\"primaryImageOfPage\":{\"@id\":\"https:\/\/www.lavenderink.org\/site\/shop\/alteration-of-silence-the-recent-chilean-poetry\/#primaryimage\"},\"image\":{\"@id\":\"https:\/\/www.lavenderink.org\/site\/shop\/alteration-of-silence-the-recent-chilean-poetry\/#primaryimage\"},\"thumbnailUrl\":\"https:\/\/www.lavenderink.org\/site\/wp-content\/uploads\/2017\/10\/Alteration-of-Silence-The-Recent-Chilean-Poetry.jpg\",\"datePublished\":\"2017-10-09T08:23:44+00:00\",\"dateModified\":\"2020-05-26T19:44:14+00:00\",\"breadcrumb\":{\"@id\":\"https:\/\/www.lavenderink.org\/site\/shop\/alteration-of-silence-the-recent-chilean-poetry\/#breadcrumb\"},\"inLanguage\":\"en-US\",\"potentialAction\":[{\"@type\":\"ReadAction\",\"target\":[\"https:\/\/www.lavenderink.org\/site\/shop\/alteration-of-silence-the-recent-chilean-poetry\/\"]}]},{\"@type\":\"ImageObject\",\"inLanguage\":\"en-US\",\"@id\":\"https:\/\/www.lavenderink.org\/site\/shop\/alteration-of-silence-the-recent-chilean-poetry\/#primaryimage\",\"url\":\"https:\/\/www.lavenderink.org\/site\/wp-content\/uploads\/2017\/10\/Alteration-of-Silence-The-Recent-Chilean-Poetry.jpg\",\"contentUrl\":\"https:\/\/www.lavenderink.org\/site\/wp-content\/uploads\/2017\/10\/Alteration-of-Silence-The-Recent-Chilean-Poetry.jpg\",\"width\":250,\"height\":378,\"caption\":\"Alteration of Silence, The: Recent Chilean Poetry\"},{\"@type\":\"BreadcrumbList\",\"@id\":\"https:\/\/www.lavenderink.org\/site\/shop\/alteration-of-silence-the-recent-chilean-poetry\/#breadcrumb\",\"itemListElement\":[{\"@type\":\"ListItem\",\"position\":1,\"name\":\"Home\",\"item\":\"https:\/\/www.lavenderink.org\/site\/\"},{\"@type\":\"ListItem\",\"position\":2,\"name\":\"Shop\",\"item\":\"https:\/\/www.lavenderink.org\/site\/shop\/\"},{\"@type\":\"ListItem\",\"position\":3,\"name\":\"Alteration of Silence, The: Recent Chilean Poetry\"}]},{\"@type\":\"WebSite\",\"@id\":\"https:\/\/www.lavenderink.org\/site\/#website\",\"url\":\"https:\/\/www.lavenderink.org\/site\/\",\"name\":\"Lavender Ink \/ Di\u00e1logos\",\"description\":\"Publisher of Contemporary Poetry and Literary Prose\",\"publisher\":{\"@id\":\"https:\/\/www.lavenderink.org\/site\/#organization\"},\"potentialAction\":[{\"@type\":\"SearchAction\",\"target\":{\"@type\":\"EntryPoint\",\"urlTemplate\":\"https:\/\/www.lavenderink.org\/site\/?s={search_term_string}\"},\"query-input\":{\"@type\":\"PropertyValueSpecification\",\"valueRequired\":true,\"valueName\":\"search_term_string\"}}],\"inLanguage\":\"en-US\"},{\"@type\":\"Organization\",\"@id\":\"https:\/\/www.lavenderink.org\/site\/#organization\",\"name\":\"Lavender Ink \/ Di\u00e1logos\",\"url\":\"https:\/\/www.lavenderink.org\/site\/\",\"logo\":{\"@type\":\"ImageObject\",\"inLanguage\":\"en-US\",\"@id\":\"https:\/\/www.lavenderink.org\/site\/#\/schema\/logo\/image\/\",\"url\":\"https:\/\/www.lavenderink.org\/site\/wp-content\/uploads\/2018\/01\/cityscape-800.jpg\",\"contentUrl\":\"https:\/\/www.lavenderink.org\/site\/wp-content\/uploads\/2018\/01\/cityscape-800.jpg\",\"width\":800,\"height\":183,\"caption\":\"Lavender Ink \/ Di\u00e1logos\"},\"image\":{\"@id\":\"https:\/\/www.lavenderink.org\/site\/#\/schema\/logo\/image\/\"},\"sameAs\":[\"https:\/\/www.facebook.com\/lavenderinkdialogos\/\",\"https:\/\/x.com\/lavender_ink_pr\"]}]}<\/script>\n<!-- \/ Yoast SEO plugin. -->","yoast_head_json":{"title":"Alteration of Silence, The: Recent Chilean Poetry - Lavender Ink \/ Di\u00e1logos","robots":{"index":"index","follow":"follow","max-snippet":"max-snippet:-1","max-image-preview":"max-image-preview:large","max-video-preview":"max-video-preview:-1"},"canonical":"https:\/\/www.lavenderink.org\/site\/shop\/alteration-of-silence-the-recent-chilean-poetry\/","og_locale":"en_US","og_type":"article","og_title":"Alteration of Silence, The: Recent Chilean Poetry - Lavender Ink \/ Di\u00e1logos","og_description":"Galo Ghigliotto \/ William Allegrezza, Eds 9781935084167 Chile is rich with poetic history, yet in the U.S., Chilean poetry is known through only a handful of its great poets.","og_url":"https:\/\/www.lavenderink.org\/site\/shop\/alteration-of-silence-the-recent-chilean-poetry\/","og_site_name":"Lavender Ink \/ Di\u00e1logos","article_publisher":"https:\/\/www.facebook.com\/lavenderinkdialogos\/","article_modified_time":"2020-05-26T19:44:14+00:00","og_image":[{"width":250,"height":378,"url":"https:\/\/www.lavenderink.org\/site\/wp-content\/uploads\/2017\/10\/Alteration-of-Silence-The-Recent-Chilean-Poetry.jpg","type":"image\/jpeg"}],"twitter_card":"summary_large_image","twitter_site":"@lavender_ink_pr","twitter_misc":{"Est. reading time":"3 minutes"},"schema":{"@context":"https:\/\/schema.org","@graph":[{"@type":"WebPage","@id":"https:\/\/www.lavenderink.org\/site\/shop\/alteration-of-silence-the-recent-chilean-poetry\/","url":"https:\/\/www.lavenderink.org\/site\/shop\/alteration-of-silence-the-recent-chilean-poetry\/","name":"Alteration of Silence, The: Recent Chilean Poetry - Lavender Ink \/ Di\u00e1logos","isPartOf":{"@id":"https:\/\/www.lavenderink.org\/site\/#website"},"primaryImageOfPage":{"@id":"https:\/\/www.lavenderink.org\/site\/shop\/alteration-of-silence-the-recent-chilean-poetry\/#primaryimage"},"image":{"@id":"https:\/\/www.lavenderink.org\/site\/shop\/alteration-of-silence-the-recent-chilean-poetry\/#primaryimage"},"thumbnailUrl":"https:\/\/www.lavenderink.org\/site\/wp-content\/uploads\/2017\/10\/Alteration-of-Silence-The-Recent-Chilean-Poetry.jpg","datePublished":"2017-10-09T08:23:44+00:00","dateModified":"2020-05-26T19:44:14+00:00","breadcrumb":{"@id":"https:\/\/www.lavenderink.org\/site\/shop\/alteration-of-silence-the-recent-chilean-poetry\/#breadcrumb"},"inLanguage":"en-US","potentialAction":[{"@type":"ReadAction","target":["https:\/\/www.lavenderink.org\/site\/shop\/alteration-of-silence-the-recent-chilean-poetry\/"]}]},{"@type":"ImageObject","inLanguage":"en-US","@id":"https:\/\/www.lavenderink.org\/site\/shop\/alteration-of-silence-the-recent-chilean-poetry\/#primaryimage","url":"https:\/\/www.lavenderink.org\/site\/wp-content\/uploads\/2017\/10\/Alteration-of-Silence-The-Recent-Chilean-Poetry.jpg","contentUrl":"https:\/\/www.lavenderink.org\/site\/wp-content\/uploads\/2017\/10\/Alteration-of-Silence-The-Recent-Chilean-Poetry.jpg","width":250,"height":378,"caption":"Alteration of Silence, The: Recent Chilean Poetry"},{"@type":"BreadcrumbList","@id":"https:\/\/www.lavenderink.org\/site\/shop\/alteration-of-silence-the-recent-chilean-poetry\/#breadcrumb","itemListElement":[{"@type":"ListItem","position":1,"name":"Home","item":"https:\/\/www.lavenderink.org\/site\/"},{"@type":"ListItem","position":2,"name":"Shop","item":"https:\/\/www.lavenderink.org\/site\/shop\/"},{"@type":"ListItem","position":3,"name":"Alteration of Silence, The: Recent Chilean Poetry"}]},{"@type":"WebSite","@id":"https:\/\/www.lavenderink.org\/site\/#website","url":"https:\/\/www.lavenderink.org\/site\/","name":"Lavender Ink \/ Di\u00e1logos","description":"Publisher of Contemporary Poetry and Literary Prose","publisher":{"@id":"https:\/\/www.lavenderink.org\/site\/#organization"},"potentialAction":[{"@type":"SearchAction","target":{"@type":"EntryPoint","urlTemplate":"https:\/\/www.lavenderink.org\/site\/?s={search_term_string}"},"query-input":{"@type":"PropertyValueSpecification","valueRequired":true,"valueName":"search_term_string"}}],"inLanguage":"en-US"},{"@type":"Organization","@id":"https:\/\/www.lavenderink.org\/site\/#organization","name":"Lavender Ink \/ Di\u00e1logos","url":"https:\/\/www.lavenderink.org\/site\/","logo":{"@type":"ImageObject","inLanguage":"en-US","@id":"https:\/\/www.lavenderink.org\/site\/#\/schema\/logo\/image\/","url":"https:\/\/www.lavenderink.org\/site\/wp-content\/uploads\/2018\/01\/cityscape-800.jpg","contentUrl":"https:\/\/www.lavenderink.org\/site\/wp-content\/uploads\/2018\/01\/cityscape-800.jpg","width":800,"height":183,"caption":"Lavender Ink \/ Di\u00e1logos"},"image":{"@id":"https:\/\/www.lavenderink.org\/site\/#\/schema\/logo\/image\/"},"sameAs":["https:\/\/www.facebook.com\/lavenderinkdialogos\/","https:\/\/x.com\/lavender_ink_pr"]}]}},"jetpack_publicize_connections":[],"jetpack_likes_enabled":false,"jetpack_sharing_enabled":true,"_links":{"self":[{"href":"https:\/\/www.lavenderink.org\/site\/wp-json\/wp\/v2\/product\/212","targetHints":{"allow":["GET"]}}],"collection":[{"href":"https:\/\/www.lavenderink.org\/site\/wp-json\/wp\/v2\/product"}],"about":[{"href":"https:\/\/www.lavenderink.org\/site\/wp-json\/wp\/v2\/types\/product"}],"replies":[{"embeddable":true,"href":"https:\/\/www.lavenderink.org\/site\/wp-json\/wp\/v2\/comments?post=212"}],"version-history":[{"count":0,"href":"https:\/\/www.lavenderink.org\/site\/wp-json\/wp\/v2\/product\/212\/revisions"}],"wp:featuredmedia":[{"embeddable":true,"href":"https:\/\/www.lavenderink.org\/site\/wp-json\/wp\/v2\/media\/213"}],"wp:attachment":[{"href":"https:\/\/www.lavenderink.org\/site\/wp-json\/wp\/v2\/media?parent=212"}],"wp:term":[{"taxonomy":"product_brand","embeddable":true,"href":"https:\/\/www.lavenderink.org\/site\/wp-json\/wp\/v2\/product_brand?post=212"},{"taxonomy":"product_cat","embeddable":true,"href":"https:\/\/www.lavenderink.org\/site\/wp-json\/wp\/v2\/product_cat?post=212"},{"taxonomy":"product_tag","embeddable":true,"href":"https:\/\/www.lavenderink.org\/site\/wp-json\/wp\/v2\/product_tag?post=212"}],"curies":[{"name":"wp","href":"https:\/\/api.w.org\/{rel}","templated":true}]}}