{"id":220,"date":"2017-10-09T04:41:22","date_gmt":"2017-10-09T09:41:22","guid":{"rendered":"http:\/\/www.lavenderink.org\/site\/?post_type=product&#038;p=220"},"modified":"2020-07-24T05:52:28","modified_gmt":"2020-07-24T10:52:28","slug":"while-the-wolf-is-around","status":"publish","type":"product","link":"https:\/\/www.lavenderink.org\/site\/shop\/while-the-wolf-is-around\/","title":{"rendered":"While the Wolf is Around"},"content":{"rendered":"<h1><a href=\"https:\/\/www.lavenderink.org\/site\/books\/eduardo-chirinos\"><strong>Eduardo Chirinos<\/strong><\/a><\/h1>\n<h3><strong>Translated by\u00a0<a href=\"https:\/\/www.lavenderink.org\/site\/books\/g-j-racz\">G. J. Racz<\/a><\/strong><\/h3>\n<h2><strong><em>While the Wolf is Around<br \/>\nMientras el lobo est\u00e1<\/em><\/strong><\/h2>\n<p>ISBN 978-1-935084-40-2<br \/>\n120 pages: $16.00<br \/>\nMay, 2014<\/p>\n<p><em>Bilingual<\/em><\/p>\n<p>&nbsp;<\/p>\n<hr \/>\n<p>&nbsp;<\/p>\n<p style=\"text-align: justify;\"><em><strong>While the Wolf Is Around<\/strong>\u00a0<\/em>[<strong><em>Mientras el lobo est\u00e1<\/em><\/strong>], which won the 2009 Generation of \u201927 Poetry Prize, is the sixteenth book of poetry by Eduardo Chirinos, one of Peru\u2019s most important contemporary authors. \u00a0A member of Peru\u2019s 80\u2019s Generation, Chirinos has been widely anthologized in the Spanish-speaking world.\u00a0\u00a0<em>While the Wolf Is Around<\/em>\u00a0treats many of the subjects and themes found throughout Chirinos\u2019s oeuvre:\u00a0 the return to childhood, the vagaries of memory, the alternative reality of dream, a fascination with animals, the utility of seeing and hearing, the writer\u2019s place in poetic tradition, the ongoing commentary on art and film, and the never-ending search for originality through innovative expression.\u00a0 Chirinos\u2019s poetics wage a constant battle against linguistic exhaustion, frequently staving off clich\u00e9 through a wry tone and simple eloquence.\u00a0 This book is his fourth in English translation, joining\u00a0<strong><em>Reasons for Writing Poetry<\/em>,\u00a0<em>Written in Missoula<\/em><\/strong>, and\u00a0<strong><em>The Smoke of Distant Fires<\/em>.<\/strong><\/p>\n<p>&nbsp;<\/p>\n<hr \/>\n<p>&nbsp;<\/p>\n<p style=\"text-align: justify;\">Eduardo Chirinos is one the leading voices of contemporary Latin American poetry, one of the most accomplished, prolific, and adverturesome in the entire lyric repertoire in Spanish.<br \/>\n<em>Octavio Pineda<\/em><\/p>\n<p>&nbsp;<\/p>\n<p style=\"text-align: justify;\">Chirinos is one of the most outstanding poets to appear within the last thirty years.\u00a0 His words create a recognizable but original world, at one and the same time natural and accessible, like something out of our own experience.<br \/>\n<em>Jos\u00e9 Miguel Oviedo<\/em><\/p>\n<p>&nbsp;<\/p>\n<p style=\"text-align: justify;\">Within his historical context, that of Peruvian poetry in the 1980s, Eduardo Chirinos represents that rare case of a poet who aspires to be nothing more than a poet.<br \/>\n<em>Mart\u00edn Rodr\u00edguez Gaona<\/em><\/p>\n<p>&nbsp;<\/p>\n<p style=\"text-align: justify;\">Chirinos is simultaneously lyrical and narrative, mythic and historical.\u00a0 His poetic visions are circular voyages in which the subject is just a point of reference within a language that constantly confounds him.<br \/>\n<em>V\u00edctor Vich<\/em><\/p>\n<p>&nbsp;<\/p>\n<p style=\"text-align: justify;\">The formal beauty of Eduardo Chirinos\u2019s poetry is certainly one of its bastions, written as it is under the torrential sweep of words the poet both restrains and measures out, scanning them into what will end up being a poem.<br \/>\n<em>Juan Carlos Abril<\/em><\/p>\n<p>&nbsp;<\/p>\n<p style=\"text-align: justify;\">Let\u2019s just say that, in Chirinos\u2019s work, the force of his words lies in dignifying the ordinary precisely for its ordinariness:\u00a0 scenes so common as to pass by unperceived, moments that make up our days but not the lists of \u201cThis Day in Hisotry.\u201d<br \/>\n<em>Rafael Espejo<\/em><\/p>\n<p>&nbsp;<\/p>\n<p style=\"text-align: justify;\">The challenge in Chirinos is to hurl meaning toward epiphany, which he overwhelmingly succeeds in doing.<br \/>\n<em>Samuel Jaramillo<\/em><\/p>\n<p>&nbsp;<\/p>\n<p style=\"text-align: justify;\">Eduardo Chirinos invites the reader into his circle game of chance observation and poignant discovery, and his accounts of the daily routine, memory, poetry and paintings find a fortunate home in G. J. Racz\u2019s translation. \u00a0Grounded in moving rhythms and brilliant word choice, these versions manage to elevate the commonplace as well as the precious to a level of subtle musicality and delight.\u00a0<br \/>\n<em>Lisa Rose Bradford<\/em><\/p>\n<p>&nbsp;<\/p>\n<p style=\"text-align: justify;\">Eduardo Chirinos is lucky to have G. J. Racz as his translator. \u00a0Racz brings to the task a great knowledge of Spanish and great skill with American English. \u00a0He knows how to transform spoken language into poetry, as Chirinos does. \u00a0A lesser translator would fall into prose. Racz\u2019s translations are accurate equivalents of Chirinos\u2019s poems, and a great pleasure to read.<br \/>\n<em>Jonathan Cohen, editor\/compiler of William Carlos Williams\u2019s\u00a0<\/em><strong>By Word of Mouth: Poems from the Spanish, 1916\u20131959<\/strong><\/p>\n<p>&nbsp;<\/p>\n<p style=\"text-align: justify;\">In these intensely personal yet erudite poems, Eduardo Chirinos draws from his childhood in his native Peru as well as from the classics and myriad other sources.\u00a0 The speakers here address writers, painters, and philosophers, even Poetry itself, in meditations that juxtapose the quotidian and the sublime.\u00a0 Bravo to the poet, and to translator G. J. Racz for delivering another collection of Chirinos\u2019s verse so naturally into English.\u00a0<br \/>\n<em>Daniel Shapiro,\u00a0<\/em><em>Editor, Review:\u00a0<\/em><strong>Literature and Arts of the Americas<\/strong>,<strong>\u00a0<\/strong><em>Americas Society<\/em><\/p>\n<p>&nbsp;<\/p>\n<p style=\"text-align: justify;\">In\u00a0<strong><em>While the Wolf Is Around<\/em><\/strong>, G.J. Racz masterfully renders the playful, ironic tone of the original into English, yet he refuses to sacrifice the uniqueness that makes Eduardo Chirinos one of the most notable voices in contemporary Spanish American poetry. \u00a0<br \/>\n<a href=\"http:\/\/www.lavenderink.org\/site\/books\/katherine-m-hedeen\"><em>Katherine Hedeen<\/em><\/a><\/p>\n<p>&nbsp;<\/p>\n<p style=\"text-align: justify;\"><strong><em>While the Wolf Is Around<\/em><\/strong>\u00a0confirms that Eduardo Chirinos is one the most relevant poets in Spanish-language poetry today. In this highly engaging book, written with lucidity and passion from its structure down to the details, memory shakes hands with daily life, chronicle with invention, friendship with literary admiration, one\u2019s own life with the lives of others. What\u2019s remarkable here is the breadth and depth of the understanding of reality, which includes art and poetry itself as objective consciousness: \u201cYesterday the sun reflected\/ off the blade of a knife. Maybe it was trying\/ to tell me something, but I only shut my eyes.\/ I\u2019ll hold onto that resplendence until tomorrow.\u201d This is a book of prose poems where the prose isn\u2019t prosaic, it doesn\u2019t forget it\u2019s lyric, and it flows aided admirably by the language\u2019s transparency and precision. Just like in the best Spanish-language poetry from halfway through the last century, in these pages what\u2019s emphasized is the implicit message, what\u2019s sought out is an active reader, who completes the text begun by the author, and so: \u201cEverything a poem has to say should be\/ hidden.\u201d \u00a0\u00a0<br \/>\n<em><a href=\"http:\/\/www.lavenderink.org\/site\/books\/victor-rodriguez-nunez\">V\u00edctor Rodr\u00edguez N\u00fanez<\/a>, author of\u00a0<\/em><strong>thaw<\/strong><\/p>\n","protected":false},"excerpt":{"rendered":"<p>Eduardo Chirinos<br \/>\ntrans G. J. Racz<br \/>\n9781935084402<br \/>\nWinner of the 2009 Generation of \u201927 Poetry Prize.<\/p>\n","protected":false},"featured_media":221,"comment_status":"open","ping_status":"closed","template":"","meta":{"jetpack_post_was_ever_published":false,"jetpack_publicize_message":"","jetpack_publicize_feature_enabled":true,"jetpack_social_post_already_shared":false,"jetpack_social_options":{"image_generator_settings":{"template":"highway","default_image_id":0,"font":"","enabled":false},"version":2}},"product_brand":[],"product_cat":[17],"product_tag":[283,121,122,123,18,30],"class_list":{"0":"post-220","1":"product","2":"type-product","3":"status-publish","4":"has-post-thumbnail","6":"product_cat-dialogos","7":"product_tag-bilingual","8":"product_tag-eduardo-chirinos","9":"product_tag-g-j-racz","10":"product_tag-peru","11":"product_tag-poetry","12":"product_tag-spanish","14":"first","15":"instock","16":"sale","17":"taxable","18":"shipping-taxable","19":"purchasable","20":"product-type-simple","21":"berocket_lgv_grid","22":"berocket_lgv_list_grid"},"yoast_head":"<!-- This site is optimized with the Yoast SEO plugin v27.0 - https:\/\/yoast.com\/product\/yoast-seo-wordpress\/ -->\n<title>While the Wolf is Around - Lavender Ink \/ Di\u00e1logos<\/title>\n<meta name=\"robots\" content=\"index, follow, max-snippet:-1, max-image-preview:large, max-video-preview:-1\" \/>\n<link rel=\"canonical\" href=\"https:\/\/www.lavenderink.org\/site\/shop\/while-the-wolf-is-around\/\" \/>\n<meta property=\"og:locale\" content=\"en_US\" \/>\n<meta property=\"og:type\" content=\"article\" \/>\n<meta property=\"og:title\" content=\"While the Wolf is Around - Lavender Ink \/ Di\u00e1logos\" \/>\n<meta property=\"og:description\" content=\"Eduardo Chirinos trans G. J. Racz 9781935084402 Winner of the 2009 Generation of \u201927 Poetry Prize.\" \/>\n<meta property=\"og:url\" content=\"https:\/\/www.lavenderink.org\/site\/shop\/while-the-wolf-is-around\/\" \/>\n<meta property=\"og:site_name\" content=\"Lavender Ink \/ Di\u00e1logos\" \/>\n<meta property=\"article:publisher\" content=\"https:\/\/www.facebook.com\/lavenderinkdialogos\/\" \/>\n<meta property=\"article:modified_time\" content=\"2020-07-24T10:52:28+00:00\" \/>\n<meta property=\"og:image\" content=\"https:\/\/www.lavenderink.org\/site\/wp-content\/uploads\/2017\/10\/While-the-Wolf-is-Around.jpg\" \/>\n\t<meta property=\"og:image:width\" content=\"250\" \/>\n\t<meta property=\"og:image:height\" content=\"411\" \/>\n\t<meta property=\"og:image:type\" content=\"image\/jpeg\" \/>\n<meta name=\"twitter:card\" content=\"summary_large_image\" \/>\n<meta name=\"twitter:site\" content=\"@lavender_ink_pr\" \/>\n<meta name=\"twitter:label1\" content=\"Est. reading time\" \/>\n\t<meta name=\"twitter:data1\" content=\"5 minutes\" \/>\n<script type=\"application\/ld+json\" class=\"yoast-schema-graph\">{\"@context\":\"https:\/\/schema.org\",\"@graph\":[{\"@type\":\"WebPage\",\"@id\":\"https:\/\/www.lavenderink.org\/site\/shop\/while-the-wolf-is-around\/\",\"url\":\"https:\/\/www.lavenderink.org\/site\/shop\/while-the-wolf-is-around\/\",\"name\":\"While the Wolf is Around - Lavender Ink \/ Di\u00e1logos\",\"isPartOf\":{\"@id\":\"https:\/\/www.lavenderink.org\/site\/#website\"},\"primaryImageOfPage\":{\"@id\":\"https:\/\/www.lavenderink.org\/site\/shop\/while-the-wolf-is-around\/#primaryimage\"},\"image\":{\"@id\":\"https:\/\/www.lavenderink.org\/site\/shop\/while-the-wolf-is-around\/#primaryimage\"},\"thumbnailUrl\":\"https:\/\/www.lavenderink.org\/site\/wp-content\/uploads\/2017\/10\/While-the-Wolf-is-Around.jpg\",\"datePublished\":\"2017-10-09T09:41:22+00:00\",\"dateModified\":\"2020-07-24T10:52:28+00:00\",\"breadcrumb\":{\"@id\":\"https:\/\/www.lavenderink.org\/site\/shop\/while-the-wolf-is-around\/#breadcrumb\"},\"inLanguage\":\"en-US\",\"potentialAction\":[{\"@type\":\"ReadAction\",\"target\":[\"https:\/\/www.lavenderink.org\/site\/shop\/while-the-wolf-is-around\/\"]}]},{\"@type\":\"ImageObject\",\"inLanguage\":\"en-US\",\"@id\":\"https:\/\/www.lavenderink.org\/site\/shop\/while-the-wolf-is-around\/#primaryimage\",\"url\":\"https:\/\/www.lavenderink.org\/site\/wp-content\/uploads\/2017\/10\/While-the-Wolf-is-Around.jpg\",\"contentUrl\":\"https:\/\/www.lavenderink.org\/site\/wp-content\/uploads\/2017\/10\/While-the-Wolf-is-Around.jpg\",\"width\":250,\"height\":411,\"caption\":\"While the Wolf is Around\"},{\"@type\":\"BreadcrumbList\",\"@id\":\"https:\/\/www.lavenderink.org\/site\/shop\/while-the-wolf-is-around\/#breadcrumb\",\"itemListElement\":[{\"@type\":\"ListItem\",\"position\":1,\"name\":\"Home\",\"item\":\"https:\/\/www.lavenderink.org\/site\/\"},{\"@type\":\"ListItem\",\"position\":2,\"name\":\"Shop\",\"item\":\"https:\/\/www.lavenderink.org\/site\/shop\/\"},{\"@type\":\"ListItem\",\"position\":3,\"name\":\"While the Wolf is Around\"}]},{\"@type\":\"WebSite\",\"@id\":\"https:\/\/www.lavenderink.org\/site\/#website\",\"url\":\"https:\/\/www.lavenderink.org\/site\/\",\"name\":\"Lavender Ink \/ Di\u00e1logos\",\"description\":\"Publisher of Contemporary Poetry and Literary Prose\",\"publisher\":{\"@id\":\"https:\/\/www.lavenderink.org\/site\/#organization\"},\"potentialAction\":[{\"@type\":\"SearchAction\",\"target\":{\"@type\":\"EntryPoint\",\"urlTemplate\":\"https:\/\/www.lavenderink.org\/site\/?s={search_term_string}\"},\"query-input\":{\"@type\":\"PropertyValueSpecification\",\"valueRequired\":true,\"valueName\":\"search_term_string\"}}],\"inLanguage\":\"en-US\"},{\"@type\":\"Organization\",\"@id\":\"https:\/\/www.lavenderink.org\/site\/#organization\",\"name\":\"Lavender Ink \/ Di\u00e1logos\",\"url\":\"https:\/\/www.lavenderink.org\/site\/\",\"logo\":{\"@type\":\"ImageObject\",\"inLanguage\":\"en-US\",\"@id\":\"https:\/\/www.lavenderink.org\/site\/#\/schema\/logo\/image\/\",\"url\":\"https:\/\/www.lavenderink.org\/site\/wp-content\/uploads\/2018\/01\/cityscape-800.jpg\",\"contentUrl\":\"https:\/\/www.lavenderink.org\/site\/wp-content\/uploads\/2018\/01\/cityscape-800.jpg\",\"width\":800,\"height\":183,\"caption\":\"Lavender Ink \/ Di\u00e1logos\"},\"image\":{\"@id\":\"https:\/\/www.lavenderink.org\/site\/#\/schema\/logo\/image\/\"},\"sameAs\":[\"https:\/\/www.facebook.com\/lavenderinkdialogos\/\",\"https:\/\/x.com\/lavender_ink_pr\"]}]}<\/script>\n<!-- \/ Yoast SEO plugin. -->","yoast_head_json":{"title":"While the Wolf is Around - Lavender Ink \/ Di\u00e1logos","robots":{"index":"index","follow":"follow","max-snippet":"max-snippet:-1","max-image-preview":"max-image-preview:large","max-video-preview":"max-video-preview:-1"},"canonical":"https:\/\/www.lavenderink.org\/site\/shop\/while-the-wolf-is-around\/","og_locale":"en_US","og_type":"article","og_title":"While the Wolf is Around - Lavender Ink \/ Di\u00e1logos","og_description":"Eduardo Chirinos trans G. J. Racz 9781935084402 Winner of the 2009 Generation of \u201927 Poetry Prize.","og_url":"https:\/\/www.lavenderink.org\/site\/shop\/while-the-wolf-is-around\/","og_site_name":"Lavender Ink \/ Di\u00e1logos","article_publisher":"https:\/\/www.facebook.com\/lavenderinkdialogos\/","article_modified_time":"2020-07-24T10:52:28+00:00","og_image":[{"width":250,"height":411,"url":"https:\/\/www.lavenderink.org\/site\/wp-content\/uploads\/2017\/10\/While-the-Wolf-is-Around.jpg","type":"image\/jpeg"}],"twitter_card":"summary_large_image","twitter_site":"@lavender_ink_pr","twitter_misc":{"Est. reading time":"5 minutes"},"schema":{"@context":"https:\/\/schema.org","@graph":[{"@type":"WebPage","@id":"https:\/\/www.lavenderink.org\/site\/shop\/while-the-wolf-is-around\/","url":"https:\/\/www.lavenderink.org\/site\/shop\/while-the-wolf-is-around\/","name":"While the Wolf is Around - Lavender Ink \/ Di\u00e1logos","isPartOf":{"@id":"https:\/\/www.lavenderink.org\/site\/#website"},"primaryImageOfPage":{"@id":"https:\/\/www.lavenderink.org\/site\/shop\/while-the-wolf-is-around\/#primaryimage"},"image":{"@id":"https:\/\/www.lavenderink.org\/site\/shop\/while-the-wolf-is-around\/#primaryimage"},"thumbnailUrl":"https:\/\/www.lavenderink.org\/site\/wp-content\/uploads\/2017\/10\/While-the-Wolf-is-Around.jpg","datePublished":"2017-10-09T09:41:22+00:00","dateModified":"2020-07-24T10:52:28+00:00","breadcrumb":{"@id":"https:\/\/www.lavenderink.org\/site\/shop\/while-the-wolf-is-around\/#breadcrumb"},"inLanguage":"en-US","potentialAction":[{"@type":"ReadAction","target":["https:\/\/www.lavenderink.org\/site\/shop\/while-the-wolf-is-around\/"]}]},{"@type":"ImageObject","inLanguage":"en-US","@id":"https:\/\/www.lavenderink.org\/site\/shop\/while-the-wolf-is-around\/#primaryimage","url":"https:\/\/www.lavenderink.org\/site\/wp-content\/uploads\/2017\/10\/While-the-Wolf-is-Around.jpg","contentUrl":"https:\/\/www.lavenderink.org\/site\/wp-content\/uploads\/2017\/10\/While-the-Wolf-is-Around.jpg","width":250,"height":411,"caption":"While the Wolf is Around"},{"@type":"BreadcrumbList","@id":"https:\/\/www.lavenderink.org\/site\/shop\/while-the-wolf-is-around\/#breadcrumb","itemListElement":[{"@type":"ListItem","position":1,"name":"Home","item":"https:\/\/www.lavenderink.org\/site\/"},{"@type":"ListItem","position":2,"name":"Shop","item":"https:\/\/www.lavenderink.org\/site\/shop\/"},{"@type":"ListItem","position":3,"name":"While the Wolf is Around"}]},{"@type":"WebSite","@id":"https:\/\/www.lavenderink.org\/site\/#website","url":"https:\/\/www.lavenderink.org\/site\/","name":"Lavender Ink \/ Di\u00e1logos","description":"Publisher of Contemporary Poetry and Literary Prose","publisher":{"@id":"https:\/\/www.lavenderink.org\/site\/#organization"},"potentialAction":[{"@type":"SearchAction","target":{"@type":"EntryPoint","urlTemplate":"https:\/\/www.lavenderink.org\/site\/?s={search_term_string}"},"query-input":{"@type":"PropertyValueSpecification","valueRequired":true,"valueName":"search_term_string"}}],"inLanguage":"en-US"},{"@type":"Organization","@id":"https:\/\/www.lavenderink.org\/site\/#organization","name":"Lavender Ink \/ Di\u00e1logos","url":"https:\/\/www.lavenderink.org\/site\/","logo":{"@type":"ImageObject","inLanguage":"en-US","@id":"https:\/\/www.lavenderink.org\/site\/#\/schema\/logo\/image\/","url":"https:\/\/www.lavenderink.org\/site\/wp-content\/uploads\/2018\/01\/cityscape-800.jpg","contentUrl":"https:\/\/www.lavenderink.org\/site\/wp-content\/uploads\/2018\/01\/cityscape-800.jpg","width":800,"height":183,"caption":"Lavender Ink \/ Di\u00e1logos"},"image":{"@id":"https:\/\/www.lavenderink.org\/site\/#\/schema\/logo\/image\/"},"sameAs":["https:\/\/www.facebook.com\/lavenderinkdialogos\/","https:\/\/x.com\/lavender_ink_pr"]}]}},"jetpack_publicize_connections":[],"jetpack_likes_enabled":false,"jetpack_sharing_enabled":true,"_links":{"self":[{"href":"https:\/\/www.lavenderink.org\/site\/wp-json\/wp\/v2\/product\/220","targetHints":{"allow":["GET"]}}],"collection":[{"href":"https:\/\/www.lavenderink.org\/site\/wp-json\/wp\/v2\/product"}],"about":[{"href":"https:\/\/www.lavenderink.org\/site\/wp-json\/wp\/v2\/types\/product"}],"replies":[{"embeddable":true,"href":"https:\/\/www.lavenderink.org\/site\/wp-json\/wp\/v2\/comments?post=220"}],"version-history":[{"count":0,"href":"https:\/\/www.lavenderink.org\/site\/wp-json\/wp\/v2\/product\/220\/revisions"}],"wp:featuredmedia":[{"embeddable":true,"href":"https:\/\/www.lavenderink.org\/site\/wp-json\/wp\/v2\/media\/221"}],"wp:attachment":[{"href":"https:\/\/www.lavenderink.org\/site\/wp-json\/wp\/v2\/media?parent=220"}],"wp:term":[{"taxonomy":"product_brand","embeddable":true,"href":"https:\/\/www.lavenderink.org\/site\/wp-json\/wp\/v2\/product_brand?post=220"},{"taxonomy":"product_cat","embeddable":true,"href":"https:\/\/www.lavenderink.org\/site\/wp-json\/wp\/v2\/product_cat?post=220"},{"taxonomy":"product_tag","embeddable":true,"href":"https:\/\/www.lavenderink.org\/site\/wp-json\/wp\/v2\/product_tag?post=220"}],"curies":[{"name":"wp","href":"https:\/\/api.w.org\/{rel}","templated":true}]}}