{"id":234,"date":"2017-10-11T01:58:53","date_gmt":"2017-10-11T06:58:53","guid":{"rendered":"http:\/\/www.lavenderink.org\/site\/?post_type=product&#038;p=234"},"modified":"2020-05-26T14:42:20","modified_gmt":"2020-05-26T19:42:20","slug":"with-a-strange-scent-of-world","status":"publish","type":"product","link":"https:\/\/www.lavenderink.org\/site\/shop\/with-a-strange-scent-of-world\/","title":{"rendered":"With a Strange Scent of World"},"content":{"rendered":"<h3><strong>V\u00edctor Rodr\u00edguez N\u00fa\u00f1ez<\/strong><br \/>\n <strong>Translated by\u00a0Katherine M. Hedeen<\/strong><\/h3>\n<p>220 pages: $18.00<br \/>\n October, 2014<\/p>\n<p>&nbsp;<\/p>\n<hr \/>\n<p>&nbsp;<\/p>\n<p style=\"text-align: justify;\">V\u00edctor Rodr\u00edguez N\u00fa\u00f1ez\u2019s<em>\u00a0<strong>With a Strange Scent of World<\/strong><\/em>\u00a0isn\u2019t what you would expect from a Cuban poet on or off the island, given his subtle yet relentless challenging of political and aesthetic dogmas.\u00a0This collection introduces US readers to the splendid early poems of one of the leaders of the first generation to come up with the Cuban Revolution, a voice who gave the group its lifeblood with his anthologies, essays, and work as an editor and cultural journalist. In Rodr\u00edguez N\u00fa\u00f1ez\u2019s own words, he seeks \u201ca poetry that is autonomous but not oblivious, participatory but not political, subjective but not self-centered, structured but not hermetic, communicative but not explicit, lyrical but not ahistorical, dialogic but not conversational, Cuban but not essentially nationalist, open to the world but not colonized.\u201d Here, poems are not presented in chronological order but in one of affinities. And in so doing, topics are debated but not exhausted; discourse is highlighted by a singular coherence. Translations previously published in journals and books have been thoroughly revised, as have the poems themselves, never abandoned by the poet in his quest for flawless expression.<\/p>\n<p>&nbsp;<\/p>\n<hr \/>\n<p>&nbsp;<\/p>\n<p style=\"text-align: justify;\">This anthology is really just a single book, the fruit of one moment, one loving vigil, one endless obsession. Such is the originality from the first poem to the last, such is the vibration of intimate clarity&#8230; The imagination of this Cuban, this true poet&#8230; stains the darkness of these times with a red squirrel guided by the light&#8230; V\u00edctor Rodr\u00edguez N\u00fa\u00f1ez doesn\u2019t await the arrival of anyone because he was baptized by poetry at birth.<br \/>\n \u2014<strong>Juan Gelman,\u00a0<\/strong>Argentina<\/p>\n<p>&nbsp;<\/p>\n<p style=\"text-align: justify;\">Rodr\u00edguez N\u00fa\u00f1ez for me speaks with more fascination than any Latin American poet since Octavio Paz, Jorge Luis Borges and especially C\u00e9sar Vallejo whose early poetry contains a similar relentless pathos in the voice-echoing reference to living-dead family. V\u00edctor possesses a powerful camera-clear eye for bizarre firmaments, for nature, for quirky earthly occurrences. Lyrically, he has the cunning voice of the nightingale.\u00a0<br \/>\n \u2014<strong>Willis Barnstone<\/strong><\/p>\n<p>&nbsp;<\/p>\n<p style=\"text-align: justify;\">V\u00edctor Rodr\u00edguez N\u00fa\u00f1ez emerges in\u00a0<strong><em>With a Strange Scent of World<\/em><\/strong>\u00a0as one of those remarkable writers who has created a poetry and a world between a first home and culture and the new worlds in which he later finds himself. Beautifully translated, here the range of that work and vision becomes clear, to show him as a Cuban poet \u2014experimental and deeply rooted at once\u2014 who carries with him a sense of the new and old wherever he\u2019s located. \u00a0That he has remained active throughout his writing life as an advocate both for himself and others is another fact of that life worth noting.<br \/>\n \u2014<strong>Jerome Rothenberg<\/strong><\/p>\n<p>&nbsp;<\/p>\n<p style=\"text-align: justify;\">V\u00edctor Rodr\u00edguez N\u00fanez is for me a unique poet, not comparable to anyone writing today in any language I can read. It seems his life was guided from the start by a very lucid and ambitious destiny with utmost precision. With a plan how to expose and open a human being to become a witness and a creator. Immense is his power of inheritance, the fierceness of his autonomy, compassion, and instinct to broaden the livable space. Nobody else has such a gift to encompass so many crossroads, to be at the heights once Vallejo was, but so free and singular. Nobody else can be gracious, quotidian, marvelously strange and a winner of history at the same time. With branches and roots still expanding.<br \/>\n \u2014<strong>Toma\u017e \u0160alamun,<\/strong>\u00a0Slovenia<\/p>\n<p>&nbsp;<\/p>\n<p style=\"text-align: justify;\">This is a poetry in which \u2018logic\u2019 and \u2018metaphysics\u2019 can work hand-in-hand, retaining a strange, almost ineffable balance. The poet has the ability to see in-between things, and in-between moods and situations, to observe with such a steady and controlled eye. A Cuban poet who has spent much of his adult life outside Cuba, Rodr\u00edguez N\u00fa\u00f1ez takes to all he sees and feels in poetry a consciousness of Cuba as place, as communities, and as a country isolated from his adopted home in America, as a form of restraint and dynamism (he works in paradoxes and dualisms). Even a surreal image is withheld; desire is checked. This leads to stunning brinkmanship in imagery and poetic imagination that leaves the reader breathless and astonished. Technically, his is one of the most assured voices in contemporary poetry.<br \/>\n \u2014<strong>John Kinsella<\/strong>, Australia<\/p>\n<p>&nbsp;<\/p>\n<p style=\"text-align: justify;\">As you remove the layers from this poetry, you find, like an artichoke after all that peeling back, at its heart, its center, dwells a delicate substance. It is its lyricism&#8230;V\u00edctor Rodr\u00edguez N\u00fa\u00f1ez\u2019s verse ennobles the most daily acts and transports them to the plane of poetic creativity&#8230; His is a war of the world in language and language in the world; that\u2019s where the tension in this poetry lies. It\u2019s a battle against death and oblivion.<br \/>\n \u2014<strong>Juan Manuel Roca<\/strong>, Colombia<\/p>\n<p>&nbsp;<\/p>\n<p style=\"text-align: justify;\">In V\u00edctor Rodr\u00edguez N\u00fa\u00f1ez\u2019s poetry, the distinctiveness comes from a way of looking, of seeing, of interpreting the world, and of course, of feeling it&#8230; It has a singular expression. Here, the quotidian becomes intimate, celebrated, and profound. While the commonplace is expressed with a familiar language, this poetry never loses its intensity; it is sustained by images of great force and beauty.<br \/>\n \u2014<strong>Jorge Boccanera<\/strong>, Argentina<\/p>\n","protected":false},"excerpt":{"rendered":"<p>V\u00edctor Rodr\u00edguez N\u00fa\u00f1ez<br \/>\n trans Katherine M. Hedeen<br \/>\n 9781935084624<br \/>\n \u2026a poetry that is autonomous but not oblivious, participatory but not political, subjective but not self-centered\u2026<\/p>\n","protected":false},"featured_media":235,"comment_status":"open","ping_status":"closed","template":"","meta":{"jetpack_post_was_ever_published":false,"jetpack_publicize_message":"","jetpack_publicize_feature_enabled":true,"jetpack_social_post_already_shared":false,"jetpack_social_options":{"image_generator_settings":{"template":"highway","default_image_id":0,"font":"","enabled":false},"version":2}},"product_brand":[],"product_cat":[17],"product_tag":[283,124,141,18,30,140],"class_list":{"0":"post-234","1":"product","2":"type-product","3":"status-publish","4":"has-post-thumbnail","6":"product_cat-dialogos","7":"product_tag-bilingual","8":"product_tag-cuba","9":"product_tag-katherine-m-hedeen","10":"product_tag-poetry","11":"product_tag-spanish","12":"product_tag-victor-rodriguez-nunez","14":"first","15":"instock","16":"taxable","17":"shipping-taxable","18":"purchasable","19":"product-type-simple","20":"berocket_lgv_grid","21":"berocket_lgv_list_grid"},"yoast_head":"<!-- This site is optimized with the Yoast SEO plugin v27.0 - https:\/\/yoast.com\/product\/yoast-seo-wordpress\/ -->\n<title>With a Strange Scent of World - Lavender Ink \/ Di\u00e1logos<\/title>\n<meta name=\"robots\" content=\"index, follow, max-snippet:-1, max-image-preview:large, max-video-preview:-1\" \/>\n<link rel=\"canonical\" href=\"https:\/\/www.lavenderink.org\/site\/shop\/with-a-strange-scent-of-world\/\" \/>\n<meta property=\"og:locale\" content=\"en_US\" \/>\n<meta property=\"og:type\" content=\"article\" \/>\n<meta property=\"og:title\" content=\"With a Strange Scent of World - Lavender Ink \/ Di\u00e1logos\" \/>\n<meta property=\"og:description\" content=\"V\u00edctor Rodr\u00edguez N\u00fa\u00f1ez  trans Katherine M. Hedeen  9781935084624  \u2026a poetry that is autonomous but not oblivious, participatory but not political, subjective but not self-centered\u2026\" \/>\n<meta property=\"og:url\" content=\"https:\/\/www.lavenderink.org\/site\/shop\/with-a-strange-scent-of-world\/\" \/>\n<meta property=\"og:site_name\" content=\"Lavender Ink \/ Di\u00e1logos\" \/>\n<meta property=\"article:publisher\" content=\"https:\/\/www.facebook.com\/lavenderinkdialogos\/\" \/>\n<meta property=\"article:modified_time\" content=\"2020-05-26T19:42:20+00:00\" \/>\n<meta property=\"og:image\" content=\"https:\/\/www.lavenderink.org\/site\/wp-content\/uploads\/2017\/10\/With-a-Strange-Scenet-of-World.jpg\" \/>\n\t<meta property=\"og:image:width\" content=\"250\" \/>\n\t<meta property=\"og:image:height\" content=\"397\" \/>\n\t<meta property=\"og:image:type\" content=\"image\/jpeg\" \/>\n<meta name=\"twitter:card\" content=\"summary_large_image\" \/>\n<meta name=\"twitter:site\" content=\"@lavender_ink_pr\" \/>\n<meta name=\"twitter:label1\" content=\"Est. reading time\" \/>\n\t<meta name=\"twitter:data1\" content=\"5 minutes\" \/>\n<script type=\"application\/ld+json\" class=\"yoast-schema-graph\">{\"@context\":\"https:\/\/schema.org\",\"@graph\":[{\"@type\":\"WebPage\",\"@id\":\"https:\/\/www.lavenderink.org\/site\/shop\/with-a-strange-scent-of-world\/\",\"url\":\"https:\/\/www.lavenderink.org\/site\/shop\/with-a-strange-scent-of-world\/\",\"name\":\"With a Strange Scent of World - Lavender Ink \/ Di\u00e1logos\",\"isPartOf\":{\"@id\":\"https:\/\/www.lavenderink.org\/site\/#website\"},\"primaryImageOfPage\":{\"@id\":\"https:\/\/www.lavenderink.org\/site\/shop\/with-a-strange-scent-of-world\/#primaryimage\"},\"image\":{\"@id\":\"https:\/\/www.lavenderink.org\/site\/shop\/with-a-strange-scent-of-world\/#primaryimage\"},\"thumbnailUrl\":\"https:\/\/www.lavenderink.org\/site\/wp-content\/uploads\/2017\/10\/With-a-Strange-Scenet-of-World.jpg\",\"datePublished\":\"2017-10-11T06:58:53+00:00\",\"dateModified\":\"2020-05-26T19:42:20+00:00\",\"breadcrumb\":{\"@id\":\"https:\/\/www.lavenderink.org\/site\/shop\/with-a-strange-scent-of-world\/#breadcrumb\"},\"inLanguage\":\"en-US\",\"potentialAction\":[{\"@type\":\"ReadAction\",\"target\":[\"https:\/\/www.lavenderink.org\/site\/shop\/with-a-strange-scent-of-world\/\"]}]},{\"@type\":\"ImageObject\",\"inLanguage\":\"en-US\",\"@id\":\"https:\/\/www.lavenderink.org\/site\/shop\/with-a-strange-scent-of-world\/#primaryimage\",\"url\":\"https:\/\/www.lavenderink.org\/site\/wp-content\/uploads\/2017\/10\/With-a-Strange-Scenet-of-World.jpg\",\"contentUrl\":\"https:\/\/www.lavenderink.org\/site\/wp-content\/uploads\/2017\/10\/With-a-Strange-Scenet-of-World.jpg\",\"width\":250,\"height\":397,\"caption\":\"With a Strange Scenet of World\"},{\"@type\":\"BreadcrumbList\",\"@id\":\"https:\/\/www.lavenderink.org\/site\/shop\/with-a-strange-scent-of-world\/#breadcrumb\",\"itemListElement\":[{\"@type\":\"ListItem\",\"position\":1,\"name\":\"Home\",\"item\":\"https:\/\/www.lavenderink.org\/site\/\"},{\"@type\":\"ListItem\",\"position\":2,\"name\":\"Shop\",\"item\":\"https:\/\/www.lavenderink.org\/site\/shop\/\"},{\"@type\":\"ListItem\",\"position\":3,\"name\":\"With a Strange Scent of World\"}]},{\"@type\":\"WebSite\",\"@id\":\"https:\/\/www.lavenderink.org\/site\/#website\",\"url\":\"https:\/\/www.lavenderink.org\/site\/\",\"name\":\"Lavender Ink \/ Di\u00e1logos\",\"description\":\"Publisher of Contemporary Poetry and Literary Prose\",\"publisher\":{\"@id\":\"https:\/\/www.lavenderink.org\/site\/#organization\"},\"potentialAction\":[{\"@type\":\"SearchAction\",\"target\":{\"@type\":\"EntryPoint\",\"urlTemplate\":\"https:\/\/www.lavenderink.org\/site\/?s={search_term_string}\"},\"query-input\":{\"@type\":\"PropertyValueSpecification\",\"valueRequired\":true,\"valueName\":\"search_term_string\"}}],\"inLanguage\":\"en-US\"},{\"@type\":\"Organization\",\"@id\":\"https:\/\/www.lavenderink.org\/site\/#organization\",\"name\":\"Lavender Ink \/ Di\u00e1logos\",\"url\":\"https:\/\/www.lavenderink.org\/site\/\",\"logo\":{\"@type\":\"ImageObject\",\"inLanguage\":\"en-US\",\"@id\":\"https:\/\/www.lavenderink.org\/site\/#\/schema\/logo\/image\/\",\"url\":\"https:\/\/www.lavenderink.org\/site\/wp-content\/uploads\/2018\/01\/cityscape-800.jpg\",\"contentUrl\":\"https:\/\/www.lavenderink.org\/site\/wp-content\/uploads\/2018\/01\/cityscape-800.jpg\",\"width\":800,\"height\":183,\"caption\":\"Lavender Ink \/ Di\u00e1logos\"},\"image\":{\"@id\":\"https:\/\/www.lavenderink.org\/site\/#\/schema\/logo\/image\/\"},\"sameAs\":[\"https:\/\/www.facebook.com\/lavenderinkdialogos\/\",\"https:\/\/x.com\/lavender_ink_pr\"]}]}<\/script>\n<!-- \/ Yoast SEO plugin. -->","yoast_head_json":{"title":"With a Strange Scent of World - Lavender Ink \/ Di\u00e1logos","robots":{"index":"index","follow":"follow","max-snippet":"max-snippet:-1","max-image-preview":"max-image-preview:large","max-video-preview":"max-video-preview:-1"},"canonical":"https:\/\/www.lavenderink.org\/site\/shop\/with-a-strange-scent-of-world\/","og_locale":"en_US","og_type":"article","og_title":"With a Strange Scent of World - Lavender Ink \/ Di\u00e1logos","og_description":"V\u00edctor Rodr\u00edguez N\u00fa\u00f1ez  trans Katherine M. Hedeen  9781935084624  \u2026a poetry that is autonomous but not oblivious, participatory but not political, subjective but not self-centered\u2026","og_url":"https:\/\/www.lavenderink.org\/site\/shop\/with-a-strange-scent-of-world\/","og_site_name":"Lavender Ink \/ Di\u00e1logos","article_publisher":"https:\/\/www.facebook.com\/lavenderinkdialogos\/","article_modified_time":"2020-05-26T19:42:20+00:00","og_image":[{"width":250,"height":397,"url":"https:\/\/www.lavenderink.org\/site\/wp-content\/uploads\/2017\/10\/With-a-Strange-Scenet-of-World.jpg","type":"image\/jpeg"}],"twitter_card":"summary_large_image","twitter_site":"@lavender_ink_pr","twitter_misc":{"Est. reading time":"5 minutes"},"schema":{"@context":"https:\/\/schema.org","@graph":[{"@type":"WebPage","@id":"https:\/\/www.lavenderink.org\/site\/shop\/with-a-strange-scent-of-world\/","url":"https:\/\/www.lavenderink.org\/site\/shop\/with-a-strange-scent-of-world\/","name":"With a Strange Scent of World - Lavender Ink \/ Di\u00e1logos","isPartOf":{"@id":"https:\/\/www.lavenderink.org\/site\/#website"},"primaryImageOfPage":{"@id":"https:\/\/www.lavenderink.org\/site\/shop\/with-a-strange-scent-of-world\/#primaryimage"},"image":{"@id":"https:\/\/www.lavenderink.org\/site\/shop\/with-a-strange-scent-of-world\/#primaryimage"},"thumbnailUrl":"https:\/\/www.lavenderink.org\/site\/wp-content\/uploads\/2017\/10\/With-a-Strange-Scenet-of-World.jpg","datePublished":"2017-10-11T06:58:53+00:00","dateModified":"2020-05-26T19:42:20+00:00","breadcrumb":{"@id":"https:\/\/www.lavenderink.org\/site\/shop\/with-a-strange-scent-of-world\/#breadcrumb"},"inLanguage":"en-US","potentialAction":[{"@type":"ReadAction","target":["https:\/\/www.lavenderink.org\/site\/shop\/with-a-strange-scent-of-world\/"]}]},{"@type":"ImageObject","inLanguage":"en-US","@id":"https:\/\/www.lavenderink.org\/site\/shop\/with-a-strange-scent-of-world\/#primaryimage","url":"https:\/\/www.lavenderink.org\/site\/wp-content\/uploads\/2017\/10\/With-a-Strange-Scenet-of-World.jpg","contentUrl":"https:\/\/www.lavenderink.org\/site\/wp-content\/uploads\/2017\/10\/With-a-Strange-Scenet-of-World.jpg","width":250,"height":397,"caption":"With a Strange Scenet of World"},{"@type":"BreadcrumbList","@id":"https:\/\/www.lavenderink.org\/site\/shop\/with-a-strange-scent-of-world\/#breadcrumb","itemListElement":[{"@type":"ListItem","position":1,"name":"Home","item":"https:\/\/www.lavenderink.org\/site\/"},{"@type":"ListItem","position":2,"name":"Shop","item":"https:\/\/www.lavenderink.org\/site\/shop\/"},{"@type":"ListItem","position":3,"name":"With a Strange Scent of World"}]},{"@type":"WebSite","@id":"https:\/\/www.lavenderink.org\/site\/#website","url":"https:\/\/www.lavenderink.org\/site\/","name":"Lavender Ink \/ Di\u00e1logos","description":"Publisher of Contemporary Poetry and Literary Prose","publisher":{"@id":"https:\/\/www.lavenderink.org\/site\/#organization"},"potentialAction":[{"@type":"SearchAction","target":{"@type":"EntryPoint","urlTemplate":"https:\/\/www.lavenderink.org\/site\/?s={search_term_string}"},"query-input":{"@type":"PropertyValueSpecification","valueRequired":true,"valueName":"search_term_string"}}],"inLanguage":"en-US"},{"@type":"Organization","@id":"https:\/\/www.lavenderink.org\/site\/#organization","name":"Lavender Ink \/ Di\u00e1logos","url":"https:\/\/www.lavenderink.org\/site\/","logo":{"@type":"ImageObject","inLanguage":"en-US","@id":"https:\/\/www.lavenderink.org\/site\/#\/schema\/logo\/image\/","url":"https:\/\/www.lavenderink.org\/site\/wp-content\/uploads\/2018\/01\/cityscape-800.jpg","contentUrl":"https:\/\/www.lavenderink.org\/site\/wp-content\/uploads\/2018\/01\/cityscape-800.jpg","width":800,"height":183,"caption":"Lavender Ink \/ Di\u00e1logos"},"image":{"@id":"https:\/\/www.lavenderink.org\/site\/#\/schema\/logo\/image\/"},"sameAs":["https:\/\/www.facebook.com\/lavenderinkdialogos\/","https:\/\/x.com\/lavender_ink_pr"]}]}},"jetpack_publicize_connections":[],"jetpack_likes_enabled":false,"jetpack_sharing_enabled":true,"_links":{"self":[{"href":"https:\/\/www.lavenderink.org\/site\/wp-json\/wp\/v2\/product\/234","targetHints":{"allow":["GET"]}}],"collection":[{"href":"https:\/\/www.lavenderink.org\/site\/wp-json\/wp\/v2\/product"}],"about":[{"href":"https:\/\/www.lavenderink.org\/site\/wp-json\/wp\/v2\/types\/product"}],"replies":[{"embeddable":true,"href":"https:\/\/www.lavenderink.org\/site\/wp-json\/wp\/v2\/comments?post=234"}],"version-history":[{"count":0,"href":"https:\/\/www.lavenderink.org\/site\/wp-json\/wp\/v2\/product\/234\/revisions"}],"wp:featuredmedia":[{"embeddable":true,"href":"https:\/\/www.lavenderink.org\/site\/wp-json\/wp\/v2\/media\/235"}],"wp:attachment":[{"href":"https:\/\/www.lavenderink.org\/site\/wp-json\/wp\/v2\/media?parent=234"}],"wp:term":[{"taxonomy":"product_brand","embeddable":true,"href":"https:\/\/www.lavenderink.org\/site\/wp-json\/wp\/v2\/product_brand?post=234"},{"taxonomy":"product_cat","embeddable":true,"href":"https:\/\/www.lavenderink.org\/site\/wp-json\/wp\/v2\/product_cat?post=234"},{"taxonomy":"product_tag","embeddable":true,"href":"https:\/\/www.lavenderink.org\/site\/wp-json\/wp\/v2\/product_tag?post=234"}],"curies":[{"name":"wp","href":"https:\/\/api.w.org\/{rel}","templated":true}]}}