{"id":236,"date":"2017-10-11T03:54:39","date_gmt":"2017-10-11T03:54:39","guid":{"rendered":"http:\/\/www.lavenderink.org\/site\/?post_type=product&#038;p=236"},"modified":"2017-11-24T03:58:32","modified_gmt":"2017-11-24T03:58:32","slug":"starry-womb-the","status":"publish","type":"product","link":"https:\/\/www.lavenderink.org\/site\/shop\/starry-womb-the\/","title":{"rendered":"Starry Womb, The"},"content":{"rendered":"<h3><strong>Mihail G\u0103l\u0103\u021banu<\/strong><br \/>\n <strong>Translated by\u00a0Adam J. Sorkin, Petru Iamandi and Mihail G\u0103l\u0103\u021banu<\/strong><\/h3>\n<p>ISBN 978-1-935084-73-0<br \/>\n 120 pages: $16.00 &#8212; October, 2014<\/p>\n<p>&nbsp;<\/p>\n<hr \/>\n<p style=\"text-align: justify;\">Mihail G\u0103l\u0103\u021banu is one of Romania\u2019s most exciting contemporary poets. His verbal brilliance has been described as prodigious, explosive, exuberant, risky: the \u201cVesuvius\u201d of post-communist poets, one critic enthused. Another praised his natural stylistic gifts by echoing a term that the great Nichita St\u0103nescu used about himself, calling G\u0103l\u0103\u021banu \u201ca polyglot in the Romanian language.\u201d The poetic persona of a Mihail G\u0103l\u0103\u021banu poem is \u201cuninhibited and gesticulating, biting and provocative, histrionic and sentimental, sexualized and mystic.\u201d His lyricism has the intensity of \u201ca plasma jet, suffusing everything, dissolving conventions\u2026\u201d\u2014but not infrequently it turns hyperbolic, bardic, and also wildly comic. In\u00a0<strong><em>The Starry Womb<\/em><\/strong>, the title defines the book\u2019s central metaphor: the identification of the maternal womb with the celestial vault, thus creating a startling perspective by means of which, in the apt phrase of critic Daniel Cristea-Enache, the external world \u201cis transformed into a pale extension of a fabulous primordial universe.\u201d<\/p>\n<hr \/>\n<p style=\"text-align: justify;\">His poetic endeavors have produced several thousand poems, impossible to be inventoried. Hundreds of them are extraordinary, though, by their visionary force and artful use of the Romanian language. Mihail G\u0103l\u0103\u021banu can be seen as a Paganini of poetry, holding under his chin not a Stradivarius but a dictionary.<br \/>\n \u2014<strong>Alex.\u00a0<\/strong><strong>\u0218<\/strong><strong>tef<\/strong><strong>\u0103<\/strong><strong>nescu<\/strong><\/p>\n<p style=\"text-align: justify;\"><strong><em>The Starry Womb<\/em><\/strong>\u00a0is the poet\u2019s song dedicated not only to his mother but also to the mother-universe. It is a challenging experience about what seems to be the intangibility of uterine world, the author\u2019s sensitivity being the \u201cmagic key\u201d to the so-called amniotic sleep.<br \/>\n <strong>\u2014Niculina Oprea<\/strong><\/p>\n<p style=\"text-align: justify;\">In\u00a0<strong><em>The Starry Womb<\/em><\/strong>\u00a0the poems revolve around the mother-star like the planets around the sun in a register which is often solar, jubilant, ecstatic. Mihail G\u0103l\u0103\u021banu is an atypical mystic embracing with an incandescent religiosity biological reflexes, physiological acts, and the most elementary instincts, shocking the reader both linguistically and imagistically.<br \/>\n <strong>\u2014Daniel Cristea-Enache<\/strong><\/p>\n<p><strong><em>The Starry Womb<\/em><\/strong>\u00a0threatens to become a touchstone of recent Romanian poetry.<br \/>\n <strong>\u2014Mircea Martin<\/strong><\/p>\n","protected":false},"excerpt":{"rendered":"<p>Mihail G\u0103l\u0103\u021banu<br \/>\ntrans Adam J. Sorkin, Petru Iamandi and Mihail G\u0103l\u0103\u021banu<br \/>\n9781935084730<br \/>\n\u2026one of Romania\u2019s most exciting contemporary poets\u2026<\/p>\n","protected":false},"featured_media":237,"comment_status":"open","ping_status":"closed","template":"","meta":{"jetpack_post_was_ever_published":false,"jetpack_publicize_message":"","jetpack_publicize_feature_enabled":true,"jetpack_social_post_already_shared":false,"jetpack_social_options":{"image_generator_settings":{"template":"highway","default_image_id":0,"font":"","enabled":false},"version":2}},"product_brand":[],"product_cat":[17],"product_tag":[145,144,146,18,142,143],"class_list":{"0":"post-236","1":"product","2":"type-product","3":"status-publish","4":"has-post-thumbnail","6":"product_cat-dialogos","7":"product_tag-adam-j-sorkin","8":"product_tag-mihail-galatanu","9":"product_tag-petru-iamandi","10":"product_tag-poetry","11":"product_tag-romania","12":"product_tag-romanian","14":"first","15":"instock","16":"taxable","17":"shipping-taxable","18":"purchasable","19":"product-type-simple","20":"berocket_lgv_grid","21":"berocket_lgv_list_grid"},"yoast_head":"<!-- This site is optimized with the Yoast SEO plugin v27.0 - https:\/\/yoast.com\/product\/yoast-seo-wordpress\/ -->\n<title>Starry Womb, The - Lavender Ink \/ Di\u00e1logos<\/title>\n<meta name=\"robots\" content=\"index, follow, max-snippet:-1, max-image-preview:large, max-video-preview:-1\" \/>\n<link rel=\"canonical\" href=\"https:\/\/www.lavenderink.org\/site\/shop\/starry-womb-the\/\" \/>\n<meta property=\"og:locale\" content=\"en_US\" \/>\n<meta property=\"og:type\" content=\"article\" \/>\n<meta property=\"og:title\" content=\"Starry Womb, The - Lavender Ink \/ Di\u00e1logos\" \/>\n<meta property=\"og:description\" content=\"Mihail G\u0103l\u0103\u021banu trans Adam J. Sorkin, Petru Iamandi and Mihail G\u0103l\u0103\u021banu 9781935084730 \u2026one of Romania\u2019s most exciting contemporary poets\u2026\" \/>\n<meta property=\"og:url\" content=\"https:\/\/www.lavenderink.org\/site\/shop\/starry-womb-the\/\" \/>\n<meta property=\"og:site_name\" content=\"Lavender Ink \/ Di\u00e1logos\" \/>\n<meta property=\"article:publisher\" content=\"https:\/\/www.facebook.com\/lavenderinkdialogos\/\" \/>\n<meta property=\"article:modified_time\" content=\"2017-11-24T03:58:32+00:00\" \/>\n<meta property=\"og:image\" content=\"https:\/\/www.lavenderink.org\/site\/wp-content\/uploads\/2017\/10\/Starry-Womb-The.jpg\" \/>\n\t<meta property=\"og:image:width\" content=\"250\" \/>\n\t<meta property=\"og:image:height\" content=\"290\" \/>\n\t<meta property=\"og:image:type\" content=\"image\/jpeg\" \/>\n<meta name=\"twitter:card\" content=\"summary_large_image\" \/>\n<meta name=\"twitter:site\" content=\"@lavender_ink_pr\" \/>\n<meta name=\"twitter:label1\" content=\"Est. reading time\" \/>\n\t<meta name=\"twitter:data1\" content=\"2 minutes\" \/>\n<script type=\"application\/ld+json\" class=\"yoast-schema-graph\">{\"@context\":\"https:\/\/schema.org\",\"@graph\":[{\"@type\":\"WebPage\",\"@id\":\"https:\/\/www.lavenderink.org\/site\/shop\/starry-womb-the\/\",\"url\":\"https:\/\/www.lavenderink.org\/site\/shop\/starry-womb-the\/\",\"name\":\"Starry Womb, The - Lavender Ink \/ Di\u00e1logos\",\"isPartOf\":{\"@id\":\"https:\/\/www.lavenderink.org\/site\/#website\"},\"primaryImageOfPage\":{\"@id\":\"https:\/\/www.lavenderink.org\/site\/shop\/starry-womb-the\/#primaryimage\"},\"image\":{\"@id\":\"https:\/\/www.lavenderink.org\/site\/shop\/starry-womb-the\/#primaryimage\"},\"thumbnailUrl\":\"https:\/\/www.lavenderink.org\/site\/wp-content\/uploads\/2017\/10\/Starry-Womb-The.jpg\",\"datePublished\":\"2017-10-11T03:54:39+00:00\",\"dateModified\":\"2017-11-24T03:58:32+00:00\",\"breadcrumb\":{\"@id\":\"https:\/\/www.lavenderink.org\/site\/shop\/starry-womb-the\/#breadcrumb\"},\"inLanguage\":\"en-US\",\"potentialAction\":[{\"@type\":\"ReadAction\",\"target\":[\"https:\/\/www.lavenderink.org\/site\/shop\/starry-womb-the\/\"]}]},{\"@type\":\"ImageObject\",\"inLanguage\":\"en-US\",\"@id\":\"https:\/\/www.lavenderink.org\/site\/shop\/starry-womb-the\/#primaryimage\",\"url\":\"https:\/\/www.lavenderink.org\/site\/wp-content\/uploads\/2017\/10\/Starry-Womb-The.jpg\",\"contentUrl\":\"https:\/\/www.lavenderink.org\/site\/wp-content\/uploads\/2017\/10\/Starry-Womb-The.jpg\",\"width\":250,\"height\":290,\"caption\":\"Starry Womb, The\"},{\"@type\":\"BreadcrumbList\",\"@id\":\"https:\/\/www.lavenderink.org\/site\/shop\/starry-womb-the\/#breadcrumb\",\"itemListElement\":[{\"@type\":\"ListItem\",\"position\":1,\"name\":\"Home\",\"item\":\"https:\/\/www.lavenderink.org\/site\/\"},{\"@type\":\"ListItem\",\"position\":2,\"name\":\"Shop\",\"item\":\"https:\/\/www.lavenderink.org\/site\/shop\/\"},{\"@type\":\"ListItem\",\"position\":3,\"name\":\"Starry Womb, The\"}]},{\"@type\":\"WebSite\",\"@id\":\"https:\/\/www.lavenderink.org\/site\/#website\",\"url\":\"https:\/\/www.lavenderink.org\/site\/\",\"name\":\"Lavender Ink \/ Di\u00e1logos\",\"description\":\"Publisher of Contemporary Poetry and Literary Prose\",\"publisher\":{\"@id\":\"https:\/\/www.lavenderink.org\/site\/#organization\"},\"potentialAction\":[{\"@type\":\"SearchAction\",\"target\":{\"@type\":\"EntryPoint\",\"urlTemplate\":\"https:\/\/www.lavenderink.org\/site\/?s={search_term_string}\"},\"query-input\":{\"@type\":\"PropertyValueSpecification\",\"valueRequired\":true,\"valueName\":\"search_term_string\"}}],\"inLanguage\":\"en-US\"},{\"@type\":\"Organization\",\"@id\":\"https:\/\/www.lavenderink.org\/site\/#organization\",\"name\":\"Lavender Ink \/ Di\u00e1logos\",\"url\":\"https:\/\/www.lavenderink.org\/site\/\",\"logo\":{\"@type\":\"ImageObject\",\"inLanguage\":\"en-US\",\"@id\":\"https:\/\/www.lavenderink.org\/site\/#\/schema\/logo\/image\/\",\"url\":\"https:\/\/www.lavenderink.org\/site\/wp-content\/uploads\/2018\/01\/cityscape-800.jpg\",\"contentUrl\":\"https:\/\/www.lavenderink.org\/site\/wp-content\/uploads\/2018\/01\/cityscape-800.jpg\",\"width\":800,\"height\":183,\"caption\":\"Lavender Ink \/ Di\u00e1logos\"},\"image\":{\"@id\":\"https:\/\/www.lavenderink.org\/site\/#\/schema\/logo\/image\/\"},\"sameAs\":[\"https:\/\/www.facebook.com\/lavenderinkdialogos\/\",\"https:\/\/x.com\/lavender_ink_pr\"]}]}<\/script>\n<!-- \/ Yoast SEO plugin. -->","yoast_head_json":{"title":"Starry Womb, The - Lavender Ink \/ Di\u00e1logos","robots":{"index":"index","follow":"follow","max-snippet":"max-snippet:-1","max-image-preview":"max-image-preview:large","max-video-preview":"max-video-preview:-1"},"canonical":"https:\/\/www.lavenderink.org\/site\/shop\/starry-womb-the\/","og_locale":"en_US","og_type":"article","og_title":"Starry Womb, The - Lavender Ink \/ Di\u00e1logos","og_description":"Mihail G\u0103l\u0103\u021banu trans Adam J. Sorkin, Petru Iamandi and Mihail G\u0103l\u0103\u021banu 9781935084730 \u2026one of Romania\u2019s most exciting contemporary poets\u2026","og_url":"https:\/\/www.lavenderink.org\/site\/shop\/starry-womb-the\/","og_site_name":"Lavender Ink \/ Di\u00e1logos","article_publisher":"https:\/\/www.facebook.com\/lavenderinkdialogos\/","article_modified_time":"2017-11-24T03:58:32+00:00","og_image":[{"width":250,"height":290,"url":"https:\/\/www.lavenderink.org\/site\/wp-content\/uploads\/2017\/10\/Starry-Womb-The.jpg","type":"image\/jpeg"}],"twitter_card":"summary_large_image","twitter_site":"@lavender_ink_pr","twitter_misc":{"Est. reading time":"2 minutes"},"schema":{"@context":"https:\/\/schema.org","@graph":[{"@type":"WebPage","@id":"https:\/\/www.lavenderink.org\/site\/shop\/starry-womb-the\/","url":"https:\/\/www.lavenderink.org\/site\/shop\/starry-womb-the\/","name":"Starry Womb, The - Lavender Ink \/ Di\u00e1logos","isPartOf":{"@id":"https:\/\/www.lavenderink.org\/site\/#website"},"primaryImageOfPage":{"@id":"https:\/\/www.lavenderink.org\/site\/shop\/starry-womb-the\/#primaryimage"},"image":{"@id":"https:\/\/www.lavenderink.org\/site\/shop\/starry-womb-the\/#primaryimage"},"thumbnailUrl":"https:\/\/www.lavenderink.org\/site\/wp-content\/uploads\/2017\/10\/Starry-Womb-The.jpg","datePublished":"2017-10-11T03:54:39+00:00","dateModified":"2017-11-24T03:58:32+00:00","breadcrumb":{"@id":"https:\/\/www.lavenderink.org\/site\/shop\/starry-womb-the\/#breadcrumb"},"inLanguage":"en-US","potentialAction":[{"@type":"ReadAction","target":["https:\/\/www.lavenderink.org\/site\/shop\/starry-womb-the\/"]}]},{"@type":"ImageObject","inLanguage":"en-US","@id":"https:\/\/www.lavenderink.org\/site\/shop\/starry-womb-the\/#primaryimage","url":"https:\/\/www.lavenderink.org\/site\/wp-content\/uploads\/2017\/10\/Starry-Womb-The.jpg","contentUrl":"https:\/\/www.lavenderink.org\/site\/wp-content\/uploads\/2017\/10\/Starry-Womb-The.jpg","width":250,"height":290,"caption":"Starry Womb, The"},{"@type":"BreadcrumbList","@id":"https:\/\/www.lavenderink.org\/site\/shop\/starry-womb-the\/#breadcrumb","itemListElement":[{"@type":"ListItem","position":1,"name":"Home","item":"https:\/\/www.lavenderink.org\/site\/"},{"@type":"ListItem","position":2,"name":"Shop","item":"https:\/\/www.lavenderink.org\/site\/shop\/"},{"@type":"ListItem","position":3,"name":"Starry Womb, The"}]},{"@type":"WebSite","@id":"https:\/\/www.lavenderink.org\/site\/#website","url":"https:\/\/www.lavenderink.org\/site\/","name":"Lavender Ink \/ Di\u00e1logos","description":"Publisher of Contemporary Poetry and Literary Prose","publisher":{"@id":"https:\/\/www.lavenderink.org\/site\/#organization"},"potentialAction":[{"@type":"SearchAction","target":{"@type":"EntryPoint","urlTemplate":"https:\/\/www.lavenderink.org\/site\/?s={search_term_string}"},"query-input":{"@type":"PropertyValueSpecification","valueRequired":true,"valueName":"search_term_string"}}],"inLanguage":"en-US"},{"@type":"Organization","@id":"https:\/\/www.lavenderink.org\/site\/#organization","name":"Lavender Ink \/ Di\u00e1logos","url":"https:\/\/www.lavenderink.org\/site\/","logo":{"@type":"ImageObject","inLanguage":"en-US","@id":"https:\/\/www.lavenderink.org\/site\/#\/schema\/logo\/image\/","url":"https:\/\/www.lavenderink.org\/site\/wp-content\/uploads\/2018\/01\/cityscape-800.jpg","contentUrl":"https:\/\/www.lavenderink.org\/site\/wp-content\/uploads\/2018\/01\/cityscape-800.jpg","width":800,"height":183,"caption":"Lavender Ink \/ Di\u00e1logos"},"image":{"@id":"https:\/\/www.lavenderink.org\/site\/#\/schema\/logo\/image\/"},"sameAs":["https:\/\/www.facebook.com\/lavenderinkdialogos\/","https:\/\/x.com\/lavender_ink_pr"]}]}},"jetpack_publicize_connections":[],"jetpack_likes_enabled":false,"jetpack_sharing_enabled":true,"_links":{"self":[{"href":"https:\/\/www.lavenderink.org\/site\/wp-json\/wp\/v2\/product\/236","targetHints":{"allow":["GET"]}}],"collection":[{"href":"https:\/\/www.lavenderink.org\/site\/wp-json\/wp\/v2\/product"}],"about":[{"href":"https:\/\/www.lavenderink.org\/site\/wp-json\/wp\/v2\/types\/product"}],"replies":[{"embeddable":true,"href":"https:\/\/www.lavenderink.org\/site\/wp-json\/wp\/v2\/comments?post=236"}],"version-history":[{"count":0,"href":"https:\/\/www.lavenderink.org\/site\/wp-json\/wp\/v2\/product\/236\/revisions"}],"wp:featuredmedia":[{"embeddable":true,"href":"https:\/\/www.lavenderink.org\/site\/wp-json\/wp\/v2\/media\/237"}],"wp:attachment":[{"href":"https:\/\/www.lavenderink.org\/site\/wp-json\/wp\/v2\/media?parent=236"}],"wp:term":[{"taxonomy":"product_brand","embeddable":true,"href":"https:\/\/www.lavenderink.org\/site\/wp-json\/wp\/v2\/product_brand?post=236"},{"taxonomy":"product_cat","embeddable":true,"href":"https:\/\/www.lavenderink.org\/site\/wp-json\/wp\/v2\/product_cat?post=236"},{"taxonomy":"product_tag","embeddable":true,"href":"https:\/\/www.lavenderink.org\/site\/wp-json\/wp\/v2\/product_tag?post=236"}],"curies":[{"name":"wp","href":"https:\/\/api.w.org\/{rel}","templated":true}]}}