{"id":24,"date":"2017-09-03T20:14:42","date_gmt":"2017-09-04T01:14:42","guid":{"rendered":"http:\/\/www.lavenderink.org\/site\/?post_type=product&#038;p=24"},"modified":"2024-04-27T15:29:31","modified_gmt":"2024-04-27T20:29:31","slug":"never-made-in-america-selected-poems-of-martin-barea-mattos","status":"publish","type":"product","link":"https:\/\/www.lavenderink.org\/site\/shop\/never-made-in-america-selected-poems-of-martin-barea-mattos\/","title":{"rendered":"Never Made in America: Selected Poems of Mart\u00edn Barea Mattos"},"content":{"rendered":"<h1>Never Made in America: Selected Poems of Mart\u00edn Barea Mattos<\/h1>\n<p>by\u00a0<a href=\"http:\/\/www.lavenderink.org\/site\/martin-barea-mattos\/\">Mart\u00edn Barea Mattos<br \/>\n<\/a>Translated by\u00a0<a href=\"authors\/234\">Mark Statman<br \/>\n<\/a>ISBN: 978-1-944884-17-8 (pbk)<br \/>\n300 pages: 20.00 \u2014 April, 2017<br \/>\nOrder from\u00a0<a href=\"https:\/\/www.spdbooks.org\/Products\/9781944884178\/never-made-in-america-selected-poems-of-martin-barea-mattos.aspx\" target=\"_blank\" rel=\"noopener noreferrer\">Small Press Distribution<\/a><\/p>\n<p>&nbsp;<\/p>\n<hr \/>\n<p>&nbsp;<\/p>\n<p style=\"text-align: justify;\">In this first full-length publication of his work in English, Uruguayan poet, visual artist, musician and cultural critic Mart\u00edn Barea Mattos aims his poetic collage technique at the materialist pop culture that has become the norm in the Americas. Ubiquitous cultural artifacts and spaces like flash drives and parking lots take the place of icons of old as he moves along the circuitous streets of the modern city and into nightmarish mega-superstores (with Baudelaire as his guide), covering this territory with an accomplished array of stylistic shifts, sometimes reminiscent of Frank O\u2019Hara\u2019s musings on the everyday, sometimes with deeply symbolic imagery more resembling Garc\u00eda Lorca. With echoes, as well, of Ginsberg, Kafka and Dante, Barea Mattos emerges here as one of the more daring and darkly funny voices in poetry today.<\/p>\n<p>&nbsp;<\/p>\n<p style=\"text-align: justify;\">Called by Aliki Barnstone a \u201cconsummate poet-translator,\u201d Mark Statman has rendered the work, often spiced with local idioms, into a compelling, readable English, perfectly capturing Barea Mattos\u2019s singular style. With an Introduction by Jesse Lee Kercheval.<\/p>\n<p>&nbsp;<\/p>\n<p><a href=\"http:\/\/www.raintaxi.com\/never-made-in-america-selected-poems-of-martin-barea-mattos\/\" target=\"_blank\" rel=\"noopener noreferrer\">Read the review at <em>Rain Taxi<\/em><\/a><\/p>\n<p>&nbsp;<\/p>\n<hr \/>\n<p>&nbsp;<\/p>\n<h3 style=\"text-align: justify;\"><strong>Praise for\u00a0<em>Never Made in America<\/em><\/strong><\/h3>\n<p>&nbsp;<\/p>\n<p style=\"text-align: justify;\">From their particular spatial arrangements to their incantatory sound-repetitions, Mart\u00edn Barea Mattos\u2019 poems come to us with airs of specific lanes and gardens. In Mark Statman\u2019s elegant translations, Barea Mattos\u2019 poems gain new life\u2014the life of \u201cleftover material \/ memorial garbage dumps\u201d. At times concrete, at others aerial, Barea Mattos\u2019 poetry always keeps alive the consciousness of one human being, in words culled, as treasures, from daily use. Poetry is the beneficiary, and so are we, its readers.<br \/>\n<strong>\u2014Vincent Katz<\/strong><\/p>\n<p>&nbsp;<\/p>\n<p style=\"text-align: justify;\">In an optical illusion that plays with the reader and makes one question which is the original, poet Mark Statman translates to English Mart\u00edn Barea Mattos, whose collage-like poetry is replete with plays on words, cultural references, social commentary, and a great deal of movement.\u00a0 Statman rises to the challenge due, in addition to his experience as a translator, to his\u00a0 command of the creative process and what it means to write poetry.\u00a0\u00a0<em>Never Made in America<\/em>\u00a0is fresh and strident, gripping the reader from the first line.\u00a0 \u00a0<br \/>\n<strong>\u2014X\u00e1nath Caraza<\/strong><\/p>\n<p>&nbsp;<\/p>\n<p style=\"text-align: justify;\">Mart\u00edn Barea Mattos is playful, artful and alert to the absurdities of language and the strangeness of life in the contemporary Am\u00e9ricas. How fitting that his verse takes the tone of parable, protest and even prayer\u2014a polyphonic ability necessary to navigate our broken world\u2019s speed of change, double-speak and contradiction. We need this superb translation by Mark Statman of one of Uruguay\u2019s energetic and thought-provoking voices.\u00a0<br \/>\n<strong>\u2014Rigoberto Gonz\u00e1lez<\/strong><\/p>\n<p>&nbsp;<\/p>\n<hr \/>\n<p style=\"text-align: justify;\">\u00a0<\/p>\n<h3 style=\"text-align: justify;\"><strong>Praise for Mart\u00edn Barea Mattos<\/strong><\/h3>\n<p>&nbsp;<\/p>\n<p style=\"text-align: justify;\">Automatic writing that attacks these disillusioned times of consumerist and empty postmodernism, much in the same\u00a0 avant-garde way as Chaplin in\u00a0<em>Modern Times.<\/em>\u00a0Workers peck without much hope for Progress. Here, with echoes of Vallejo or the Neruda of the\u00a0<em>Odes<\/em>, of the Lorca of\u00a0<em>Poeta in New York<\/em>\u00a0or Alberti of\u00a0<em>Cita triste con Charlot,<\/em>\u00a0a display of how linguistic experimentation and humor are not at odds with social protest.<br \/>\n<strong>\u2014Mar\u00eda Jos\u00e9 Bru\u00f1a Bragado<\/strong><\/p>\n<p>&nbsp;<\/p>\n<p style=\"text-align: justify;\">Mart\u00edn Barea Mattos (dis)orders the universe of signs and thing in a political book about a century that literally exploded at its peak. But the song remains the same and this book registers the tensions of those times: a geography of a deserted wasteland, parking as a map of the poem. The poetry is not in the aisles: it is in the essence of the supermarket. Accumulate, scatter, invite and warn. Consumption in an exclusively human pirouette, an epochal face.<br \/>\n<strong>\u00a0\u2014Gerardo Ciancio<\/strong><\/p>\n<p>&nbsp;<\/p>\n<p style=\"text-align: justify;\">In this precarious and dilapidated habitat \u201clife is a sale\u201d made in the midst of filth. With this fetish, Mart\u00edn Barea Mattos deconstructs the poetic breath in meticulous fragments of toxic materials. The poems take on the conscience not only of the products that surround us, but a quality of soul that belongs to them, of offers for lives whose prices are conjectural and at the same time priceless.<br \/>\n<strong>\u2014<a href=\"http:\/\/www.lavenderink.org\/site\/books\/roberto-echavarren\">Roberto Echavarren<\/a><\/strong><\/p>\n<p>&nbsp;<\/p>\n<p style=\"text-align: justify;\">Mart\u00edn Barea Mattos writes at the intersection of human rot and the sky we do not look at. Writing as if the world was no longer anything more than an old abandoned market in whose endless corridors the rats and vestiges of unfinished works swarmed, the poet desperately walks amid the sales aisles and wonders if there is anything beyond. After the shipwreck and oblivion, perhaps there is nothing but the value created by those survivors who, floating backwards in the water, still communicate with the \u201cabysmal whisper of the sea,\u201d facing the sky.<br \/>\n<strong>\u2014Juan Salzano<\/strong><\/p>\n","protected":false},"excerpt":{"rendered":"<p>Mart\u00edn Barea Mattos<br \/>\ntrans Mark Statman<br \/>\n9781944884123<br \/>\n\u2026one of Uruguay\u2019s energetic and thought-provoking voices.<\/p>\n","protected":false},"featured_media":32,"comment_status":"open","ping_status":"closed","template":"","meta":{"jetpack_post_was_ever_published":false,"jetpack_publicize_message":"","jetpack_publicize_feature_enabled":true,"jetpack_social_post_already_shared":false,"jetpack_social_options":{"image_generator_settings":{"template":"highway","default_image_id":0,"font":"","enabled":false},"version":2},"_wpas_customize_per_network":false},"product_brand":[],"product_cat":[17],"product_tag":[283,33,32,18,30,29,31],"class_list":{"0":"post-24","1":"product","2":"type-product","3":"status-publish","4":"has-post-thumbnail","6":"product_cat-dialogos","7":"product_tag-bilingual","8":"product_tag-mark-statman","9":"product_tag-martin-barea-mattos","10":"product_tag-poetry","11":"product_tag-spanish","12":"product_tag-translation","13":"product_tag-uruguay","15":"first","16":"instock","17":"featured","18":"taxable","19":"shipping-taxable","20":"purchasable","21":"product-type-simple","22":"berocket_lgv_grid","23":"berocket_lgv_list_grid"},"yoast_head":"<!-- This site is optimized with the Yoast SEO plugin v27.5 - https:\/\/yoast.com\/product\/yoast-seo-wordpress\/ -->\n<title>Never Made in America: Selected Poems of Mart\u00edn Barea Mattos - Lavender Ink \/ Di\u00e1logos<\/title>\n<meta name=\"robots\" content=\"index, follow, max-snippet:-1, max-image-preview:large, max-video-preview:-1\" \/>\n<link rel=\"canonical\" href=\"https:\/\/www.lavenderink.org\/site\/shop\/never-made-in-america-selected-poems-of-martin-barea-mattos\/\" \/>\n<meta property=\"og:locale\" content=\"en_US\" \/>\n<meta property=\"og:type\" content=\"article\" \/>\n<meta property=\"og:title\" content=\"Never Made in America: Selected Poems of Mart\u00edn Barea Mattos - Lavender Ink \/ Di\u00e1logos\" \/>\n<meta property=\"og:description\" content=\"Mart\u00edn Barea Mattos trans Mark Statman 9781944884123 \u2026one of Uruguay\u2019s energetic and thought-provoking voices.\" \/>\n<meta property=\"og:url\" content=\"https:\/\/www.lavenderink.org\/site\/shop\/never-made-in-america-selected-poems-of-martin-barea-mattos\/\" \/>\n<meta property=\"og:site_name\" content=\"Lavender Ink \/ Di\u00e1logos\" \/>\n<meta property=\"article:publisher\" content=\"https:\/\/www.facebook.com\/lavenderinkdialogos\/\" \/>\n<meta property=\"article:modified_time\" content=\"2024-04-27T20:29:31+00:00\" \/>\n<meta property=\"og:image\" content=\"https:\/\/www.lavenderink.org\/site\/wp-content\/uploads\/2017\/09\/never-made-in-america.jpg\" \/>\n\t<meta property=\"og:image:width\" content=\"250\" \/>\n\t<meta property=\"og:image:height\" content=\"361\" \/>\n\t<meta property=\"og:image:type\" content=\"image\/jpeg\" \/>\n<meta name=\"twitter:card\" content=\"summary_large_image\" \/>\n<meta name=\"twitter:site\" content=\"@lavender_ink_pr\" \/>\n<meta name=\"twitter:label1\" content=\"Est. reading time\" \/>\n\t<meta name=\"twitter:data1\" content=\"4 minutes\" \/>\n<script type=\"application\/ld+json\" class=\"yoast-schema-graph\">{\"@context\":\"https:\\\/\\\/schema.org\",\"@graph\":[{\"@type\":\"WebPage\",\"@id\":\"https:\\\/\\\/www.lavenderink.org\\\/site\\\/shop\\\/never-made-in-america-selected-poems-of-martin-barea-mattos\\\/\",\"url\":\"https:\\\/\\\/www.lavenderink.org\\\/site\\\/shop\\\/never-made-in-america-selected-poems-of-martin-barea-mattos\\\/\",\"name\":\"Never Made in America: Selected Poems of Mart\u00edn Barea Mattos - Lavender Ink \\\/ Di\u00e1logos\",\"isPartOf\":{\"@id\":\"https:\\\/\\\/www.lavenderink.org\\\/site\\\/#website\"},\"primaryImageOfPage\":{\"@id\":\"https:\\\/\\\/www.lavenderink.org\\\/site\\\/shop\\\/never-made-in-america-selected-poems-of-martin-barea-mattos\\\/#primaryimage\"},\"image\":{\"@id\":\"https:\\\/\\\/www.lavenderink.org\\\/site\\\/shop\\\/never-made-in-america-selected-poems-of-martin-barea-mattos\\\/#primaryimage\"},\"thumbnailUrl\":\"https:\\\/\\\/www.lavenderink.org\\\/site\\\/wp-content\\\/uploads\\\/2017\\\/09\\\/never-made-in-america.jpg\",\"datePublished\":\"2017-09-04T01:14:42+00:00\",\"dateModified\":\"2024-04-27T20:29:31+00:00\",\"breadcrumb\":{\"@id\":\"https:\\\/\\\/www.lavenderink.org\\\/site\\\/shop\\\/never-made-in-america-selected-poems-of-martin-barea-mattos\\\/#breadcrumb\"},\"inLanguage\":\"en-US\",\"potentialAction\":[{\"@type\":\"ReadAction\",\"target\":[\"https:\\\/\\\/www.lavenderink.org\\\/site\\\/shop\\\/never-made-in-america-selected-poems-of-martin-barea-mattos\\\/\"]}]},{\"@type\":\"ImageObject\",\"inLanguage\":\"en-US\",\"@id\":\"https:\\\/\\\/www.lavenderink.org\\\/site\\\/shop\\\/never-made-in-america-selected-poems-of-martin-barea-mattos\\\/#primaryimage\",\"url\":\"https:\\\/\\\/www.lavenderink.org\\\/site\\\/wp-content\\\/uploads\\\/2017\\\/09\\\/never-made-in-america.jpg\",\"contentUrl\":\"https:\\\/\\\/www.lavenderink.org\\\/site\\\/wp-content\\\/uploads\\\/2017\\\/09\\\/never-made-in-america.jpg\",\"width\":250,\"height\":361,\"caption\":\"Never Made in America: Selected Poems from Mart\u00edn Barea Mattos\"},{\"@type\":\"BreadcrumbList\",\"@id\":\"https:\\\/\\\/www.lavenderink.org\\\/site\\\/shop\\\/never-made-in-america-selected-poems-of-martin-barea-mattos\\\/#breadcrumb\",\"itemListElement\":[{\"@type\":\"ListItem\",\"position\":1,\"name\":\"Home\",\"item\":\"https:\\\/\\\/www.lavenderink.org\\\/site\\\/\"},{\"@type\":\"ListItem\",\"position\":2,\"name\":\"Shop\",\"item\":\"https:\\\/\\\/www.lavenderink.org\\\/site\\\/shop\\\/\"},{\"@type\":\"ListItem\",\"position\":3,\"name\":\"Never Made in America: Selected Poems of Mart\u00edn Barea Mattos\"}]},{\"@type\":\"WebSite\",\"@id\":\"https:\\\/\\\/www.lavenderink.org\\\/site\\\/#website\",\"url\":\"https:\\\/\\\/www.lavenderink.org\\\/site\\\/\",\"name\":\"Lavender Ink \\\/ Di\u00e1logos\",\"description\":\"Publisher of Contemporary Poetry and Literary Prose\",\"publisher\":{\"@id\":\"https:\\\/\\\/www.lavenderink.org\\\/site\\\/#organization\"},\"potentialAction\":[{\"@type\":\"SearchAction\",\"target\":{\"@type\":\"EntryPoint\",\"urlTemplate\":\"https:\\\/\\\/www.lavenderink.org\\\/site\\\/?s={search_term_string}\"},\"query-input\":{\"@type\":\"PropertyValueSpecification\",\"valueRequired\":true,\"valueName\":\"search_term_string\"}}],\"inLanguage\":\"en-US\"},{\"@type\":\"Organization\",\"@id\":\"https:\\\/\\\/www.lavenderink.org\\\/site\\\/#organization\",\"name\":\"Lavender Ink \\\/ Di\u00e1logos\",\"url\":\"https:\\\/\\\/www.lavenderink.org\\\/site\\\/\",\"logo\":{\"@type\":\"ImageObject\",\"inLanguage\":\"en-US\",\"@id\":\"https:\\\/\\\/www.lavenderink.org\\\/site\\\/#\\\/schema\\\/logo\\\/image\\\/\",\"url\":\"https:\\\/\\\/www.lavenderink.org\\\/site\\\/wp-content\\\/uploads\\\/2018\\\/01\\\/cityscape-800.jpg\",\"contentUrl\":\"https:\\\/\\\/www.lavenderink.org\\\/site\\\/wp-content\\\/uploads\\\/2018\\\/01\\\/cityscape-800.jpg\",\"width\":800,\"height\":183,\"caption\":\"Lavender Ink \\\/ Di\u00e1logos\"},\"image\":{\"@id\":\"https:\\\/\\\/www.lavenderink.org\\\/site\\\/#\\\/schema\\\/logo\\\/image\\\/\"},\"sameAs\":[\"https:\\\/\\\/www.facebook.com\\\/lavenderinkdialogos\\\/\",\"https:\\\/\\\/x.com\\\/lavender_ink_pr\"]}]}<\/script>\n<!-- \/ Yoast SEO plugin. -->","yoast_head_json":{"title":"Never Made in America: Selected Poems of Mart\u00edn Barea Mattos - Lavender Ink \/ Di\u00e1logos","robots":{"index":"index","follow":"follow","max-snippet":"max-snippet:-1","max-image-preview":"max-image-preview:large","max-video-preview":"max-video-preview:-1"},"canonical":"https:\/\/www.lavenderink.org\/site\/shop\/never-made-in-america-selected-poems-of-martin-barea-mattos\/","og_locale":"en_US","og_type":"article","og_title":"Never Made in America: Selected Poems of Mart\u00edn Barea Mattos - Lavender Ink \/ Di\u00e1logos","og_description":"Mart\u00edn Barea Mattos trans Mark Statman 9781944884123 \u2026one of Uruguay\u2019s energetic and thought-provoking voices.","og_url":"https:\/\/www.lavenderink.org\/site\/shop\/never-made-in-america-selected-poems-of-martin-barea-mattos\/","og_site_name":"Lavender Ink \/ Di\u00e1logos","article_publisher":"https:\/\/www.facebook.com\/lavenderinkdialogos\/","article_modified_time":"2024-04-27T20:29:31+00:00","og_image":[{"width":250,"height":361,"url":"https:\/\/www.lavenderink.org\/site\/wp-content\/uploads\/2017\/09\/never-made-in-america.jpg","type":"image\/jpeg"}],"twitter_card":"summary_large_image","twitter_site":"@lavender_ink_pr","twitter_misc":{"Est. reading time":"4 minutes"},"schema":{"@context":"https:\/\/schema.org","@graph":[{"@type":"WebPage","@id":"https:\/\/www.lavenderink.org\/site\/shop\/never-made-in-america-selected-poems-of-martin-barea-mattos\/","url":"https:\/\/www.lavenderink.org\/site\/shop\/never-made-in-america-selected-poems-of-martin-barea-mattos\/","name":"Never Made in America: Selected Poems of Mart\u00edn Barea Mattos - Lavender Ink \/ Di\u00e1logos","isPartOf":{"@id":"https:\/\/www.lavenderink.org\/site\/#website"},"primaryImageOfPage":{"@id":"https:\/\/www.lavenderink.org\/site\/shop\/never-made-in-america-selected-poems-of-martin-barea-mattos\/#primaryimage"},"image":{"@id":"https:\/\/www.lavenderink.org\/site\/shop\/never-made-in-america-selected-poems-of-martin-barea-mattos\/#primaryimage"},"thumbnailUrl":"https:\/\/www.lavenderink.org\/site\/wp-content\/uploads\/2017\/09\/never-made-in-america.jpg","datePublished":"2017-09-04T01:14:42+00:00","dateModified":"2024-04-27T20:29:31+00:00","breadcrumb":{"@id":"https:\/\/www.lavenderink.org\/site\/shop\/never-made-in-america-selected-poems-of-martin-barea-mattos\/#breadcrumb"},"inLanguage":"en-US","potentialAction":[{"@type":"ReadAction","target":["https:\/\/www.lavenderink.org\/site\/shop\/never-made-in-america-selected-poems-of-martin-barea-mattos\/"]}]},{"@type":"ImageObject","inLanguage":"en-US","@id":"https:\/\/www.lavenderink.org\/site\/shop\/never-made-in-america-selected-poems-of-martin-barea-mattos\/#primaryimage","url":"https:\/\/www.lavenderink.org\/site\/wp-content\/uploads\/2017\/09\/never-made-in-america.jpg","contentUrl":"https:\/\/www.lavenderink.org\/site\/wp-content\/uploads\/2017\/09\/never-made-in-america.jpg","width":250,"height":361,"caption":"Never Made in America: Selected Poems from Mart\u00edn Barea Mattos"},{"@type":"BreadcrumbList","@id":"https:\/\/www.lavenderink.org\/site\/shop\/never-made-in-america-selected-poems-of-martin-barea-mattos\/#breadcrumb","itemListElement":[{"@type":"ListItem","position":1,"name":"Home","item":"https:\/\/www.lavenderink.org\/site\/"},{"@type":"ListItem","position":2,"name":"Shop","item":"https:\/\/www.lavenderink.org\/site\/shop\/"},{"@type":"ListItem","position":3,"name":"Never Made in America: Selected Poems of Mart\u00edn Barea Mattos"}]},{"@type":"WebSite","@id":"https:\/\/www.lavenderink.org\/site\/#website","url":"https:\/\/www.lavenderink.org\/site\/","name":"Lavender Ink \/ Di\u00e1logos","description":"Publisher of Contemporary Poetry and Literary Prose","publisher":{"@id":"https:\/\/www.lavenderink.org\/site\/#organization"},"potentialAction":[{"@type":"SearchAction","target":{"@type":"EntryPoint","urlTemplate":"https:\/\/www.lavenderink.org\/site\/?s={search_term_string}"},"query-input":{"@type":"PropertyValueSpecification","valueRequired":true,"valueName":"search_term_string"}}],"inLanguage":"en-US"},{"@type":"Organization","@id":"https:\/\/www.lavenderink.org\/site\/#organization","name":"Lavender Ink \/ Di\u00e1logos","url":"https:\/\/www.lavenderink.org\/site\/","logo":{"@type":"ImageObject","inLanguage":"en-US","@id":"https:\/\/www.lavenderink.org\/site\/#\/schema\/logo\/image\/","url":"https:\/\/www.lavenderink.org\/site\/wp-content\/uploads\/2018\/01\/cityscape-800.jpg","contentUrl":"https:\/\/www.lavenderink.org\/site\/wp-content\/uploads\/2018\/01\/cityscape-800.jpg","width":800,"height":183,"caption":"Lavender Ink \/ Di\u00e1logos"},"image":{"@id":"https:\/\/www.lavenderink.org\/site\/#\/schema\/logo\/image\/"},"sameAs":["https:\/\/www.facebook.com\/lavenderinkdialogos\/","https:\/\/x.com\/lavender_ink_pr"]}]}},"jetpack_publicize_connections":[],"jetpack_likes_enabled":false,"jetpack_sharing_enabled":true,"_links":{"self":[{"href":"https:\/\/www.lavenderink.org\/site\/wp-json\/wp\/v2\/product\/24","targetHints":{"allow":["GET"]}}],"collection":[{"href":"https:\/\/www.lavenderink.org\/site\/wp-json\/wp\/v2\/product"}],"about":[{"href":"https:\/\/www.lavenderink.org\/site\/wp-json\/wp\/v2\/types\/product"}],"replies":[{"embeddable":true,"href":"https:\/\/www.lavenderink.org\/site\/wp-json\/wp\/v2\/comments?post=24"}],"version-history":[{"count":0,"href":"https:\/\/www.lavenderink.org\/site\/wp-json\/wp\/v2\/product\/24\/revisions"}],"wp:featuredmedia":[{"embeddable":true,"href":"https:\/\/www.lavenderink.org\/site\/wp-json\/wp\/v2\/media\/32"}],"wp:attachment":[{"href":"https:\/\/www.lavenderink.org\/site\/wp-json\/wp\/v2\/media?parent=24"}],"wp:term":[{"taxonomy":"product_brand","embeddable":true,"href":"https:\/\/www.lavenderink.org\/site\/wp-json\/wp\/v2\/product_brand?post=24"},{"taxonomy":"product_cat","embeddable":true,"href":"https:\/\/www.lavenderink.org\/site\/wp-json\/wp\/v2\/product_cat?post=24"},{"taxonomy":"product_tag","embeddable":true,"href":"https:\/\/www.lavenderink.org\/site\/wp-json\/wp\/v2\/product_tag?post=24"}],"curies":[{"name":"wp","href":"https:\/\/api.w.org\/{rel}","templated":true}]}}