{"id":240,"date":"2017-10-11T04:14:38","date_gmt":"2017-10-11T04:14:38","guid":{"rendered":"http:\/\/www.lavenderink.org\/site\/?post_type=product&#038;p=240"},"modified":"2017-11-24T03:58:32","modified_gmt":"2017-11-24T03:58:32","slug":"immigrant-dreams-alien-nightmares","status":"publish","type":"product","link":"https:\/\/www.lavenderink.org\/site\/shop\/immigrant-dreams-alien-nightmares\/","title":{"rendered":"Immigrant Dreams &#038; Alien Nightmares"},"content":{"rendered":"<h3><strong>Jos\u00e9 Torres-Tama<\/strong><\/h3>\n<p>ISBN 978-1-935084-35-8<br \/>\n 220 pages: $18.00<br \/>\n October, 2014<\/p>\n<hr \/>\n<p style=\"text-align: justify;\"><strong><em>Immigrant Dreams &amp; Alien Nightmares<\/em><\/strong>\u00a0documents twenty-five years of Jos\u00e9 Torres-Tama\u2019s performance poetry in his unique bilingual voice. Labeled a \u201cPermanent Resident Alien\u201d when entering\u00a0<strong><em>GringoLandia<\/em>\u00a0<\/strong>at age 7 in 1968, Torres-Tama explores the psychic, physical, and open wounds of an Ecuadorian immigrant balancing two languages and cultures\u2014challenging the United States to realize its mythic ideals as the beacon of democracy. Inspired by writers like Ntozake Shange, Guillermo G\u00f3mez-Pe\u00f1a, and Mart\u00edn Espada, his poems document migratory leaps from Guayaquil, Ecuador to New York City, where his family owned a coffee wagon business in Union Square, and Jersey City, where his teen-age rites of passage forged his urban warrior persona, to the Caribbean-influenced port city of New Orleans, his muse and adopted home since 1984.<\/p>\n<hr \/>\n<p style=\"text-align: justify;\">Like the speaker in one of his poems, Jos\u00e9 Torres-Tama may well have \u201carrived like an immigrant toy with a distant tongue.\u201d And the poems gathered here are a testament to his ability to wield that tongue in two languages, to make it dance for his readers both on the page and in the Out-Loud of performance for which he is so well known. Compiled over many years, Immigrant Dreams &amp; Alien Nightmares is a book worth the wait. Jos\u00e9 Torres-Tama\u00a0<em>es un malabarista de palabras e im\u00e1genes, de mundos y realidades. Y estos poemas respiran el fuego.<br \/>\n <\/em><strong>-Brenda Marie Osbey<\/strong>, author of\u00a0<strong><em>History and Other Poems<\/em><\/strong>\u00a0(Time Being Books, 2013), Distinguished Visiting Professor Department of Africana Studies, Brown University; Poet Laureate of Louisiana 2005-2007.<\/p>\n<p style=\"text-align: justify;\">Jos\u00e9 Torres-Tama\u2019s work is vast, beautiful, razor-sharp and misbehaving. The vastness is in its tremendous variety of rhythms and languages, only some of which are English and Spanish and Spanglish, while others are New Orleanese, jazz, and shards of the spoken-and-accented. His razor-sharp politics comes out in his poems with cool and deadly humor like a machete out of a saddle. And his misbehaving poetry won\u2019t stay put on the page: it leaps out and performs itself wherever there is a crowd. Only when it\u2019s late, very late, do they go back to the page to rest. In this book the poems rest lightly, ready to jump out fully loaded. Reader, be brave!<br \/>\n <strong>-Andrei Codrescu<\/strong>, author of\u00a0<em><strong>Whatever Gets you Through The Night: a Story of Sheherezade and the Arabian Nights<\/strong>.<\/em><\/p>\n<p style=\"text-align: justify;\">The powerful poetry of Jos\u00e9 Torres-Tama begins on a high note\u2014\u201cWe need a choir of great golden voiced shamans\u201d (1989)\u2014and climbs higher &amp; higher as his artistry grows &amp; grows over the passing 25 years: \u201cHeld my nose when I pressed Obama \/ for a second term.\u201d His passionate social concerns are voiced &amp; carefully articulated with vast strength &amp; accuracy of vision through verses that pulsate with rhythmic intelligence, verbal grace &amp; the poet\u2019s unremitting commitment to equality, justice, opportunity &amp; acceptance of the entire human spectrum. \u201cImmigrants come here to forget. \/ I am in the process of remembering.\u201d<br \/>\n <strong>-John Sinclair<\/strong>, author of\u00a0<strong><em>Song of Praise: Homage to John Coltrane<\/em><\/strong>.<\/p>\n<p style=\"text-align: justify;\">Jos\u00e9 Torres-Tama wants us to \u201cwake up and smell the caf\u00e9 con leche\u201d, to learn the power of mixing espa\u00f1ol and English in a new and vital poetic hybrid. Suffering the truncation of his name and identity as the price of passage from Ecuador to the U.S., recounting each hurt and injustice with fury and humor, Torres-Tama carries the noble fire of a burning ancestor to light up the streets of New York and the flooded ruins of post-Katrina New Orleans. He cries for justice and his passionate voice sings the triumph of la poes\u00eda for the immigrants, the migrant laborers, the dispossessed and the homeless, and makes for them, in his poetry, a new home. He proudly proclaims to those who would keep him and his compadres in the shadows, \u201cI am the dream that knows more than you.\u201d His poems shine the fire of the dream. They are openly political and because they are, they return us to the reality of pain and suffering we often prefer to leave in the shadows, and force us to confront ourselves and our damaged American dream.<br \/>\n <strong>-Rodger Kamenetz<\/strong>, author of\u00a0<em><strong>To Die Next To You<\/strong>\u00a0<\/em>and<em>\u00a0<strong>The Lowercase Jew<\/strong>.<\/em><\/p>\n<p style=\"text-align: justify;\">Jos\u00e9 Torres-Tama is the chameleon poet who holds up a mirror to the changing landscape of his birthplace Ecuador, the East Coast cities that informed his adolescence, and his spiritual home New Orleans. His words cut a swath to document his contribution to the poetics of witness, amid a soundtrack of popular culture, filled with jingles, movies, headlines, and the literature that make him an important voice. Immigrant Dreams &amp; Alien Nightmares offers manifestos, gifts to acknowledge those silenced, forgotten and exploited.<br \/>\n <strong>-Melinda Palacio<\/strong>, author of the novel,\u00a0<strong><em>Ocotillo Dreams<\/em><\/strong>, and the poetry collections,<strong>\u00a0<em>Folsom Lockdown<\/em><\/strong>\u00a0and\u00a0<em><strong>How Fire Is a Story, Waiting<\/strong>.<\/em><\/p>\n<p style=\"text-align: justify;\">This book asks, \u201cDo you know where your c o u n t r y is?\u201d and we should all listen up: because this poet, this immigrant, this intellectual, this shaman by the name of Jos\u00e9 Torres-Tama has crucial words for us. The book resounds with the fight against the Forgetting of our shared and personal histories. Torres-Tama is torn between the pen and the sword: \u201cI like to think of myself in mythic terms. \/ I like to think of myself as a warrior, \/\u00a0<em>un guerrero de pluma y espada<\/em>.\u201d These pages proves the pen\u2019s strength to speak, to remember, to fight and, most crucially, to exorcise the demons that plague this country.<br \/>\n <strong>-Lisa Pasold<\/strong>, author of\u00a0<em><strong>Any Bright Horse<\/strong>.<\/em><\/p>\n<p style=\"text-align: justify;\"><strong><em>Immigrant Dreams &amp; Alien Nightmares<\/em><\/strong>\u00a0is Jos\u00e9 Torres-Tama\u2019s gift of fire, a rich series of poems that admonish:\u00a0<em>Usted tiene que arreglar sus asuntos con la historia<\/em>. His poems burn us into recognitions, giving back to us interlocked dreams and nightmares necessary for making new worlds in the contexts of the Americas. His strong poems announce his engagement with life and languages, his wit, his surgical ironies.\u00a0 They assure us that Torres-Tama is \u201c<em>un hombre bajo la piel de otra tierrra<\/em>\u201d in the tradition of Langston Hughes, Eduardo Galeano, Amiri Baraka and Ernesto Cardenal.\u00a0 His gift is an epistemology for a needful time.<br \/>\n <strong>-Jerry W. Ward, Jr.<\/strong>, author of\u00a0<strong><em>The Katrina Papers: A Journal of Trauma and Recovery<\/em><\/strong>\u00a0and Famous Overseas Professor, Central China Normal University (Wuhan).<\/p>\n<p style=\"text-align: justify;\">This expansive book is a breath of fresh air amid the elliptical narcissism of most contemporary American poetry. Torres-Tama\u2019s voice is boldly public, as exuberant as Whitman\u2019s but with a Latino accent. This is oral poetry and storytelling written down, much of it adapted from performance monologues. Making the page his stage, Torres-Tama sings a whole culture into being here. Creole as a crawfish enchilada, rhythmic and skilled as undocumented Mexican roofers hammering overhead, Torres-Tama grabs your attention\u2014and keeps it.<br \/>\n <strong>-James Nolan<\/strong>, author of\u00a0<strong><em>You Don\u2019t Know Me: Selected Stories<\/em><\/strong>\u00a0and\u00a0<em><strong>Drunk on Salt<\/strong>.<\/em><\/p>\n<p style=\"text-align: justify;\">From Ecuador to Jersey to the Crescent City, these Brown Tales of Jos\u00e9 Torres-Tama, Latino-Mestizo-American-Zorro\u2019s urban cries of heart, broken dreams, are reborn onto a New Orleans landscape of centuries-old peoples. Torres-Tama\u2019s poetry echoes a North &amp; South now uncovered, breaking chains of silence among media ignorance, and stands in triumph of resonant images\u2014the Brown man\u2019s manifesto of harassment, his art breaking through concrete like ancient roots defying boundaries of race, culture, emerging celebratory, \u201cdrunk with possibilities,\u201d painted in verse whose \u201ctongue\u201d is on fire with a truth that will fill empty bellies with beauty and a truly American Mosaic for the ages. You will rock with Amens, bite your lip with anger, and give thanks for Jose Torres-Tama\u2019s work, required reading for all humanity.<br \/>\n <strong>-Mona Lisa Saloy<\/strong>, author of\u00a0<strong><em>Second Line Home<\/em><\/strong>, and\u00a0<em><strong>Red Beans And Ricely Yours<\/strong>.<\/em><\/p>\n","protected":false},"excerpt":{"rendered":"<p>Jos\u00e9 Torres-Tama<br \/>\n9781935084358<br \/>\n&#8230; vast, beautiful, razor-sharp and misbehaving.\u00a0\u2014Andrei Codrescu<\/p>\n","protected":false},"featured_media":241,"comment_status":"open","ping_status":"closed","template":"","meta":{"jetpack_post_was_ever_published":false,"jetpack_publicize_message":"","jetpack_publicize_feature_enabled":true,"jetpack_social_post_already_shared":false,"jetpack_social_options":{"image_generator_settings":{"template":"highway","default_image_id":0,"font":"","enabled":false},"version":2}},"product_brand":[],"product_cat":[17],"product_tag":[130,18,30],"class_list":{"0":"post-240","1":"product","2":"type-product","3":"status-publish","4":"has-post-thumbnail","6":"product_cat-dialogos","7":"product_tag-ecuador","8":"product_tag-poetry","9":"product_tag-spanish","11":"first","12":"instock","13":"taxable","14":"shipping-taxable","15":"purchasable","16":"product-type-simple","17":"berocket_lgv_grid","18":"berocket_lgv_list_grid"},"yoast_head":"<!-- This site is optimized with the Yoast SEO plugin v27.0 - https:\/\/yoast.com\/product\/yoast-seo-wordpress\/ -->\n<title>Immigrant Dreams &amp; Alien Nightmares - Lavender Ink \/ Di\u00e1logos<\/title>\n<meta name=\"robots\" content=\"index, follow, max-snippet:-1, max-image-preview:large, max-video-preview:-1\" \/>\n<link rel=\"canonical\" href=\"https:\/\/www.lavenderink.org\/site\/shop\/immigrant-dreams-alien-nightmares\/\" \/>\n<meta property=\"og:locale\" content=\"en_US\" \/>\n<meta property=\"og:type\" content=\"article\" \/>\n<meta property=\"og:title\" content=\"Immigrant Dreams &amp; Alien Nightmares - Lavender Ink \/ Di\u00e1logos\" \/>\n<meta property=\"og:description\" content=\"Jos\u00e9 Torres-Tama 9781935084358 ... vast, beautiful, razor-sharp and misbehaving.\u00a0\u2014Andrei Codrescu\" \/>\n<meta property=\"og:url\" content=\"https:\/\/www.lavenderink.org\/site\/shop\/immigrant-dreams-alien-nightmares\/\" \/>\n<meta property=\"og:site_name\" content=\"Lavender Ink \/ Di\u00e1logos\" \/>\n<meta property=\"article:publisher\" content=\"https:\/\/www.facebook.com\/lavenderinkdialogos\/\" \/>\n<meta property=\"article:modified_time\" content=\"2017-11-24T03:58:32+00:00\" \/>\n<meta property=\"og:image\" content=\"https:\/\/www.lavenderink.org\/site\/wp-content\/uploads\/2017\/10\/Immigrant-Dreams-and-Alien-Nightmares.jpg\" \/>\n\t<meta property=\"og:image:width\" content=\"250\" \/>\n\t<meta property=\"og:image:height\" content=\"402\" \/>\n\t<meta property=\"og:image:type\" content=\"image\/jpeg\" \/>\n<meta name=\"twitter:card\" content=\"summary_large_image\" \/>\n<meta name=\"twitter:site\" content=\"@lavender_ink_pr\" \/>\n<meta name=\"twitter:label1\" content=\"Est. reading time\" \/>\n\t<meta name=\"twitter:data1\" content=\"7 minutes\" \/>\n<script type=\"application\/ld+json\" class=\"yoast-schema-graph\">{\"@context\":\"https:\/\/schema.org\",\"@graph\":[{\"@type\":\"WebPage\",\"@id\":\"https:\/\/www.lavenderink.org\/site\/shop\/immigrant-dreams-alien-nightmares\/\",\"url\":\"https:\/\/www.lavenderink.org\/site\/shop\/immigrant-dreams-alien-nightmares\/\",\"name\":\"Immigrant Dreams & Alien Nightmares - Lavender Ink \/ Di\u00e1logos\",\"isPartOf\":{\"@id\":\"https:\/\/www.lavenderink.org\/site\/#website\"},\"primaryImageOfPage\":{\"@id\":\"https:\/\/www.lavenderink.org\/site\/shop\/immigrant-dreams-alien-nightmares\/#primaryimage\"},\"image\":{\"@id\":\"https:\/\/www.lavenderink.org\/site\/shop\/immigrant-dreams-alien-nightmares\/#primaryimage\"},\"thumbnailUrl\":\"https:\/\/www.lavenderink.org\/site\/wp-content\/uploads\/2017\/10\/Immigrant-Dreams-and-Alien-Nightmares.jpg\",\"datePublished\":\"2017-10-11T04:14:38+00:00\",\"dateModified\":\"2017-11-24T03:58:32+00:00\",\"breadcrumb\":{\"@id\":\"https:\/\/www.lavenderink.org\/site\/shop\/immigrant-dreams-alien-nightmares\/#breadcrumb\"},\"inLanguage\":\"en-US\",\"potentialAction\":[{\"@type\":\"ReadAction\",\"target\":[\"https:\/\/www.lavenderink.org\/site\/shop\/immigrant-dreams-alien-nightmares\/\"]}]},{\"@type\":\"ImageObject\",\"inLanguage\":\"en-US\",\"@id\":\"https:\/\/www.lavenderink.org\/site\/shop\/immigrant-dreams-alien-nightmares\/#primaryimage\",\"url\":\"https:\/\/www.lavenderink.org\/site\/wp-content\/uploads\/2017\/10\/Immigrant-Dreams-and-Alien-Nightmares.jpg\",\"contentUrl\":\"https:\/\/www.lavenderink.org\/site\/wp-content\/uploads\/2017\/10\/Immigrant-Dreams-and-Alien-Nightmares.jpg\",\"width\":250,\"height\":402,\"caption\":\"Immigrant Dreams & Alien Nightmares\"},{\"@type\":\"BreadcrumbList\",\"@id\":\"https:\/\/www.lavenderink.org\/site\/shop\/immigrant-dreams-alien-nightmares\/#breadcrumb\",\"itemListElement\":[{\"@type\":\"ListItem\",\"position\":1,\"name\":\"Home\",\"item\":\"https:\/\/www.lavenderink.org\/site\/\"},{\"@type\":\"ListItem\",\"position\":2,\"name\":\"Shop\",\"item\":\"https:\/\/www.lavenderink.org\/site\/shop\/\"},{\"@type\":\"ListItem\",\"position\":3,\"name\":\"Immigrant Dreams &#038; Alien Nightmares\"}]},{\"@type\":\"WebSite\",\"@id\":\"https:\/\/www.lavenderink.org\/site\/#website\",\"url\":\"https:\/\/www.lavenderink.org\/site\/\",\"name\":\"Lavender Ink \/ Di\u00e1logos\",\"description\":\"Publisher of Contemporary Poetry and Literary Prose\",\"publisher\":{\"@id\":\"https:\/\/www.lavenderink.org\/site\/#organization\"},\"potentialAction\":[{\"@type\":\"SearchAction\",\"target\":{\"@type\":\"EntryPoint\",\"urlTemplate\":\"https:\/\/www.lavenderink.org\/site\/?s={search_term_string}\"},\"query-input\":{\"@type\":\"PropertyValueSpecification\",\"valueRequired\":true,\"valueName\":\"search_term_string\"}}],\"inLanguage\":\"en-US\"},{\"@type\":\"Organization\",\"@id\":\"https:\/\/www.lavenderink.org\/site\/#organization\",\"name\":\"Lavender Ink \/ Di\u00e1logos\",\"url\":\"https:\/\/www.lavenderink.org\/site\/\",\"logo\":{\"@type\":\"ImageObject\",\"inLanguage\":\"en-US\",\"@id\":\"https:\/\/www.lavenderink.org\/site\/#\/schema\/logo\/image\/\",\"url\":\"https:\/\/www.lavenderink.org\/site\/wp-content\/uploads\/2018\/01\/cityscape-800.jpg\",\"contentUrl\":\"https:\/\/www.lavenderink.org\/site\/wp-content\/uploads\/2018\/01\/cityscape-800.jpg\",\"width\":800,\"height\":183,\"caption\":\"Lavender Ink \/ Di\u00e1logos\"},\"image\":{\"@id\":\"https:\/\/www.lavenderink.org\/site\/#\/schema\/logo\/image\/\"},\"sameAs\":[\"https:\/\/www.facebook.com\/lavenderinkdialogos\/\",\"https:\/\/x.com\/lavender_ink_pr\"]}]}<\/script>\n<!-- \/ Yoast SEO plugin. -->","yoast_head_json":{"title":"Immigrant Dreams & Alien Nightmares - Lavender Ink \/ Di\u00e1logos","robots":{"index":"index","follow":"follow","max-snippet":"max-snippet:-1","max-image-preview":"max-image-preview:large","max-video-preview":"max-video-preview:-1"},"canonical":"https:\/\/www.lavenderink.org\/site\/shop\/immigrant-dreams-alien-nightmares\/","og_locale":"en_US","og_type":"article","og_title":"Immigrant Dreams & Alien Nightmares - Lavender Ink \/ Di\u00e1logos","og_description":"Jos\u00e9 Torres-Tama 9781935084358 ... vast, beautiful, razor-sharp and misbehaving.\u00a0\u2014Andrei Codrescu","og_url":"https:\/\/www.lavenderink.org\/site\/shop\/immigrant-dreams-alien-nightmares\/","og_site_name":"Lavender Ink \/ Di\u00e1logos","article_publisher":"https:\/\/www.facebook.com\/lavenderinkdialogos\/","article_modified_time":"2017-11-24T03:58:32+00:00","og_image":[{"width":250,"height":402,"url":"https:\/\/www.lavenderink.org\/site\/wp-content\/uploads\/2017\/10\/Immigrant-Dreams-and-Alien-Nightmares.jpg","type":"image\/jpeg"}],"twitter_card":"summary_large_image","twitter_site":"@lavender_ink_pr","twitter_misc":{"Est. reading time":"7 minutes"},"schema":{"@context":"https:\/\/schema.org","@graph":[{"@type":"WebPage","@id":"https:\/\/www.lavenderink.org\/site\/shop\/immigrant-dreams-alien-nightmares\/","url":"https:\/\/www.lavenderink.org\/site\/shop\/immigrant-dreams-alien-nightmares\/","name":"Immigrant Dreams & Alien Nightmares - Lavender Ink \/ Di\u00e1logos","isPartOf":{"@id":"https:\/\/www.lavenderink.org\/site\/#website"},"primaryImageOfPage":{"@id":"https:\/\/www.lavenderink.org\/site\/shop\/immigrant-dreams-alien-nightmares\/#primaryimage"},"image":{"@id":"https:\/\/www.lavenderink.org\/site\/shop\/immigrant-dreams-alien-nightmares\/#primaryimage"},"thumbnailUrl":"https:\/\/www.lavenderink.org\/site\/wp-content\/uploads\/2017\/10\/Immigrant-Dreams-and-Alien-Nightmares.jpg","datePublished":"2017-10-11T04:14:38+00:00","dateModified":"2017-11-24T03:58:32+00:00","breadcrumb":{"@id":"https:\/\/www.lavenderink.org\/site\/shop\/immigrant-dreams-alien-nightmares\/#breadcrumb"},"inLanguage":"en-US","potentialAction":[{"@type":"ReadAction","target":["https:\/\/www.lavenderink.org\/site\/shop\/immigrant-dreams-alien-nightmares\/"]}]},{"@type":"ImageObject","inLanguage":"en-US","@id":"https:\/\/www.lavenderink.org\/site\/shop\/immigrant-dreams-alien-nightmares\/#primaryimage","url":"https:\/\/www.lavenderink.org\/site\/wp-content\/uploads\/2017\/10\/Immigrant-Dreams-and-Alien-Nightmares.jpg","contentUrl":"https:\/\/www.lavenderink.org\/site\/wp-content\/uploads\/2017\/10\/Immigrant-Dreams-and-Alien-Nightmares.jpg","width":250,"height":402,"caption":"Immigrant Dreams & Alien Nightmares"},{"@type":"BreadcrumbList","@id":"https:\/\/www.lavenderink.org\/site\/shop\/immigrant-dreams-alien-nightmares\/#breadcrumb","itemListElement":[{"@type":"ListItem","position":1,"name":"Home","item":"https:\/\/www.lavenderink.org\/site\/"},{"@type":"ListItem","position":2,"name":"Shop","item":"https:\/\/www.lavenderink.org\/site\/shop\/"},{"@type":"ListItem","position":3,"name":"Immigrant Dreams &#038; Alien Nightmares"}]},{"@type":"WebSite","@id":"https:\/\/www.lavenderink.org\/site\/#website","url":"https:\/\/www.lavenderink.org\/site\/","name":"Lavender Ink \/ Di\u00e1logos","description":"Publisher of Contemporary Poetry and Literary Prose","publisher":{"@id":"https:\/\/www.lavenderink.org\/site\/#organization"},"potentialAction":[{"@type":"SearchAction","target":{"@type":"EntryPoint","urlTemplate":"https:\/\/www.lavenderink.org\/site\/?s={search_term_string}"},"query-input":{"@type":"PropertyValueSpecification","valueRequired":true,"valueName":"search_term_string"}}],"inLanguage":"en-US"},{"@type":"Organization","@id":"https:\/\/www.lavenderink.org\/site\/#organization","name":"Lavender Ink \/ Di\u00e1logos","url":"https:\/\/www.lavenderink.org\/site\/","logo":{"@type":"ImageObject","inLanguage":"en-US","@id":"https:\/\/www.lavenderink.org\/site\/#\/schema\/logo\/image\/","url":"https:\/\/www.lavenderink.org\/site\/wp-content\/uploads\/2018\/01\/cityscape-800.jpg","contentUrl":"https:\/\/www.lavenderink.org\/site\/wp-content\/uploads\/2018\/01\/cityscape-800.jpg","width":800,"height":183,"caption":"Lavender Ink \/ Di\u00e1logos"},"image":{"@id":"https:\/\/www.lavenderink.org\/site\/#\/schema\/logo\/image\/"},"sameAs":["https:\/\/www.facebook.com\/lavenderinkdialogos\/","https:\/\/x.com\/lavender_ink_pr"]}]}},"jetpack_publicize_connections":[],"jetpack_likes_enabled":false,"jetpack_sharing_enabled":true,"_links":{"self":[{"href":"https:\/\/www.lavenderink.org\/site\/wp-json\/wp\/v2\/product\/240","targetHints":{"allow":["GET"]}}],"collection":[{"href":"https:\/\/www.lavenderink.org\/site\/wp-json\/wp\/v2\/product"}],"about":[{"href":"https:\/\/www.lavenderink.org\/site\/wp-json\/wp\/v2\/types\/product"}],"replies":[{"embeddable":true,"href":"https:\/\/www.lavenderink.org\/site\/wp-json\/wp\/v2\/comments?post=240"}],"version-history":[{"count":0,"href":"https:\/\/www.lavenderink.org\/site\/wp-json\/wp\/v2\/product\/240\/revisions"}],"wp:featuredmedia":[{"embeddable":true,"href":"https:\/\/www.lavenderink.org\/site\/wp-json\/wp\/v2\/media\/241"}],"wp:attachment":[{"href":"https:\/\/www.lavenderink.org\/site\/wp-json\/wp\/v2\/media?parent=240"}],"wp:term":[{"taxonomy":"product_brand","embeddable":true,"href":"https:\/\/www.lavenderink.org\/site\/wp-json\/wp\/v2\/product_brand?post=240"},{"taxonomy":"product_cat","embeddable":true,"href":"https:\/\/www.lavenderink.org\/site\/wp-json\/wp\/v2\/product_cat?post=240"},{"taxonomy":"product_tag","embeddable":true,"href":"https:\/\/www.lavenderink.org\/site\/wp-json\/wp\/v2\/product_tag?post=240"}],"curies":[{"name":"wp","href":"https:\/\/api.w.org\/{rel}","templated":true}]}}