{"id":248,"date":"2017-10-23T23:45:23","date_gmt":"2017-10-24T04:45:23","guid":{"rendered":"http:\/\/www.lavenderink.org\/site\/?post_type=product&#038;p=248"},"modified":"2020-05-26T14:41:34","modified_gmt":"2020-05-26T19:41:34","slug":"weight-of-the-island-the","status":"publish","type":"product","link":"https:\/\/www.lavenderink.org\/site\/shop\/weight-of-the-island-the\/","title":{"rendered":"Weight of the Island, The"},"content":{"rendered":"<h3>By\u00a0Virgilio Pi\u00f1era<br \/>\n Translated by\u00a0Pablo Medina<\/h3>\n<p>ISBN 978-1-935084-82-2<br \/>\n 168 pages: $18.00<br \/>\n March, 2015<\/p>\n<p>&nbsp;<\/p>\n<hr \/>\n<p>&nbsp;<\/p>\n<p style=\"text-align: justify;\">Dramatist, novelist, critic and poet Virgilio Pi\u00f1era (1912-1979) was one of the greatest writers of twentieth century Cuba. Little known outside the island, his poems have been called &#8220;feverishly tropical&#8221; and &#8220;champions against indifference.&#8221; With a linguistic skill reminiscent of Borges and a gift for metaphor that rivals Neruda and Garc\u00eda Lorca, Pi\u00f1era&#8217;s poems celebrate daily life in Cuba with brilliance and humor. Pablo Medina&#8217;s remarkable translations from\u00a0<em><strong>The Weight of the Island<\/strong> (<strong>La isla en peso<\/strong>)<\/em>, the first book-length collection of Pi\u00f1era&#8217;s work in English, now renew Pi\u00f1era&#8217;s gifts to the world.<\/p>\n<p>&nbsp;<\/p>\n<hr \/>\n<p>&nbsp;<\/p>\n<p style=\"text-align: justify;\">Telluric, absurdist, surrealist, feverishly tropical, Virgilio Pi\u00f1era\u2019s\u00a0<em><strong>The Weight of the Island<\/strong>\u00a0<\/em>is a poetic cosmos without parallel. Pi\u00f1era\u2019s voice is disturbing, anguished, dissonant and yet deeply moving. You feel the full emotional and psychological presence of the man in every verse he penned. We can rejoice that the English-speaking public can finally become acquainted with this utterly original poet. Only an artist of Pablo Medina\u2019s gifts could have achieved the miracle of bringing Pi\u00f1 era fully alive into English.\u00a0<br \/>\n &#8212;\u00a0<strong>Jaime Manrique<\/strong>, author of\u00a0<strong><em>Cervantes Street<\/em><\/strong><\/p>\n<p>&nbsp;<\/p>\n<p style=\"text-align: justify;\">When we read the poetry of Virgilio Pi\u00f1era we must try to identify the invisible or the mystery that lies behind his words, for his language is filled with doubt and irony as the Cuban poet works the regions of despair, desolation and\u00a0 loneliness.\u00a0 Through Medina\u2019s translation\u00a0 the reader can access the invisible and hidden in Pi\u00f1era\u2019s poetry, the mystery between the lines which Pablo Medina deftly uncovers. Medina\u2019s translation of Pi\u00f1era\u2019s\u00a0 poetic words is vivid and sensitive and becomes a recreation of that poetry rather than a mere translation. If Pi\u00f1era as a poet translates his desolate life into a poetry which is fierce and bitter, Medina\u2019s\u00a0 English rendition of that poetry captures the vitality of the original Spanish and conveys the fierceness of a poet who felt imprisoned by\u00a0 \u201cthe cursed condition of water on all sides.\u201d<br \/>\n &#8212;<strong>Professor Isabel Alvarez Borland<\/strong>, author of\u00a0<strong><em>Cuban America Literature of Exile: From Person to Persona<\/em><\/strong><\/p>\n<p>&nbsp;<\/p>\n<p style=\"text-align: justify;\">Virgilio Pi\u00f1era\u2019s poetry occupies the fragile space between sadness and beauty, between disillusion and reality.\u00a0 His poems are quiet champions against indifference, affirmations that seek to both grieve over and honor our human existence. \u00a0Pablo Medina&#8217;s translations are enduring, necessary treasures.\u00a0<br \/>\n &#8212;<strong>Richard Blanco<\/strong>, Obama inaugural poet and author of\u00a0<strong><em>The Prince of los Cocuyos<\/em><\/strong><\/p>\n<p>&nbsp;<\/p>\n<p style=\"text-align: justify;\">Virgilio Pi\u00f1era has been too long ignored amid a louder, at times discordant music of twentieth century Latin American poetry. With these subtly innovative and accessible translations in\u00a0<strong><em>The Weight of the Island<\/em><\/strong>, poet-novelist Pablo Medina now sets Pi\u00f1era in his rightful place on the international stage alongside poet-icons Jos\u00e9 Lezama Lima and Nicol\u00e1s Guill\u00e9n. Pi\u00f1era\u2019s early work is fierce and surrealist, presenting the torrid sensuality and suffocation of his most beautiful island\u2015Cuba\u2015simmering in all its ebullient tropical illusions. Spanning the era when Cuba was a brand new country set free from both the Spanish and Americans to make its own history, moving ahead through hard Revolution then post-Revolution, this smart selection moves back again in time into the more interior and privately experienced, meant also to present Pi\u00f1 era\u2019s more intimate writing, his personal evocations of love and disillusionment, his closely observed poems of absurd social behaviors and mechanical decorum played out against the certainty of mortality. Yet Pi\u00f1era\u2019s poems are all celebrations of life, divine spirit cries that break through the stifling silence of our permanent night. Medina\u2019s remarkable translations in\u00a0<em>The Weight of the Island<\/em>\u00a0now renew his gifts to the world.\u00a0\u00a0<br \/>\n &#8212;<strong>Douglas Unger\u00a0<\/strong>author of\u00a0<strong><em>Voices from Silence<\/em><\/strong><\/p>\n","protected":false},"excerpt":{"rendered":"<p>Virgilio Pi\u00f1era<br \/>\n Trans Pablo Medina<br \/>\n9781935084822<br \/>\nPi\u00f1era\u2019s\u2026poems are quiet champions against indifference&#8230; \u2014Richard Blanco<\/p>\n","protected":false},"featured_media":257,"comment_status":"open","ping_status":"closed","template":"","meta":{"jetpack_post_was_ever_published":false,"jetpack_publicize_message":"","jetpack_publicize_feature_enabled":true,"jetpack_social_post_already_shared":false,"jetpack_social_options":{"image_generator_settings":{"template":"highway","default_image_id":0,"font":"","enabled":false},"version":2}},"product_brand":[],"product_cat":[17],"product_tag":[283,124,156,18,30,155],"class_list":{"0":"post-248","1":"product","2":"type-product","3":"status-publish","4":"has-post-thumbnail","6":"product_cat-dialogos","7":"product_tag-bilingual","8":"product_tag-cuba","9":"product_tag-pablo-medina","10":"product_tag-poetry","11":"product_tag-spanish","12":"product_tag-virgilio-pinera","14":"first","15":"instock","16":"taxable","17":"shipping-taxable","18":"purchasable","19":"product-type-simple","20":"berocket_lgv_grid","21":"berocket_lgv_list_grid"},"yoast_head":"<!-- This site is optimized with the Yoast SEO plugin v27.0 - https:\/\/yoast.com\/product\/yoast-seo-wordpress\/ -->\n<title>Weight of the Island, The - Lavender Ink \/ Di\u00e1logos<\/title>\n<meta name=\"robots\" content=\"index, follow, max-snippet:-1, max-image-preview:large, max-video-preview:-1\" \/>\n<link rel=\"canonical\" href=\"https:\/\/www.lavenderink.org\/site\/shop\/weight-of-the-island-the\/\" \/>\n<meta property=\"og:locale\" content=\"en_US\" \/>\n<meta property=\"og:type\" content=\"article\" \/>\n<meta property=\"og:title\" content=\"Weight of the Island, The - Lavender Ink \/ Di\u00e1logos\" \/>\n<meta property=\"og:description\" content=\"Virgilio Pi\u00f1era  Trans Pablo Medina 9781935084822 Pi\u00f1era\u2019s\u2026poems are quiet champions against indifference... \u2014Richard Blanco\" \/>\n<meta property=\"og:url\" content=\"https:\/\/www.lavenderink.org\/site\/shop\/weight-of-the-island-the\/\" \/>\n<meta property=\"og:site_name\" content=\"Lavender Ink \/ Di\u00e1logos\" \/>\n<meta property=\"article:publisher\" content=\"https:\/\/www.facebook.com\/lavenderinkdialogos\/\" \/>\n<meta property=\"article:modified_time\" content=\"2020-05-26T19:41:34+00:00\" \/>\n<meta property=\"og:image\" content=\"https:\/\/www.lavenderink.org\/site\/wp-content\/uploads\/2017\/10\/Weight-of-the-Island-The.jpg\" \/>\n\t<meta property=\"og:image:width\" content=\"250\" \/>\n\t<meta property=\"og:image:height\" content=\"324\" \/>\n\t<meta property=\"og:image:type\" content=\"image\/jpeg\" \/>\n<meta name=\"twitter:card\" content=\"summary_large_image\" \/>\n<meta name=\"twitter:site\" content=\"@lavender_ink_pr\" \/>\n<meta name=\"twitter:label1\" content=\"Est. reading time\" \/>\n\t<meta name=\"twitter:data1\" content=\"3 minutes\" \/>\n<script type=\"application\/ld+json\" class=\"yoast-schema-graph\">{\"@context\":\"https:\/\/schema.org\",\"@graph\":[{\"@type\":\"WebPage\",\"@id\":\"https:\/\/www.lavenderink.org\/site\/shop\/weight-of-the-island-the\/\",\"url\":\"https:\/\/www.lavenderink.org\/site\/shop\/weight-of-the-island-the\/\",\"name\":\"Weight of the Island, The - Lavender Ink \/ Di\u00e1logos\",\"isPartOf\":{\"@id\":\"https:\/\/www.lavenderink.org\/site\/#website\"},\"primaryImageOfPage\":{\"@id\":\"https:\/\/www.lavenderink.org\/site\/shop\/weight-of-the-island-the\/#primaryimage\"},\"image\":{\"@id\":\"https:\/\/www.lavenderink.org\/site\/shop\/weight-of-the-island-the\/#primaryimage\"},\"thumbnailUrl\":\"https:\/\/www.lavenderink.org\/site\/wp-content\/uploads\/2017\/10\/Weight-of-the-Island-The.jpg\",\"datePublished\":\"2017-10-24T04:45:23+00:00\",\"dateModified\":\"2020-05-26T19:41:34+00:00\",\"breadcrumb\":{\"@id\":\"https:\/\/www.lavenderink.org\/site\/shop\/weight-of-the-island-the\/#breadcrumb\"},\"inLanguage\":\"en-US\",\"potentialAction\":[{\"@type\":\"ReadAction\",\"target\":[\"https:\/\/www.lavenderink.org\/site\/shop\/weight-of-the-island-the\/\"]}]},{\"@type\":\"ImageObject\",\"inLanguage\":\"en-US\",\"@id\":\"https:\/\/www.lavenderink.org\/site\/shop\/weight-of-the-island-the\/#primaryimage\",\"url\":\"https:\/\/www.lavenderink.org\/site\/wp-content\/uploads\/2017\/10\/Weight-of-the-Island-The.jpg\",\"contentUrl\":\"https:\/\/www.lavenderink.org\/site\/wp-content\/uploads\/2017\/10\/Weight-of-the-Island-The.jpg\",\"width\":250,\"height\":324,\"caption\":\"Weight of the Island, The\"},{\"@type\":\"BreadcrumbList\",\"@id\":\"https:\/\/www.lavenderink.org\/site\/shop\/weight-of-the-island-the\/#breadcrumb\",\"itemListElement\":[{\"@type\":\"ListItem\",\"position\":1,\"name\":\"Home\",\"item\":\"https:\/\/www.lavenderink.org\/site\/\"},{\"@type\":\"ListItem\",\"position\":2,\"name\":\"Shop\",\"item\":\"https:\/\/www.lavenderink.org\/site\/shop\/\"},{\"@type\":\"ListItem\",\"position\":3,\"name\":\"Weight of the Island, The\"}]},{\"@type\":\"WebSite\",\"@id\":\"https:\/\/www.lavenderink.org\/site\/#website\",\"url\":\"https:\/\/www.lavenderink.org\/site\/\",\"name\":\"Lavender Ink \/ Di\u00e1logos\",\"description\":\"Publisher of Contemporary Poetry and Literary Prose\",\"publisher\":{\"@id\":\"https:\/\/www.lavenderink.org\/site\/#organization\"},\"potentialAction\":[{\"@type\":\"SearchAction\",\"target\":{\"@type\":\"EntryPoint\",\"urlTemplate\":\"https:\/\/www.lavenderink.org\/site\/?s={search_term_string}\"},\"query-input\":{\"@type\":\"PropertyValueSpecification\",\"valueRequired\":true,\"valueName\":\"search_term_string\"}}],\"inLanguage\":\"en-US\"},{\"@type\":\"Organization\",\"@id\":\"https:\/\/www.lavenderink.org\/site\/#organization\",\"name\":\"Lavender Ink \/ Di\u00e1logos\",\"url\":\"https:\/\/www.lavenderink.org\/site\/\",\"logo\":{\"@type\":\"ImageObject\",\"inLanguage\":\"en-US\",\"@id\":\"https:\/\/www.lavenderink.org\/site\/#\/schema\/logo\/image\/\",\"url\":\"https:\/\/www.lavenderink.org\/site\/wp-content\/uploads\/2018\/01\/cityscape-800.jpg\",\"contentUrl\":\"https:\/\/www.lavenderink.org\/site\/wp-content\/uploads\/2018\/01\/cityscape-800.jpg\",\"width\":800,\"height\":183,\"caption\":\"Lavender Ink \/ Di\u00e1logos\"},\"image\":{\"@id\":\"https:\/\/www.lavenderink.org\/site\/#\/schema\/logo\/image\/\"},\"sameAs\":[\"https:\/\/www.facebook.com\/lavenderinkdialogos\/\",\"https:\/\/x.com\/lavender_ink_pr\"]}]}<\/script>\n<!-- \/ Yoast SEO plugin. -->","yoast_head_json":{"title":"Weight of the Island, The - Lavender Ink \/ Di\u00e1logos","robots":{"index":"index","follow":"follow","max-snippet":"max-snippet:-1","max-image-preview":"max-image-preview:large","max-video-preview":"max-video-preview:-1"},"canonical":"https:\/\/www.lavenderink.org\/site\/shop\/weight-of-the-island-the\/","og_locale":"en_US","og_type":"article","og_title":"Weight of the Island, The - Lavender Ink \/ Di\u00e1logos","og_description":"Virgilio Pi\u00f1era  Trans Pablo Medina 9781935084822 Pi\u00f1era\u2019s\u2026poems are quiet champions against indifference... \u2014Richard Blanco","og_url":"https:\/\/www.lavenderink.org\/site\/shop\/weight-of-the-island-the\/","og_site_name":"Lavender Ink \/ Di\u00e1logos","article_publisher":"https:\/\/www.facebook.com\/lavenderinkdialogos\/","article_modified_time":"2020-05-26T19:41:34+00:00","og_image":[{"width":250,"height":324,"url":"https:\/\/www.lavenderink.org\/site\/wp-content\/uploads\/2017\/10\/Weight-of-the-Island-The.jpg","type":"image\/jpeg"}],"twitter_card":"summary_large_image","twitter_site":"@lavender_ink_pr","twitter_misc":{"Est. reading time":"3 minutes"},"schema":{"@context":"https:\/\/schema.org","@graph":[{"@type":"WebPage","@id":"https:\/\/www.lavenderink.org\/site\/shop\/weight-of-the-island-the\/","url":"https:\/\/www.lavenderink.org\/site\/shop\/weight-of-the-island-the\/","name":"Weight of the Island, The - Lavender Ink \/ Di\u00e1logos","isPartOf":{"@id":"https:\/\/www.lavenderink.org\/site\/#website"},"primaryImageOfPage":{"@id":"https:\/\/www.lavenderink.org\/site\/shop\/weight-of-the-island-the\/#primaryimage"},"image":{"@id":"https:\/\/www.lavenderink.org\/site\/shop\/weight-of-the-island-the\/#primaryimage"},"thumbnailUrl":"https:\/\/www.lavenderink.org\/site\/wp-content\/uploads\/2017\/10\/Weight-of-the-Island-The.jpg","datePublished":"2017-10-24T04:45:23+00:00","dateModified":"2020-05-26T19:41:34+00:00","breadcrumb":{"@id":"https:\/\/www.lavenderink.org\/site\/shop\/weight-of-the-island-the\/#breadcrumb"},"inLanguage":"en-US","potentialAction":[{"@type":"ReadAction","target":["https:\/\/www.lavenderink.org\/site\/shop\/weight-of-the-island-the\/"]}]},{"@type":"ImageObject","inLanguage":"en-US","@id":"https:\/\/www.lavenderink.org\/site\/shop\/weight-of-the-island-the\/#primaryimage","url":"https:\/\/www.lavenderink.org\/site\/wp-content\/uploads\/2017\/10\/Weight-of-the-Island-The.jpg","contentUrl":"https:\/\/www.lavenderink.org\/site\/wp-content\/uploads\/2017\/10\/Weight-of-the-Island-The.jpg","width":250,"height":324,"caption":"Weight of the Island, The"},{"@type":"BreadcrumbList","@id":"https:\/\/www.lavenderink.org\/site\/shop\/weight-of-the-island-the\/#breadcrumb","itemListElement":[{"@type":"ListItem","position":1,"name":"Home","item":"https:\/\/www.lavenderink.org\/site\/"},{"@type":"ListItem","position":2,"name":"Shop","item":"https:\/\/www.lavenderink.org\/site\/shop\/"},{"@type":"ListItem","position":3,"name":"Weight of the Island, The"}]},{"@type":"WebSite","@id":"https:\/\/www.lavenderink.org\/site\/#website","url":"https:\/\/www.lavenderink.org\/site\/","name":"Lavender Ink \/ Di\u00e1logos","description":"Publisher of Contemporary Poetry and Literary Prose","publisher":{"@id":"https:\/\/www.lavenderink.org\/site\/#organization"},"potentialAction":[{"@type":"SearchAction","target":{"@type":"EntryPoint","urlTemplate":"https:\/\/www.lavenderink.org\/site\/?s={search_term_string}"},"query-input":{"@type":"PropertyValueSpecification","valueRequired":true,"valueName":"search_term_string"}}],"inLanguage":"en-US"},{"@type":"Organization","@id":"https:\/\/www.lavenderink.org\/site\/#organization","name":"Lavender Ink \/ Di\u00e1logos","url":"https:\/\/www.lavenderink.org\/site\/","logo":{"@type":"ImageObject","inLanguage":"en-US","@id":"https:\/\/www.lavenderink.org\/site\/#\/schema\/logo\/image\/","url":"https:\/\/www.lavenderink.org\/site\/wp-content\/uploads\/2018\/01\/cityscape-800.jpg","contentUrl":"https:\/\/www.lavenderink.org\/site\/wp-content\/uploads\/2018\/01\/cityscape-800.jpg","width":800,"height":183,"caption":"Lavender Ink \/ Di\u00e1logos"},"image":{"@id":"https:\/\/www.lavenderink.org\/site\/#\/schema\/logo\/image\/"},"sameAs":["https:\/\/www.facebook.com\/lavenderinkdialogos\/","https:\/\/x.com\/lavender_ink_pr"]}]}},"jetpack_publicize_connections":[],"jetpack_likes_enabled":false,"jetpack_sharing_enabled":true,"_links":{"self":[{"href":"https:\/\/www.lavenderink.org\/site\/wp-json\/wp\/v2\/product\/248","targetHints":{"allow":["GET"]}}],"collection":[{"href":"https:\/\/www.lavenderink.org\/site\/wp-json\/wp\/v2\/product"}],"about":[{"href":"https:\/\/www.lavenderink.org\/site\/wp-json\/wp\/v2\/types\/product"}],"replies":[{"embeddable":true,"href":"https:\/\/www.lavenderink.org\/site\/wp-json\/wp\/v2\/comments?post=248"}],"version-history":[{"count":0,"href":"https:\/\/www.lavenderink.org\/site\/wp-json\/wp\/v2\/product\/248\/revisions"}],"wp:featuredmedia":[{"embeddable":true,"href":"https:\/\/www.lavenderink.org\/site\/wp-json\/wp\/v2\/media\/257"}],"wp:attachment":[{"href":"https:\/\/www.lavenderink.org\/site\/wp-json\/wp\/v2\/media?parent=248"}],"wp:term":[{"taxonomy":"product_brand","embeddable":true,"href":"https:\/\/www.lavenderink.org\/site\/wp-json\/wp\/v2\/product_brand?post=248"},{"taxonomy":"product_cat","embeddable":true,"href":"https:\/\/www.lavenderink.org\/site\/wp-json\/wp\/v2\/product_cat?post=248"},{"taxonomy":"product_tag","embeddable":true,"href":"https:\/\/www.lavenderink.org\/site\/wp-json\/wp\/v2\/product_tag?post=248"}],"curies":[{"name":"wp","href":"https:\/\/api.w.org\/{rel}","templated":true}]}}