{"id":284,"date":"2017-10-29T23:57:02","date_gmt":"2017-10-30T04:57:02","guid":{"rendered":"http:\/\/www.lavenderink.org\/site\/?post_type=product&#038;p=284"},"modified":"2024-06-26T14:35:28","modified_gmt":"2024-06-26T19:35:28","slug":"unica-looking-at-the-sea","status":"publish","type":"product","link":"https:\/\/www.lavenderink.org\/site\/shop\/unica-looking-at-the-sea\/","title":{"rendered":"\u00danica Looking at the Sea"},"content":{"rendered":"<h3><strong>\u00danica Looking at the Sea<\/strong><\/h3>\n<h3><strong>by <a href=\"https:\/\/www.lavenderink.org\/site\/books\/fernando-contreras-castro\">Fernando Contreras Castro<\/a><\/strong><br \/>\n<strong>translated by <a href=\"https:\/\/www.lavenderink.org\/site\/books\/elaine-s-brooks\">Elaine S. Brooks<\/a><\/strong><\/h3>\n<p>ISBN: 978-1-944884-29-1 (pbk.)<br \/>\n978-1-944884-30-7 (ebook)<\/p>\n<p>January, 2018<\/p>\n<p>&nbsp;<\/p>\n<hr \/>\n<p>&nbsp;<\/p>\n<p style=\"text-align: justify;\">Inside the great landfill at R\u00edo Azul, \u00danica and her friends, her family, society&#8217;s cast-offs, struggle to survive on what those in the city throw away. This story of the &#8220;divers&#8221; (buzos), the community of Western untouchables who live in landfills and dumps, immediately made Fernando Contreras Castro famous in his native Costa Rica and around Latin America. Now available in English for the first time in Elaine S. Brooks&#8217; translation,\u00a0<strong><em>\u00danica Looking at the Sea<\/em><\/strong>\u00a0tells the story of an underclass invisible to the urban bourgeoisie who produce the trash they eke out a living from, a story\u00a0no less pertinent in the US and the rest of the English-speaking world than it is in Latin America.<\/p>\n<p>&nbsp;<\/p>\n<hr \/>\n<p>&nbsp;<\/p>\n<p style=\"text-align: justify;\">This is a novel that questions and provokes in order to compel us to see, beyond the limits of disgust and shame, who we truly are in our garbage, in our disdain.\u00a0You have to read it and reread it because it is a novel about the human condition, always oscillating between the abject and the sublime. It is a novel that moves us, that challenges us and perhaps brings us, like \u00danica, face to face with the sea, the last reflection of a possible hope.\u00a0<br \/>\n\u2014Mabel Morvillo<\/p>\n<p>&nbsp;<\/p>\n<p style=\"text-align: justify;\"><strong><em>\u00danica Looking at the Sea<\/em><\/strong>, the first novel by the Costa Rican writer Fernando Contreras Castro, has immediately assumed a position of great importance in the history of Costa Rican literature. Beginning with a space\u2014the problematic and deeply referential space of the sanitary landfill at R\u00edo Azul\u2014this work goes beyond the anecdotal to acquire the symbolic character and the critical capacity of great literary work. We can say that through this writer\u2019s ingenuity garbage is turned into literature, with the garbage dump serving as the basis for an incisive critique of modern consumer culture.\u00a0From within this grotesque, almost nonsensical, realism, moments of immense tenderness emerge, of solidarity and of human suffering. The subtle irony and sometimes cruel sarcasm recreate one of the cruelest realities in our society.\u00a0<br \/>\n\u2014Amalia Chaverri<\/p>\n<p>&nbsp;<\/p>\n<p style=\"text-align: justify;\">This is a story so truthful, so sad, so real that it slips into one\u2019s soul, and we suffer with the characters, suffer their troubles, their pain and the grief of those lives that have been discarded and found themselves in this garbage dump called R\u00edo Azul (what a pretty name for a residential neighborhood!).\u00a0This book should touch the conscience of many Costa Ricans unaware of these social realities that are very close to all of us but disregarded in our indifference and our egotism.<br \/>\n\u2014Luisa Gonz\u00e1lez<\/p>\n<p>&nbsp;<\/p>\n<p style=\"text-align: justify;\"><strong><em>\u00danica Looking at the Sea<\/em>\u00a0<\/strong>is a great achievement for its creative brilliance and for its relevance to our world, and because it succeeds in awakening in the reader the vision of what garbage signifies for those two opposing social groups: those who produce it and throw it out, and those who collect it and survive thanks to it. Foul-smelling reality.\u00a0<br \/>\n\u2014Maritza Castro<\/p>\n<p>&nbsp;<\/p>\n<p style=\"text-align: justify;\"><strong><em>\u00danica Looking at the Sea<\/em><\/strong>, the first novel by Fernando Contreras Castro, tells the story of a discarded family, a family of \u201cdivers\u201d in 1992. It contrasts the rich and the powerful\u2014the actual President, the presidential offices of Zapote, the families of the richest neighborhoods\u2014with the most despised and the poorest\u2014R\u00edo Azul and its divers\u2014, and in that discarded family there develops one of the most tender and terrible love stories I have ever read: The story of love that a woman already advanced in years, \u00danica Oconitrillo, professes for her adoptive son, Bac\u00e1n, a little boy found in the dump, and between \u00danica and Mombo\u00f1ombo Mo\u00f1a Gallo, a man that, tired of an unlivable life, decides one day \u201cto throw himself into the garbage.\u201d\u00a0<br \/>\n\u2014Anacristina Rossi\u00a0<\/p>\n<hr \/>\n<p><strong><a href=\"http:\/\/www.ticotimes.net\/2007\/08\/03\/rio-azul-dump-finally-closed\" target=\"_blank\" rel=\"noopener noreferrer\">About the Rio Azul dump<\/a>.<\/strong><\/p>\n","protected":false},"excerpt":{"rendered":"<p>Fernando Contreras Castro<br \/>\ntrans Elaine S. Brooks<br \/>\n9781944884291<br \/>\n&#8230;who we truly are in our garbage.<\/p>\n","protected":false},"featured_media":285,"comment_status":"open","ping_status":"closed","template":"","meta":{"jetpack_post_was_ever_published":false,"jetpack_publicize_message":"","jetpack_publicize_feature_enabled":true,"jetpack_social_post_already_shared":false,"jetpack_social_options":{"image_generator_settings":{"template":"highway","default_image_id":0,"font":"","enabled":false},"version":2}},"product_brand":[],"product_cat":[17],"product_tag":[179,381,181,180,45,382,30],"class_list":{"0":"post-284","1":"product","2":"type-product","3":"status-publish","4":"has-post-thumbnail","6":"product_cat-dialogos","7":"product_tag-costa-rica","8":"product_tag-ebook","9":"product_tag-elaine-s-brooks","10":"product_tag-fernando-contreras-castro","11":"product_tag-fiction","12":"product_tag-fiction-translation","13":"product_tag-spanish","15":"first","16":"instock","17":"featured","18":"taxable","19":"shipping-taxable","20":"purchasable","21":"product-type-variable","22":"has-default-attributes","23":"berocket_lgv_grid","24":"berocket_lgv_list_grid"},"yoast_head":"<!-- This site is optimized with the Yoast SEO plugin v27.0 - https:\/\/yoast.com\/product\/yoast-seo-wordpress\/ -->\n<title>\u00danica Looking at the Sea - Lavender Ink \/ Di\u00e1logos<\/title>\n<meta name=\"robots\" content=\"index, follow, max-snippet:-1, max-image-preview:large, max-video-preview:-1\" \/>\n<link rel=\"canonical\" href=\"https:\/\/www.lavenderink.org\/site\/shop\/unica-looking-at-the-sea\/\" \/>\n<meta property=\"og:locale\" content=\"en_US\" \/>\n<meta property=\"og:type\" content=\"article\" \/>\n<meta property=\"og:title\" content=\"\u00danica Looking at the Sea - Lavender Ink \/ Di\u00e1logos\" \/>\n<meta property=\"og:description\" content=\"Fernando Contreras Castro trans Elaine S. Brooks 9781944884291 ...who we truly are in our garbage.\" \/>\n<meta property=\"og:url\" content=\"https:\/\/www.lavenderink.org\/site\/shop\/unica-looking-at-the-sea\/\" \/>\n<meta property=\"og:site_name\" content=\"Lavender Ink \/ Di\u00e1logos\" \/>\n<meta property=\"article:publisher\" content=\"https:\/\/www.facebook.com\/lavenderinkdialogos\/\" \/>\n<meta property=\"article:modified_time\" content=\"2024-06-26T19:35:28+00:00\" \/>\n<meta property=\"og:image\" content=\"https:\/\/www.lavenderink.org\/site\/wp-content\/uploads\/2017\/10\/Unica-Looking-at-the-Sea.jpg\" \/>\n\t<meta property=\"og:image:width\" content=\"250\" \/>\n\t<meta property=\"og:image:height\" content=\"400\" \/>\n\t<meta property=\"og:image:type\" content=\"image\/jpeg\" \/>\n<meta name=\"twitter:card\" content=\"summary_large_image\" \/>\n<meta name=\"twitter:site\" content=\"@lavender_ink_pr\" \/>\n<meta name=\"twitter:label1\" content=\"Est. reading time\" \/>\n\t<meta name=\"twitter:data1\" content=\"3 minutes\" \/>\n<script type=\"application\/ld+json\" class=\"yoast-schema-graph\">{\"@context\":\"https:\/\/schema.org\",\"@graph\":[{\"@type\":\"WebPage\",\"@id\":\"https:\/\/www.lavenderink.org\/site\/shop\/unica-looking-at-the-sea\/\",\"url\":\"https:\/\/www.lavenderink.org\/site\/shop\/unica-looking-at-the-sea\/\",\"name\":\"\u00danica Looking at the Sea - Lavender Ink \/ Di\u00e1logos\",\"isPartOf\":{\"@id\":\"https:\/\/www.lavenderink.org\/site\/#website\"},\"primaryImageOfPage\":{\"@id\":\"https:\/\/www.lavenderink.org\/site\/shop\/unica-looking-at-the-sea\/#primaryimage\"},\"image\":{\"@id\":\"https:\/\/www.lavenderink.org\/site\/shop\/unica-looking-at-the-sea\/#primaryimage\"},\"thumbnailUrl\":\"https:\/\/www.lavenderink.org\/site\/wp-content\/uploads\/2017\/10\/Unica-Looking-at-the-Sea.jpg\",\"datePublished\":\"2017-10-30T04:57:02+00:00\",\"dateModified\":\"2024-06-26T19:35:28+00:00\",\"breadcrumb\":{\"@id\":\"https:\/\/www.lavenderink.org\/site\/shop\/unica-looking-at-the-sea\/#breadcrumb\"},\"inLanguage\":\"en-US\",\"potentialAction\":[{\"@type\":\"ReadAction\",\"target\":[\"https:\/\/www.lavenderink.org\/site\/shop\/unica-looking-at-the-sea\/\"]}]},{\"@type\":\"ImageObject\",\"inLanguage\":\"en-US\",\"@id\":\"https:\/\/www.lavenderink.org\/site\/shop\/unica-looking-at-the-sea\/#primaryimage\",\"url\":\"https:\/\/www.lavenderink.org\/site\/wp-content\/uploads\/2017\/10\/Unica-Looking-at-the-Sea.jpg\",\"contentUrl\":\"https:\/\/www.lavenderink.org\/site\/wp-content\/uploads\/2017\/10\/Unica-Looking-at-the-Sea.jpg\",\"width\":250,\"height\":400,\"caption\":\"\u00danica Looking at the Sea\"},{\"@type\":\"BreadcrumbList\",\"@id\":\"https:\/\/www.lavenderink.org\/site\/shop\/unica-looking-at-the-sea\/#breadcrumb\",\"itemListElement\":[{\"@type\":\"ListItem\",\"position\":1,\"name\":\"Home\",\"item\":\"https:\/\/www.lavenderink.org\/site\/\"},{\"@type\":\"ListItem\",\"position\":2,\"name\":\"Shop\",\"item\":\"https:\/\/www.lavenderink.org\/site\/shop\/\"},{\"@type\":\"ListItem\",\"position\":3,\"name\":\"\u00danica Looking at the Sea\"}]},{\"@type\":\"WebSite\",\"@id\":\"https:\/\/www.lavenderink.org\/site\/#website\",\"url\":\"https:\/\/www.lavenderink.org\/site\/\",\"name\":\"Lavender Ink \/ Di\u00e1logos\",\"description\":\"Publisher of Contemporary Poetry and Literary Prose\",\"publisher\":{\"@id\":\"https:\/\/www.lavenderink.org\/site\/#organization\"},\"potentialAction\":[{\"@type\":\"SearchAction\",\"target\":{\"@type\":\"EntryPoint\",\"urlTemplate\":\"https:\/\/www.lavenderink.org\/site\/?s={search_term_string}\"},\"query-input\":{\"@type\":\"PropertyValueSpecification\",\"valueRequired\":true,\"valueName\":\"search_term_string\"}}],\"inLanguage\":\"en-US\"},{\"@type\":\"Organization\",\"@id\":\"https:\/\/www.lavenderink.org\/site\/#organization\",\"name\":\"Lavender Ink \/ Di\u00e1logos\",\"url\":\"https:\/\/www.lavenderink.org\/site\/\",\"logo\":{\"@type\":\"ImageObject\",\"inLanguage\":\"en-US\",\"@id\":\"https:\/\/www.lavenderink.org\/site\/#\/schema\/logo\/image\/\",\"url\":\"https:\/\/www.lavenderink.org\/site\/wp-content\/uploads\/2018\/01\/cityscape-800.jpg\",\"contentUrl\":\"https:\/\/www.lavenderink.org\/site\/wp-content\/uploads\/2018\/01\/cityscape-800.jpg\",\"width\":800,\"height\":183,\"caption\":\"Lavender Ink \/ Di\u00e1logos\"},\"image\":{\"@id\":\"https:\/\/www.lavenderink.org\/site\/#\/schema\/logo\/image\/\"},\"sameAs\":[\"https:\/\/www.facebook.com\/lavenderinkdialogos\/\",\"https:\/\/x.com\/lavender_ink_pr\"]}]}<\/script>\n<!-- \/ Yoast SEO plugin. -->","yoast_head_json":{"title":"\u00danica Looking at the Sea - Lavender Ink \/ Di\u00e1logos","robots":{"index":"index","follow":"follow","max-snippet":"max-snippet:-1","max-image-preview":"max-image-preview:large","max-video-preview":"max-video-preview:-1"},"canonical":"https:\/\/www.lavenderink.org\/site\/shop\/unica-looking-at-the-sea\/","og_locale":"en_US","og_type":"article","og_title":"\u00danica Looking at the Sea - Lavender Ink \/ Di\u00e1logos","og_description":"Fernando Contreras Castro trans Elaine S. Brooks 9781944884291 ...who we truly are in our garbage.","og_url":"https:\/\/www.lavenderink.org\/site\/shop\/unica-looking-at-the-sea\/","og_site_name":"Lavender Ink \/ Di\u00e1logos","article_publisher":"https:\/\/www.facebook.com\/lavenderinkdialogos\/","article_modified_time":"2024-06-26T19:35:28+00:00","og_image":[{"width":250,"height":400,"url":"https:\/\/www.lavenderink.org\/site\/wp-content\/uploads\/2017\/10\/Unica-Looking-at-the-Sea.jpg","type":"image\/jpeg"}],"twitter_card":"summary_large_image","twitter_site":"@lavender_ink_pr","twitter_misc":{"Est. reading time":"3 minutes"},"schema":{"@context":"https:\/\/schema.org","@graph":[{"@type":"WebPage","@id":"https:\/\/www.lavenderink.org\/site\/shop\/unica-looking-at-the-sea\/","url":"https:\/\/www.lavenderink.org\/site\/shop\/unica-looking-at-the-sea\/","name":"\u00danica Looking at the Sea - Lavender Ink \/ Di\u00e1logos","isPartOf":{"@id":"https:\/\/www.lavenderink.org\/site\/#website"},"primaryImageOfPage":{"@id":"https:\/\/www.lavenderink.org\/site\/shop\/unica-looking-at-the-sea\/#primaryimage"},"image":{"@id":"https:\/\/www.lavenderink.org\/site\/shop\/unica-looking-at-the-sea\/#primaryimage"},"thumbnailUrl":"https:\/\/www.lavenderink.org\/site\/wp-content\/uploads\/2017\/10\/Unica-Looking-at-the-Sea.jpg","datePublished":"2017-10-30T04:57:02+00:00","dateModified":"2024-06-26T19:35:28+00:00","breadcrumb":{"@id":"https:\/\/www.lavenderink.org\/site\/shop\/unica-looking-at-the-sea\/#breadcrumb"},"inLanguage":"en-US","potentialAction":[{"@type":"ReadAction","target":["https:\/\/www.lavenderink.org\/site\/shop\/unica-looking-at-the-sea\/"]}]},{"@type":"ImageObject","inLanguage":"en-US","@id":"https:\/\/www.lavenderink.org\/site\/shop\/unica-looking-at-the-sea\/#primaryimage","url":"https:\/\/www.lavenderink.org\/site\/wp-content\/uploads\/2017\/10\/Unica-Looking-at-the-Sea.jpg","contentUrl":"https:\/\/www.lavenderink.org\/site\/wp-content\/uploads\/2017\/10\/Unica-Looking-at-the-Sea.jpg","width":250,"height":400,"caption":"\u00danica Looking at the Sea"},{"@type":"BreadcrumbList","@id":"https:\/\/www.lavenderink.org\/site\/shop\/unica-looking-at-the-sea\/#breadcrumb","itemListElement":[{"@type":"ListItem","position":1,"name":"Home","item":"https:\/\/www.lavenderink.org\/site\/"},{"@type":"ListItem","position":2,"name":"Shop","item":"https:\/\/www.lavenderink.org\/site\/shop\/"},{"@type":"ListItem","position":3,"name":"\u00danica Looking at the Sea"}]},{"@type":"WebSite","@id":"https:\/\/www.lavenderink.org\/site\/#website","url":"https:\/\/www.lavenderink.org\/site\/","name":"Lavender Ink \/ Di\u00e1logos","description":"Publisher of Contemporary Poetry and Literary Prose","publisher":{"@id":"https:\/\/www.lavenderink.org\/site\/#organization"},"potentialAction":[{"@type":"SearchAction","target":{"@type":"EntryPoint","urlTemplate":"https:\/\/www.lavenderink.org\/site\/?s={search_term_string}"},"query-input":{"@type":"PropertyValueSpecification","valueRequired":true,"valueName":"search_term_string"}}],"inLanguage":"en-US"},{"@type":"Organization","@id":"https:\/\/www.lavenderink.org\/site\/#organization","name":"Lavender Ink \/ Di\u00e1logos","url":"https:\/\/www.lavenderink.org\/site\/","logo":{"@type":"ImageObject","inLanguage":"en-US","@id":"https:\/\/www.lavenderink.org\/site\/#\/schema\/logo\/image\/","url":"https:\/\/www.lavenderink.org\/site\/wp-content\/uploads\/2018\/01\/cityscape-800.jpg","contentUrl":"https:\/\/www.lavenderink.org\/site\/wp-content\/uploads\/2018\/01\/cityscape-800.jpg","width":800,"height":183,"caption":"Lavender Ink \/ Di\u00e1logos"},"image":{"@id":"https:\/\/www.lavenderink.org\/site\/#\/schema\/logo\/image\/"},"sameAs":["https:\/\/www.facebook.com\/lavenderinkdialogos\/","https:\/\/x.com\/lavender_ink_pr"]}]}},"jetpack_publicize_connections":[],"jetpack_likes_enabled":false,"jetpack_sharing_enabled":true,"_links":{"self":[{"href":"https:\/\/www.lavenderink.org\/site\/wp-json\/wp\/v2\/product\/284","targetHints":{"allow":["GET"]}}],"collection":[{"href":"https:\/\/www.lavenderink.org\/site\/wp-json\/wp\/v2\/product"}],"about":[{"href":"https:\/\/www.lavenderink.org\/site\/wp-json\/wp\/v2\/types\/product"}],"replies":[{"embeddable":true,"href":"https:\/\/www.lavenderink.org\/site\/wp-json\/wp\/v2\/comments?post=284"}],"version-history":[{"count":0,"href":"https:\/\/www.lavenderink.org\/site\/wp-json\/wp\/v2\/product\/284\/revisions"}],"wp:featuredmedia":[{"embeddable":true,"href":"https:\/\/www.lavenderink.org\/site\/wp-json\/wp\/v2\/media\/285"}],"wp:attachment":[{"href":"https:\/\/www.lavenderink.org\/site\/wp-json\/wp\/v2\/media?parent=284"}],"wp:term":[{"taxonomy":"product_brand","embeddable":true,"href":"https:\/\/www.lavenderink.org\/site\/wp-json\/wp\/v2\/product_brand?post=284"},{"taxonomy":"product_cat","embeddable":true,"href":"https:\/\/www.lavenderink.org\/site\/wp-json\/wp\/v2\/product_cat?post=284"},{"taxonomy":"product_tag","embeddable":true,"href":"https:\/\/www.lavenderink.org\/site\/wp-json\/wp\/v2\/product_tag?post=284"}],"curies":[{"name":"wp","href":"https:\/\/api.w.org\/{rel}","templated":true}]}}