{"id":5438,"date":"2019-11-11T15:43:38","date_gmt":"2019-11-11T21:43:38","guid":{"rendered":"https:\/\/www.lavenderink.org\/site\/?post_type=product&#038;p=5438"},"modified":"2020-07-05T08:16:37","modified_gmt":"2020-07-05T13:16:37","slug":"sleepwalkers","status":"publish","type":"product","link":"https:\/\/www.lavenderink.org\/site\/shop\/sleepwalkers\/","title":{"rendered":"Sleepwalkers on a Picnic"},"content":{"rendered":"<h1><a href=\"https:\/\/www.lavenderink.org\/site\/books\/zvonko-karanovic\/\"><b>Zvonko Karanovi\u0107<\/b><\/a><\/h1>\n<h2>Translated by <a href=\"https:\/\/www.lavenderink.org\/site\/books\/biljana-d-obradovic\/\">Biljana D. Obradovi\u0107<\/a><\/h2>\n<h3>Sleepwalkers on a Picnic (Prose Poems)<\/h3>\n<p>ISBN: 978-1-944884-70-3 (pbk.)<\/p>\n<p>(January, 2020)\u00a0<\/p>\n<hr \/>\n<p>&nbsp;<\/p>\n<p><i>Sleepwalkers on a \u00a0Picnic <\/i>introduces poet Zvonko Karanovi\u0107 to English-speaking readers, and in the genre of the prose poem, which is extremely rare in the Serbian poetics. Poems in prose were historically written in the age of symbolism, expressionism and surrealism, however Karanovi\u0107&#8217;s poetics formed during the 80s, in the poetic culture of socialist Yugoslavia. His work is thus fundamentally marked\u00a0by postmodernism, as evidenced in his authorial reflexivity and problematizations of the narrator role. Perhaps more important, though, is the influence of the\u00a0Beats, from whom he inherits an anaphoric music reminiscent of Ginsberg or James Tate, whom he quotes. These poems in prose, in striking translation by Biljana D. Obradovi\u0107, have also absorbed American pop culture\u2014music and film as well as poetry\u2014and thus pay testament to our era of globalization.\u00a0Zvonko Karanovi\u0107\u2019s poems show how one exciting local poetic opus can be realized in transnational models which today we share more than ever.\u00a0<br \/>\n<b>\u2014Dubravka Djuri\u0107<\/b>, Poet, Critic, Professor, Faculty of Media and Communications, Belgrade, Serbia, co-editor, <a href=\"https:\/\/www.lavenderink.org\/site\/shop\/cat-painters-an-anthology-of-contemporary-serbian-poetry\/\"><i>Cat Painters: Anthology of Contemporary<\/i> <\/a><i><a href=\"https:\/\/www.lavenderink.org\/site\/shop\/cat-painters-an-anthology-of-contemporary-serbian-poetry\/\">Serbian Poetry<\/a> <\/i>(Di\u00e1logos, 2016).<\/p>\n<p>&nbsp;<\/p>\n<p>Imagine if James Tate\u2014master of the surreal, blackly humorous prose poem\u2014had lived through a hellish war and a repressive political regime without losing his zany wit. The outcome might well be these forty cinematic prose poems by Zvonko\u00a0Karanovi\u0107, expertly translated by the Serbian-American poet Biljana Obradovi\u0107.<br \/>\n<b>\u2014Julie Kane<\/b>, Past\u00a0Louisiana Poet Laureate, co-editor of the translation from the Lithuanian of <i>Terribly in Love: Selected Poems<\/i>, by Tautvyda Marcinkevi\u010di\u016bt\u0117<b><span class=\"Apple-converted-space\">\u00a0<\/span><\/b><\/p>\n<p>&nbsp;<\/p>\n<p>Sixty is an especially interesting age for a poet: old enough to have experienced the best and the worst the world has to offer, more than once, and too young to say enough\u2019s enough, just forget it!\u00a0 Arriving at this point in his life, Zvonko Karanovi\u0107 asks yet again the one truly essential question, Who am I?\u00a0In these sentence poems, studiously translated by Biljana Obradovi\u0107, Karanovi\u0107 offers in the third person tantalizing responses to this question: \u201cHe was more attuned to fantasy than to work, to excuses than to conflict.\u201d The dreamscapes in this book are often fantastical, peopled by unforgettable characters, and are well worth getting to know.<br \/>\n<b>\u2014Timothy Skeen<\/b>, Poet, California State University, Fresno, Professor of English, author of <i>Reward<\/i><\/p>\n<p>&nbsp;<\/p>\n<p>Cover Art: \u201cBus Full of Sleepwalkers\u201d by Simon Kastelic \u00a9 2019<\/p>\n","protected":false},"excerpt":{"rendered":"<p>Zvonko Karanovi\u0107<br \/>\n9781944884703<br \/>\nProse poems from Serbia.<\/p>\n","protected":false},"featured_media":5673,"comment_status":"open","ping_status":"closed","template":"","meta":{"jetpack_post_was_ever_published":false,"jetpack_publicize_message":"","jetpack_publicize_feature_enabled":true,"jetpack_social_post_already_shared":false,"jetpack_social_options":{"image_generator_settings":{"template":"highway","default_image_id":0,"font":"","enabled":false},"version":2}},"product_brand":[],"product_cat":[236,17],"product_tag":[283,27,18,383,26,276,347],"class_list":{"0":"post-5438","1":"product","2":"type-product","3":"status-publish","4":"has-post-thumbnail","6":"product_cat-books","7":"product_cat-dialogos","8":"product_tag-bilingual","9":"product_tag-biljana-d-obradovic","10":"product_tag-poetry","11":"product_tag-poetry-translation","12":"product_tag-serbia","13":"product_tag-serbian","14":"product_tag-zvonko-karanovic","16":"first","17":"instock","18":"featured","19":"taxable","20":"shipping-taxable","21":"purchasable","22":"product-type-simple","23":"berocket_lgv_grid","24":"berocket_lgv_list_grid"},"yoast_head":"<!-- This site is optimized with the Yoast SEO plugin v27.0 - https:\/\/yoast.com\/product\/yoast-seo-wordpress\/ -->\n<title>Sleepwalkers on a Picnic - Lavender Ink \/ Di\u00e1logos<\/title>\n<meta name=\"robots\" content=\"index, follow, max-snippet:-1, max-image-preview:large, max-video-preview:-1\" \/>\n<link rel=\"canonical\" href=\"https:\/\/www.lavenderink.org\/site\/shop\/sleepwalkers\/\" \/>\n<meta property=\"og:locale\" content=\"en_US\" \/>\n<meta property=\"og:type\" content=\"article\" \/>\n<meta property=\"og:title\" content=\"Sleepwalkers on a Picnic - Lavender Ink \/ Di\u00e1logos\" \/>\n<meta property=\"og:description\" content=\"Zvonko Karanovi\u0107 9781944884703 Prose poems from Serbia.\" \/>\n<meta property=\"og:url\" content=\"https:\/\/www.lavenderink.org\/site\/shop\/sleepwalkers\/\" \/>\n<meta property=\"og:site_name\" content=\"Lavender Ink \/ Di\u00e1logos\" \/>\n<meta property=\"article:publisher\" content=\"https:\/\/www.facebook.com\/lavenderinkdialogos\/\" \/>\n<meta property=\"article:modified_time\" content=\"2020-07-05T13:16:37+00:00\" \/>\n<meta property=\"og:image\" content=\"https:\/\/www.lavenderink.org\/site\/wp-content\/uploads\/2019\/11\/sleepwalkers-cover-500.jpg\" \/>\n\t<meta property=\"og:image:width\" content=\"500\" \/>\n\t<meta property=\"og:image:height\" content=\"753\" \/>\n\t<meta property=\"og:image:type\" content=\"image\/jpeg\" \/>\n<meta name=\"twitter:card\" content=\"summary_large_image\" \/>\n<meta name=\"twitter:site\" content=\"@lavender_ink_pr\" \/>\n<meta name=\"twitter:label1\" content=\"Est. reading time\" \/>\n\t<meta name=\"twitter:data1\" content=\"2 minutes\" \/>\n<script type=\"application\/ld+json\" class=\"yoast-schema-graph\">{\"@context\":\"https:\/\/schema.org\",\"@graph\":[{\"@type\":\"WebPage\",\"@id\":\"https:\/\/www.lavenderink.org\/site\/shop\/sleepwalkers\/\",\"url\":\"https:\/\/www.lavenderink.org\/site\/shop\/sleepwalkers\/\",\"name\":\"Sleepwalkers on a Picnic - Lavender Ink \/ Di\u00e1logos\",\"isPartOf\":{\"@id\":\"https:\/\/www.lavenderink.org\/site\/#website\"},\"primaryImageOfPage\":{\"@id\":\"https:\/\/www.lavenderink.org\/site\/shop\/sleepwalkers\/#primaryimage\"},\"image\":{\"@id\":\"https:\/\/www.lavenderink.org\/site\/shop\/sleepwalkers\/#primaryimage\"},\"thumbnailUrl\":\"https:\/\/www.lavenderink.org\/site\/wp-content\/uploads\/2019\/11\/sleepwalkers-cover-500.jpg\",\"datePublished\":\"2019-11-11T21:43:38+00:00\",\"dateModified\":\"2020-07-05T13:16:37+00:00\",\"breadcrumb\":{\"@id\":\"https:\/\/www.lavenderink.org\/site\/shop\/sleepwalkers\/#breadcrumb\"},\"inLanguage\":\"en-US\",\"potentialAction\":[{\"@type\":\"ReadAction\",\"target\":[\"https:\/\/www.lavenderink.org\/site\/shop\/sleepwalkers\/\"]}]},{\"@type\":\"ImageObject\",\"inLanguage\":\"en-US\",\"@id\":\"https:\/\/www.lavenderink.org\/site\/shop\/sleepwalkers\/#primaryimage\",\"url\":\"https:\/\/www.lavenderink.org\/site\/wp-content\/uploads\/2019\/11\/sleepwalkers-cover-500.jpg\",\"contentUrl\":\"https:\/\/www.lavenderink.org\/site\/wp-content\/uploads\/2019\/11\/sleepwalkers-cover-500.jpg\",\"width\":500,\"height\":753},{\"@type\":\"BreadcrumbList\",\"@id\":\"https:\/\/www.lavenderink.org\/site\/shop\/sleepwalkers\/#breadcrumb\",\"itemListElement\":[{\"@type\":\"ListItem\",\"position\":1,\"name\":\"Home\",\"item\":\"https:\/\/www.lavenderink.org\/site\/\"},{\"@type\":\"ListItem\",\"position\":2,\"name\":\"Shop\",\"item\":\"https:\/\/www.lavenderink.org\/site\/shop\/\"},{\"@type\":\"ListItem\",\"position\":3,\"name\":\"Sleepwalkers on a Picnic\"}]},{\"@type\":\"WebSite\",\"@id\":\"https:\/\/www.lavenderink.org\/site\/#website\",\"url\":\"https:\/\/www.lavenderink.org\/site\/\",\"name\":\"Lavender Ink \/ Di\u00e1logos\",\"description\":\"Publisher of Contemporary Poetry and Literary Prose\",\"publisher\":{\"@id\":\"https:\/\/www.lavenderink.org\/site\/#organization\"},\"potentialAction\":[{\"@type\":\"SearchAction\",\"target\":{\"@type\":\"EntryPoint\",\"urlTemplate\":\"https:\/\/www.lavenderink.org\/site\/?s={search_term_string}\"},\"query-input\":{\"@type\":\"PropertyValueSpecification\",\"valueRequired\":true,\"valueName\":\"search_term_string\"}}],\"inLanguage\":\"en-US\"},{\"@type\":\"Organization\",\"@id\":\"https:\/\/www.lavenderink.org\/site\/#organization\",\"name\":\"Lavender Ink \/ Di\u00e1logos\",\"url\":\"https:\/\/www.lavenderink.org\/site\/\",\"logo\":{\"@type\":\"ImageObject\",\"inLanguage\":\"en-US\",\"@id\":\"https:\/\/www.lavenderink.org\/site\/#\/schema\/logo\/image\/\",\"url\":\"https:\/\/www.lavenderink.org\/site\/wp-content\/uploads\/2018\/01\/cityscape-800.jpg\",\"contentUrl\":\"https:\/\/www.lavenderink.org\/site\/wp-content\/uploads\/2018\/01\/cityscape-800.jpg\",\"width\":800,\"height\":183,\"caption\":\"Lavender Ink \/ Di\u00e1logos\"},\"image\":{\"@id\":\"https:\/\/www.lavenderink.org\/site\/#\/schema\/logo\/image\/\"},\"sameAs\":[\"https:\/\/www.facebook.com\/lavenderinkdialogos\/\",\"https:\/\/x.com\/lavender_ink_pr\"]}]}<\/script>\n<!-- \/ Yoast SEO plugin. -->","yoast_head_json":{"title":"Sleepwalkers on a Picnic - Lavender Ink \/ Di\u00e1logos","robots":{"index":"index","follow":"follow","max-snippet":"max-snippet:-1","max-image-preview":"max-image-preview:large","max-video-preview":"max-video-preview:-1"},"canonical":"https:\/\/www.lavenderink.org\/site\/shop\/sleepwalkers\/","og_locale":"en_US","og_type":"article","og_title":"Sleepwalkers on a Picnic - Lavender Ink \/ Di\u00e1logos","og_description":"Zvonko Karanovi\u0107 9781944884703 Prose poems from Serbia.","og_url":"https:\/\/www.lavenderink.org\/site\/shop\/sleepwalkers\/","og_site_name":"Lavender Ink \/ Di\u00e1logos","article_publisher":"https:\/\/www.facebook.com\/lavenderinkdialogos\/","article_modified_time":"2020-07-05T13:16:37+00:00","og_image":[{"width":500,"height":753,"url":"https:\/\/www.lavenderink.org\/site\/wp-content\/uploads\/2019\/11\/sleepwalkers-cover-500.jpg","type":"image\/jpeg"}],"twitter_card":"summary_large_image","twitter_site":"@lavender_ink_pr","twitter_misc":{"Est. reading time":"2 minutes"},"schema":{"@context":"https:\/\/schema.org","@graph":[{"@type":"WebPage","@id":"https:\/\/www.lavenderink.org\/site\/shop\/sleepwalkers\/","url":"https:\/\/www.lavenderink.org\/site\/shop\/sleepwalkers\/","name":"Sleepwalkers on a Picnic - Lavender Ink \/ Di\u00e1logos","isPartOf":{"@id":"https:\/\/www.lavenderink.org\/site\/#website"},"primaryImageOfPage":{"@id":"https:\/\/www.lavenderink.org\/site\/shop\/sleepwalkers\/#primaryimage"},"image":{"@id":"https:\/\/www.lavenderink.org\/site\/shop\/sleepwalkers\/#primaryimage"},"thumbnailUrl":"https:\/\/www.lavenderink.org\/site\/wp-content\/uploads\/2019\/11\/sleepwalkers-cover-500.jpg","datePublished":"2019-11-11T21:43:38+00:00","dateModified":"2020-07-05T13:16:37+00:00","breadcrumb":{"@id":"https:\/\/www.lavenderink.org\/site\/shop\/sleepwalkers\/#breadcrumb"},"inLanguage":"en-US","potentialAction":[{"@type":"ReadAction","target":["https:\/\/www.lavenderink.org\/site\/shop\/sleepwalkers\/"]}]},{"@type":"ImageObject","inLanguage":"en-US","@id":"https:\/\/www.lavenderink.org\/site\/shop\/sleepwalkers\/#primaryimage","url":"https:\/\/www.lavenderink.org\/site\/wp-content\/uploads\/2019\/11\/sleepwalkers-cover-500.jpg","contentUrl":"https:\/\/www.lavenderink.org\/site\/wp-content\/uploads\/2019\/11\/sleepwalkers-cover-500.jpg","width":500,"height":753},{"@type":"BreadcrumbList","@id":"https:\/\/www.lavenderink.org\/site\/shop\/sleepwalkers\/#breadcrumb","itemListElement":[{"@type":"ListItem","position":1,"name":"Home","item":"https:\/\/www.lavenderink.org\/site\/"},{"@type":"ListItem","position":2,"name":"Shop","item":"https:\/\/www.lavenderink.org\/site\/shop\/"},{"@type":"ListItem","position":3,"name":"Sleepwalkers on a Picnic"}]},{"@type":"WebSite","@id":"https:\/\/www.lavenderink.org\/site\/#website","url":"https:\/\/www.lavenderink.org\/site\/","name":"Lavender Ink \/ Di\u00e1logos","description":"Publisher of Contemporary Poetry and Literary Prose","publisher":{"@id":"https:\/\/www.lavenderink.org\/site\/#organization"},"potentialAction":[{"@type":"SearchAction","target":{"@type":"EntryPoint","urlTemplate":"https:\/\/www.lavenderink.org\/site\/?s={search_term_string}"},"query-input":{"@type":"PropertyValueSpecification","valueRequired":true,"valueName":"search_term_string"}}],"inLanguage":"en-US"},{"@type":"Organization","@id":"https:\/\/www.lavenderink.org\/site\/#organization","name":"Lavender Ink \/ Di\u00e1logos","url":"https:\/\/www.lavenderink.org\/site\/","logo":{"@type":"ImageObject","inLanguage":"en-US","@id":"https:\/\/www.lavenderink.org\/site\/#\/schema\/logo\/image\/","url":"https:\/\/www.lavenderink.org\/site\/wp-content\/uploads\/2018\/01\/cityscape-800.jpg","contentUrl":"https:\/\/www.lavenderink.org\/site\/wp-content\/uploads\/2018\/01\/cityscape-800.jpg","width":800,"height":183,"caption":"Lavender Ink \/ Di\u00e1logos"},"image":{"@id":"https:\/\/www.lavenderink.org\/site\/#\/schema\/logo\/image\/"},"sameAs":["https:\/\/www.facebook.com\/lavenderinkdialogos\/","https:\/\/x.com\/lavender_ink_pr"]}]}},"jetpack_publicize_connections":[],"jetpack_likes_enabled":false,"jetpack_sharing_enabled":true,"_links":{"self":[{"href":"https:\/\/www.lavenderink.org\/site\/wp-json\/wp\/v2\/product\/5438","targetHints":{"allow":["GET"]}}],"collection":[{"href":"https:\/\/www.lavenderink.org\/site\/wp-json\/wp\/v2\/product"}],"about":[{"href":"https:\/\/www.lavenderink.org\/site\/wp-json\/wp\/v2\/types\/product"}],"replies":[{"embeddable":true,"href":"https:\/\/www.lavenderink.org\/site\/wp-json\/wp\/v2\/comments?post=5438"}],"version-history":[{"count":0,"href":"https:\/\/www.lavenderink.org\/site\/wp-json\/wp\/v2\/product\/5438\/revisions"}],"wp:featuredmedia":[{"embeddable":true,"href":"https:\/\/www.lavenderink.org\/site\/wp-json\/wp\/v2\/media\/5673"}],"wp:attachment":[{"href":"https:\/\/www.lavenderink.org\/site\/wp-json\/wp\/v2\/media?parent=5438"}],"wp:term":[{"taxonomy":"product_brand","embeddable":true,"href":"https:\/\/www.lavenderink.org\/site\/wp-json\/wp\/v2\/product_brand?post=5438"},{"taxonomy":"product_cat","embeddable":true,"href":"https:\/\/www.lavenderink.org\/site\/wp-json\/wp\/v2\/product_cat?post=5438"},{"taxonomy":"product_tag","embeddable":true,"href":"https:\/\/www.lavenderink.org\/site\/wp-json\/wp\/v2\/product_tag?post=5438"}],"curies":[{"name":"wp","href":"https:\/\/api.w.org\/{rel}","templated":true}]}}